{"id":79949,"date":"2025-07-14T15:48:30","date_gmt":"2025-07-14T12:48:30","guid":{"rendered":"https:\/\/demo8.ecube.lv\/sezona.lv\/products\/tubuss-salmo-165cm-s2165-11rt\/"},"modified":"2025-07-14T15:48:30","modified_gmt":"2025-07-14T12:48:30","slug":"tubuss-salmo-165cm-s2165-11rt","status":"publish","type":"product","link":"https:\/\/sezona.lv\/en\/products\/tubuss-salmo-165cm-s2165-11rt\/","title":{"rendered":"Tubuss Salmo 165cm ( S2165-11RT)"},"content":{"rendered":"<p>Mak&scaron;\u0137erk\u0101tu tubuss mak&scaron;\u0137eru glab\u0101&scaron;anai un transport\u0113&scaron;anai.<\/p>\n<p>Iztur\u012bgs korpuss.<\/p>\n<p>Pievienots \u0101r\u0113jais stiprin\u0101jums mak&scaron;\u0137erei vai uztveramajam t\u012bkli\u0146am.<\/p>\n<p>Regul\u0113jama plecu siksna.<\/p>\n<p>Diametrs: 11 cm.<\/p>\n<ul>\n<\/ul>\n<ul>\n<\/ul>\n<ul>\n<\/ul>\n<ul>\n<\/ul>\n<ul>\n<\/ul>\n<ul>\n<\/ul>\n<ul>\n<\/ul>\n<ul>\n<\/ul>\n<ul>\n<\/ul>\n<ul>\n<\/ul>\n<ul>\n<\/ul>\n<ul>\n<\/ul>\n<ul>\n<\/ul>\n<ul>\n<\/ul>\n<ul>\n<\/ul>\n<ul>\n<\/ul>\n<ul>\n<\/ul>\n","protected":false},"excerpt":{"rendered":"<p>Mak&scaron;\u0137erk\u0101tu tubuss mak&scaron;\u0137eru glab\u0101&scaron;anai un transport\u0113&scaron;anai. Iztur\u012bgs korpuss. Pievienots \u0101r\u0113jais stiprin\u0101jums mak&scaron;\u0137erei vai uztveramajam t\u012bkli\u0146am. Regul\u0113jama plecu siksna. Diametrs: 11 cm.<\/p>\n","protected":false},"featured_media":0,"template":"","meta":[],"product_brand":[894],"product_cat":[4538,4556,4640],"product_tag":[],"class_list":{"0":"post-79949","1":"product","2":"type-product","3":"status-publish","5":"product_brand-salmo","6":"product_cat-fishing-equipment-recreation","7":"product_cat-bags-boxes-fishing-equipment-recreation","8":"product_cat-recreation","10":"first","11":"instock","12":"shipping-taxable","13":"purchasable","14":"product-type-simple"},"_links":{"self":[{"href":"https:\/\/sezona.lv\/en\/wp-json\/wp\/v2\/product\/79949","targetHints":{"allow":["GET"]}}],"collection":[{"href":"https:\/\/sezona.lv\/en\/wp-json\/wp\/v2\/product"}],"about":[{"href":"https:\/\/sezona.lv\/en\/wp-json\/wp\/v2\/types\/product"}],"wp:attachment":[{"href":"https:\/\/sezona.lv\/en\/wp-json\/wp\/v2\/media?parent=79949"}],"wp:term":[{"taxonomy":"product_brand","embeddable":true,"href":"https:\/\/sezona.lv\/en\/wp-json\/wp\/v2\/product_brand?post=79949"},{"taxonomy":"product_cat","embeddable":true,"href":"https:\/\/sezona.lv\/en\/wp-json\/wp\/v2\/product_cat?post=79949"},{"taxonomy":"product_tag","embeddable":true,"href":"https:\/\/sezona.lv\/en\/wp-json\/wp\/v2\/product_tag?post=79949"}],"curies":[{"name":"wp","href":"https:\/\/api.w.org\/{rel}","templated":true}]}}