{"id":79950,"date":"2025-07-14T15:48:31","date_gmt":"2025-07-14T12:48:31","guid":{"rendered":"https:\/\/demo8.ecube.lv\/sezona.lv\/products\/flisa-jaka-norfin-celsius\/"},"modified":"2025-07-14T15:48:31","modified_gmt":"2025-07-14T12:48:31","slug":"flisa-jaka-norfin-celsius","status":"publish","type":"product","link":"https:\/\/sezona.lv\/en\/products\/flisa-jaka-norfin-celsius\/","title":{"rendered":"Fl\u012bsa jaka Norfin CELSIUS"},"content":{"rendered":"<div class=\"inner-content\">\n<div class=\"inner-content\">\n<div id=\"cke_pastebin\"><span>Silta jaka &ndash; \u0113rts ap\u0123\u0113rbs akt\u012bvai atp\u016btai. Univers\u0101la jaka, izgatavota no augstv\u0113rt\u012bga fl\u012bsa, labi saglab\u0101 siltumu.<\/span> <\/p>\n<ul>\n<li>Fiksators jakas regul\u0113&scaron;anai<\/li>\n<li>R\u0101v\u0113jsl\u0113dz\u0113js<\/li>\n<li>Divas s\u0101nu kabatas<\/li>\n<li>Kr\u016b&scaron;u kabata<\/li>\n<li>Materi\u0101ls NORfleece Thermo+ (100% poliesters)<\/li>\n<\/ul>\n<\/div>\n<\/div>\n<\/div>\n","protected":false},"excerpt":{"rendered":"<p>Silta jaka &ndash; \u0113rts ap\u0123\u0113rbs akt\u012bvai atp\u016btai. Univers\u0101la jaka, izgatavota no augstv\u0113rt\u012bga fl\u012bsa, labi saglab\u0101 siltumu. Fiksators jakas regul\u0113&scaron;anai R\u0101v\u0113jsl\u0113dz\u0113js Divas s\u0101nu kabatas Kr\u016b&scaron;u kabata Materi\u0101ls NORfleece Thermo+ (100% poliesters)<\/p>\n","protected":false},"featured_media":0,"template":"","meta":[],"product_brand":[899],"product_cat":[4619,4620,4640,4993],"product_tag":[],"class_list":{"0":"post-79950","1":"product","2":"type-product","3":"status-publish","5":"product_brand-norfin","6":"product_cat-winter-clothes-recreation","7":"product_cat-norfin-suits-winter-suits-for-fishing","8":"product_cat-recreation","9":"product_cat-winter-suits-for-fishing-winter-clothes-recreation","11":"first","12":"instock","13":"shipping-taxable","14":"purchasable","15":"product-type-simple"},"_links":{"self":[{"href":"https:\/\/sezona.lv\/en\/wp-json\/wp\/v2\/product\/79950","targetHints":{"allow":["GET"]}}],"collection":[{"href":"https:\/\/sezona.lv\/en\/wp-json\/wp\/v2\/product"}],"about":[{"href":"https:\/\/sezona.lv\/en\/wp-json\/wp\/v2\/types\/product"}],"wp:attachment":[{"href":"https:\/\/sezona.lv\/en\/wp-json\/wp\/v2\/media?parent=79950"}],"wp:term":[{"taxonomy":"product_brand","embeddable":true,"href":"https:\/\/sezona.lv\/en\/wp-json\/wp\/v2\/product_brand?post=79950"},{"taxonomy":"product_cat","embeddable":true,"href":"https:\/\/sezona.lv\/en\/wp-json\/wp\/v2\/product_cat?post=79950"},{"taxonomy":"product_tag","embeddable":true,"href":"https:\/\/sezona.lv\/en\/wp-json\/wp\/v2\/product_tag?post=79950"}],"curies":[{"name":"wp","href":"https:\/\/api.w.org\/{rel}","templated":true}]}}