{"id":79951,"date":"2025-07-14T15:48:32","date_gmt":"2025-07-14T12:48:32","guid":{"rendered":"https:\/\/demo8.ecube.lv\/sezona.lv\/products\/flisa-jaka-norfin-frost\/"},"modified":"2025-07-14T15:48:32","modified_gmt":"2025-07-14T12:48:32","slug":"flisa-jaka-norfin-frost","status":"publish","type":"product","link":"https:\/\/sezona.lv\/en\/products\/flisa-jaka-norfin-frost\/","title":{"rendered":"Fl\u012bsa jaka Norfin FROST"},"content":{"rendered":"<div class=\"inner-content\">\n<div class=\"inner-content\">\n<div id=\"cke_pastebin\"><span>\u0112rta un \u0101rk\u0101rt\u012bgi silta jaka, kas rad\u012bta pla&scaron;am pielietojumam atp\u016btai dab\u0101. Jaku var valk\u0101t k\u0101 virs\u0113jo sl\u0101ni, vai k\u0101 siltu vid\u0113jo sl\u0101ni, kad temperat\u016bra ir krietni zem nulles. Jaka ra\u017eota no augstv\u0113rt\u012bga sint\u0113tiska materi\u0101la, kas nodro&scaron;ina nevainojamu viegla un elpojo&scaron;a ap\u0123\u0113rba komfortu un izol\u0101ciju pat viszem\u0101kaj\u0101s temperat\u016br\u0101s.<\/span><\/div>\n<div><span><br \/><\/span><\/div>\n<div id=\"cke_pastebin\">\n<dt>JAKA:<\/dt>\n<li>Divas s\u0101nu kabatas ar r\u0101v\u0113jsl\u0113dz\u0113jiem<\/li>\n<li>Kr\u016b&scaron;u kabata<\/li>\n<li>Elast\u012bgas man&scaron;etes<\/li>\n<li>Materi\u0101ls &#8211; 100% poliesters<\/li>\n<li>Materi\u0101la svars &#8211; 340g<\/li>\n<ul>\n<\/ul>\n<\/div>\n<\/div>\n<\/div>\n","protected":false},"excerpt":{"rendered":"<p>\u0112rta un \u0101rk\u0101rt\u012bgi silta jaka, kas rad\u012bta pla&scaron;am pielietojumam atp\u016btai dab\u0101. Jaku var valk\u0101t k\u0101 virs\u0113jo sl\u0101ni, vai k\u0101 siltu vid\u0113jo sl\u0101ni, kad temperat\u016bra ir krietni zem nulles. Jaka ra\u017eota no augstv\u0113rt\u012bga sint\u0113tiska materi\u0101la, kas nodro&scaron;ina nevainojamu viegla un elpojo&scaron;a ap\u0123\u0113rba komfortu un izol\u0101ciju pat viszem\u0101kaj\u0101s temperat\u016br\u0101s. JAKA: Divas s\u0101nu kabatas ar r\u0101v\u0113jsl\u0113dz\u0113jiem Kr\u016b&scaron;u kabata [&hellip;]<\/p>\n","protected":false},"featured_media":0,"template":"","meta":[],"product_brand":[899],"product_cat":[4619,4620,4640,4993],"product_tag":[],"class_list":{"0":"post-79951","1":"product","2":"type-product","3":"status-publish","5":"product_brand-norfin","6":"product_cat-winter-clothes-recreation","7":"product_cat-norfin-suits-winter-suits-for-fishing","8":"product_cat-recreation","9":"product_cat-winter-suits-for-fishing-winter-clothes-recreation","11":"first","12":"instock","13":"shipping-taxable","14":"purchasable","15":"product-type-simple"},"_links":{"self":[{"href":"https:\/\/sezona.lv\/en\/wp-json\/wp\/v2\/product\/79951","targetHints":{"allow":["GET"]}}],"collection":[{"href":"https:\/\/sezona.lv\/en\/wp-json\/wp\/v2\/product"}],"about":[{"href":"https:\/\/sezona.lv\/en\/wp-json\/wp\/v2\/types\/product"}],"wp:attachment":[{"href":"https:\/\/sezona.lv\/en\/wp-json\/wp\/v2\/media?parent=79951"}],"wp:term":[{"taxonomy":"product_brand","embeddable":true,"href":"https:\/\/sezona.lv\/en\/wp-json\/wp\/v2\/product_brand?post=79951"},{"taxonomy":"product_cat","embeddable":true,"href":"https:\/\/sezona.lv\/en\/wp-json\/wp\/v2\/product_cat?post=79951"},{"taxonomy":"product_tag","embeddable":true,"href":"https:\/\/sezona.lv\/en\/wp-json\/wp\/v2\/product_tag?post=79951"}],"curies":[{"name":"wp","href":"https:\/\/api.w.org\/{rel}","templated":true}]}}