{"id":79952,"date":"2025-07-11T17:16:56","date_gmt":"2025-07-11T14:16:56","guid":{"rendered":"https:\/\/demo8.ecube.lv\/sezona.lv\/products\/ziemas-zabaki-norfin-avalanche\/"},"modified":"2025-07-14T15:48:32","modified_gmt":"2025-07-14T12:48:32","slug":"ziemas-zabaki-norfin-avalanche","status":"publish","type":"product","link":"https:\/\/sezona.lv\/en\/products\/ziemas-zabaki-norfin-avalanche\/","title":{"rendered":"Ziemas z\u0101baki Norfin AVALANCHE"},"content":{"rendered":"<p>Ziemas z\u0101baki Norfin AVALANCHE.<\/p>\n<p><span>Ziemas z\u0101baki NORFIN Avalanche ir viegli apavi univers\u0101lai lieto&scaron;anai. Ide\u0101li der gan mak&scaron;\u0137er\u0113&scaron;anai, gan med\u012bb\u0101m un akt\u012bvai atp\u016btai. Pateicoties neilona un EVA materi\u0101liem Norfin Avalanche modelis ir viegls, labi novada mitrumu un \u013cauj br\u012bvi kust\u0113ties. Ieteicams lietot temperat\u016br\u0101s l\u012bdz -40 C.<\/span><\/p>\n<ul>\n<li>Tr\u012bsk\u0101rt\u012bgs, 10 mm biezs ieliktnis nodro&scaron;ina nep\u0101rsp\u0113jamu termoizol\u0101ciju<\/li>\n<li>Poliestera 200G iek&scaron;\u0113j\u0101 k\u0101rta uzs\u016bc mitrumu<\/li>\n<li>Siltumu atstarojo&scaron;a folija aiztur aukstumu un uztur \u0137erme\u0146a siltumu<\/li>\n<li>Fl\u012bsa k\u0101rta aiztur silto gaisu un nodro&scaron;ina nep\u0101rsp\u0113jamu termoizol\u0101ciju<\/li>\n<li>Savelkama sniega man&scaron;ete<\/li>\n<li>Materi\u0101li: Stulms: 1200D neilons, Zole: EVA, gumija, Siltin\u0101jums: poliesters, follija<\/li>\n<\/ul>\n","protected":false},"excerpt":{"rendered":"<p>Ziemas z\u0101baki Norfin AVALANCHE. Ziemas z\u0101baki NORFIN Avalanche ir viegli apavi univers\u0101lai lieto&scaron;anai. Ide\u0101li der gan mak&scaron;\u0137er\u0113&scaron;anai, gan med\u012bb\u0101m un akt\u012bvai atp\u016btai. Pateicoties neilona un EVA materi\u0101liem Norfin Avalanche modelis ir viegls, labi novada mitrumu un \u013cauj br\u012bvi kust\u0113ties. Ieteicams lietot temperat\u016br\u0101s l\u012bdz -40 C. Tr\u012bsk\u0101rt\u012bgs, 10 mm biezs ieliktnis nodro&scaron;ina nep\u0101rsp\u0113jamu termoizol\u0101ciju Poliestera 200G [&hellip;]<\/p>\n","protected":false},"featured_media":107103,"template":"","meta":[],"product_brand":[899],"product_cat":[4615],"product_tag":[],"class_list":{"0":"post-79952","1":"product","2":"type-product","3":"status-publish","4":"has-post-thumbnail","6":"product_brand-norfin","7":"product_cat-winter-boots-recreation","9":"first","10":"instock","11":"shipping-taxable","12":"purchasable","13":"product-type-variable"},"_links":{"self":[{"href":"https:\/\/sezona.lv\/en\/wp-json\/wp\/v2\/product\/79952","targetHints":{"allow":["GET"]}}],"collection":[{"href":"https:\/\/sezona.lv\/en\/wp-json\/wp\/v2\/product"}],"about":[{"href":"https:\/\/sezona.lv\/en\/wp-json\/wp\/v2\/types\/product"}],"wp:featuredmedia":[{"embeddable":true,"href":"https:\/\/sezona.lv\/en\/wp-json\/wp\/v2\/media\/107103"}],"wp:attachment":[{"href":"https:\/\/sezona.lv\/en\/wp-json\/wp\/v2\/media?parent=79952"}],"wp:term":[{"taxonomy":"product_brand","embeddable":true,"href":"https:\/\/sezona.lv\/en\/wp-json\/wp\/v2\/product_brand?post=79952"},{"taxonomy":"product_cat","embeddable":true,"href":"https:\/\/sezona.lv\/en\/wp-json\/wp\/v2\/product_cat?post=79952"},{"taxonomy":"product_tag","embeddable":true,"href":"https:\/\/sezona.lv\/en\/wp-json\/wp\/v2\/product_tag?post=79952"}],"curies":[{"name":"wp","href":"https:\/\/api.w.org\/{rel}","templated":true}]}}