{"id":79953,"date":"2025-07-11T17:16:59","date_gmt":"2025-07-11T14:16:59","guid":{"rendered":"https:\/\/demo8.ecube.lv\/sezona.lv\/products\/nextorch-trek-star-pieres-lukturis\/"},"modified":"2025-07-14T15:48:35","modified_gmt":"2025-07-14T12:48:35","slug":"nextorch-trek-star-pieres-lukturis","status":"publish","type":"product","link":"https:\/\/sezona.lv\/en\/products\/nextorch-trek-star-pieres-lukturis\/","title":{"rendered":"Nextorch Trek Star pieres lukturis"},"content":{"rendered":"<p>Nextorch Trek Star pieres lukturis.<\/p>\n<p><span>&Scaron;is LED lukturis ar 5 da\u017e\u0101diem apgaismojuma re\u017e\u012bmiem un l\u012bdz 220 lumeniem ir \u012bpa&scaron;i izstr\u0101d\u0101ts p\u0101rg\u0101jieniem, alp\u012bnismam, kempingam, mak&scaron;\u0137er\u0113&scaron;anai un cit\u0101m ikdienas aktivit\u0101t\u0113m. Lukturis sver uz pusi maz\u0101k sal\u012bdzin\u0101jum\u0101 ar citiem standarta pieres lukturiem un pied\u0101v\u0101 piecus da\u017e\u0101dus apgaismojuma re\u017e\u012bmus (Max \/ Normal \/ Low \/ Red \/ SOS). Pateicoties viedajai atmi\u0146ai, TrekStar autom\u0101tiski iegaum\u0113 bie\u017eak lietoto apgaismojuma re\u017e\u012bmu. TrekStar LED lukturis ir ide\u0101la izv\u0113le kempingam, trekingam vai r\u016bpnieciskai izmanto&scaron;anai. Pateicoties IPX4 standartam, t\u0101 korpuss ir piln\u012bb\u0101 mitrumiztur\u012bgs. Viszem\u0101kaj\u0101 apgaismojum\u0101 TrekStar ir ide\u0101li piem\u0113rots maigai las\u012b&scaron;anai tums\u0101, nep\u0101rslogojot acis.<\/span><\/p>\n<p><span>Specifik\u0101cija<\/span><\/p>\n<li>Gaismas diode: 1 x CREE&reg; LED balt\u0101 kr\u0101s\u0101, 2 x sarkan\u0101s gaismas diodes<\/li>\n<li>Garums: 5,2 cm<\/li>\n<li>Diametrs: 3,2 cm<\/li>\n<li>Svars: 49 g (bez baterij\u0101m):<\/li>\n<li>Gaismas staru att\u0101lums: 73 m<\/li>\n<li>Spo\u017eums: 220 lumeni (maks.)<\/li>\n<li>\u016adens dro&scaron;a konstrukcija IPX-4<\/li>\n<p><span>Re\u017e\u012bmam \/ spo\u017eums \/ akumulatora darb\u012bbas laiks<\/span><\/p>\n<li>Augsts \/ 220 l\u016bmeni \/ l\u012bdz 2 stund\u0101m 30 min\u016bt\u0113m<\/li>\n<li>Vid\u0113js \/ 125 l\u016bmeni \/ l\u012bdz 9 stund\u0101m<\/li>\n<li>Zems \/ 9 l\u016bmeni \/ l\u012bdz 98 stund\u0101m<\/li>\n<li>Sarkan\u0101 gaisma vai SOS sign\u0101ls\/ 2 l\u016bmeni \/ l\u012bdz 92 stund\u0101m<\/li>\n<div class=\"ty-product-feature-group\"><\/div>\n","protected":false},"excerpt":{"rendered":"<p>Nextorch Trek Star pieres lukturis. &Scaron;is LED lukturis ar 5 da\u017e\u0101diem apgaismojuma re\u017e\u012bmiem un l\u012bdz 220 lumeniem ir \u012bpa&scaron;i izstr\u0101d\u0101ts p\u0101rg\u0101jieniem, alp\u012bnismam, kempingam, mak&scaron;\u0137er\u0113&scaron;anai un cit\u0101m ikdienas aktivit\u0101t\u0113m. Lukturis sver uz pusi maz\u0101k sal\u012bdzin\u0101jum\u0101 ar citiem standarta pieres lukturiem un pied\u0101v\u0101 piecus da\u017e\u0101dus apgaismojuma re\u017e\u012bmus (Max \/ Normal \/ Low \/ Red \/ SOS). Pateicoties [&hellip;]<\/p>\n","protected":false},"featured_media":74415,"template":"","meta":[],"product_brand":[],"product_cat":[4558,4572],"product_tag":[],"class_list":{"0":"post-79953","1":"product","2":"type-product","3":"status-publish","4":"has-post-thumbnail","6":"product_cat-for-tourism-recreation","7":"product_cat-lights-for-tourism-recreation","9":"first","10":"instock","11":"shipping-taxable","12":"purchasable","13":"product-type-simple"},"_links":{"self":[{"href":"https:\/\/sezona.lv\/en\/wp-json\/wp\/v2\/product\/79953","targetHints":{"allow":["GET"]}}],"collection":[{"href":"https:\/\/sezona.lv\/en\/wp-json\/wp\/v2\/product"}],"about":[{"href":"https:\/\/sezona.lv\/en\/wp-json\/wp\/v2\/types\/product"}],"wp:featuredmedia":[{"embeddable":true,"href":"https:\/\/sezona.lv\/en\/wp-json\/wp\/v2\/media\/74415"}],"wp:attachment":[{"href":"https:\/\/sezona.lv\/en\/wp-json\/wp\/v2\/media?parent=79953"}],"wp:term":[{"taxonomy":"product_brand","embeddable":true,"href":"https:\/\/sezona.lv\/en\/wp-json\/wp\/v2\/product_brand?post=79953"},{"taxonomy":"product_cat","embeddable":true,"href":"https:\/\/sezona.lv\/en\/wp-json\/wp\/v2\/product_cat?post=79953"},{"taxonomy":"product_tag","embeddable":true,"href":"https:\/\/sezona.lv\/en\/wp-json\/wp\/v2\/product_tag?post=79953"}],"curies":[{"name":"wp","href":"https:\/\/api.w.org\/{rel}","templated":true}]}}