{"id":79954,"date":"2025-07-14T15:48:36","date_gmt":"2025-07-14T12:48:36","guid":{"rendered":"https:\/\/demo8.ecube.lv\/sezona.lv\/products\/salmo-aukla-monofila-ziemas-elite-redmaster\/"},"modified":"2025-07-14T15:48:36","modified_gmt":"2025-07-14T12:48:36","slug":"salmo-aukla-monofila-ziemas-elite-redmaster","status":"publish","type":"product","link":"https:\/\/sezona.lv\/en\/products\/salmo-aukla-monofila-ziemas-elite-redmaster\/","title":{"rendered":"Salmo aukla monof\u012bl\u0101 ziemas Elite REDMASTER"},"content":{"rendered":"<p>Salmo aukla monof\u012bl\u0101 ziemas Elite REDMASTER.<\/p>\n<p><span>Kvalitat\u012bva ziemas mak&scaron;\u0137eraukla sarkan\u0101 kr\u0101s\u0101. P\u0113t\u012bjumi ir pier\u0101d\u012bju&scaron;i, ka sarkana aukla nesamazina copju bie\u017eumu, tom\u0113r t\u0101 ir labi redzama mak&scaron;\u0137erniekam uz ledus un snieg\u0101. &Scaron;ai auklai piem\u012bt augsta iztur\u012bba un elast\u012bba, palielin\u0101ta nodilumiztu\u012bba, gluda virsma un zems &#8220;atmi\u0146as&#8221; koeficients.<\/span><\/p>\n<p>30 metri.<\/p>\n","protected":false},"excerpt":{"rendered":"<p>Salmo aukla monof\u012bl\u0101 ziemas Elite REDMASTER. Kvalitat\u012bva ziemas mak&scaron;\u0137eraukla sarkan\u0101 kr\u0101s\u0101. P\u0113t\u012bjumi ir pier\u0101d\u012bju&scaron;i, ka sarkana aukla nesamazina copju bie\u017eumu, tom\u0113r t\u0101 ir labi redzama mak&scaron;\u0137erniekam uz ledus un snieg\u0101. &Scaron;ai auklai piem\u012bt augsta iztur\u012bba un elast\u012bba, palielin\u0101ta nodilumiztu\u012bba, gluda virsma un zems &#8220;atmi\u0146as&#8221; koeficients. 30 metri.<\/p>\n","protected":false},"featured_media":0,"template":"","meta":[],"product_brand":[894],"product_cat":[4585,4640,4988],"product_tag":[],"class_list":{"0":"post-79954","1":"product","2":"type-product","3":"status-publish","5":"product_brand-salmo","6":"product_cat-winter-fishing-equipment-recreation","7":"product_cat-recreation","8":"product_cat-winter-cords-winter-fishing-equipment-recreation","10":"first","11":"instock","12":"shipping-taxable","13":"purchasable","14":"product-type-simple"},"_links":{"self":[{"href":"https:\/\/sezona.lv\/en\/wp-json\/wp\/v2\/product\/79954","targetHints":{"allow":["GET"]}}],"collection":[{"href":"https:\/\/sezona.lv\/en\/wp-json\/wp\/v2\/product"}],"about":[{"href":"https:\/\/sezona.lv\/en\/wp-json\/wp\/v2\/types\/product"}],"wp:attachment":[{"href":"https:\/\/sezona.lv\/en\/wp-json\/wp\/v2\/media?parent=79954"}],"wp:term":[{"taxonomy":"product_brand","embeddable":true,"href":"https:\/\/sezona.lv\/en\/wp-json\/wp\/v2\/product_brand?post=79954"},{"taxonomy":"product_cat","embeddable":true,"href":"https:\/\/sezona.lv\/en\/wp-json\/wp\/v2\/product_cat?post=79954"},{"taxonomy":"product_tag","embeddable":true,"href":"https:\/\/sezona.lv\/en\/wp-json\/wp\/v2\/product_tag?post=79954"}],"curies":[{"name":"wp","href":"https:\/\/api.w.org\/{rel}","templated":true}]}}