{"id":79955,"date":"2025-07-14T15:48:37","date_gmt":"2025-07-14T12:48:37","guid":{"rendered":"https:\/\/demo8.ecube.lv\/sezona.lv\/products\/salmo-aukla-monofila-ziemas-elite-sinkmaster\/"},"modified":"2025-07-14T15:48:37","modified_gmt":"2025-07-14T12:48:37","slug":"salmo-aukla-monofila-ziemas-elite-sinkmaster","status":"publish","type":"product","link":"https:\/\/sezona.lv\/en\/products\/salmo-aukla-monofila-ziemas-elite-sinkmaster\/","title":{"rendered":"Salmo aukla monof\u012bl\u0101 ziemas Elite SINKMASTER"},"content":{"rendered":"<p>Salmo aukla monof\u012bl\u0101 ziemas Elite SINKMASTER.<\/p>\n<p><span>Grimsto&scaron;a ziemas aukla, izgatavota no jap\u0101\u0146u materi\u0101la. &Scaron;\u012bs auklas priek&scaron;roc\u012bba ir augst\u0101 iztur\u012bba un elast\u012bba, palielin\u0101t\u0101 j\u016bt\u012bba, glud\u0101 virsma un zemais &#8220;atmi\u0146as&#8221; koeficients.<\/span><\/p>\n<p>30 metri.<\/p>\n","protected":false},"excerpt":{"rendered":"<p>Salmo aukla monof\u012bl\u0101 ziemas Elite SINKMASTER. Grimsto&scaron;a ziemas aukla, izgatavota no jap\u0101\u0146u materi\u0101la. &Scaron;\u012bs auklas priek&scaron;roc\u012bba ir augst\u0101 iztur\u012bba un elast\u012bba, palielin\u0101t\u0101 j\u016bt\u012bba, glud\u0101 virsma un zemais &#8220;atmi\u0146as&#8221; koeficients. 30 metri.<\/p>\n","protected":false},"featured_media":0,"template":"","meta":[],"product_brand":[894],"product_cat":[4585,4640,4988],"product_tag":[],"class_list":{"0":"post-79955","1":"product","2":"type-product","3":"status-publish","5":"product_brand-salmo","6":"product_cat-winter-fishing-equipment-recreation","7":"product_cat-recreation","8":"product_cat-winter-cords-winter-fishing-equipment-recreation","10":"first","11":"instock","12":"shipping-taxable","13":"purchasable","14":"product-type-simple"},"_links":{"self":[{"href":"https:\/\/sezona.lv\/en\/wp-json\/wp\/v2\/product\/79955","targetHints":{"allow":["GET"]}}],"collection":[{"href":"https:\/\/sezona.lv\/en\/wp-json\/wp\/v2\/product"}],"about":[{"href":"https:\/\/sezona.lv\/en\/wp-json\/wp\/v2\/types\/product"}],"wp:attachment":[{"href":"https:\/\/sezona.lv\/en\/wp-json\/wp\/v2\/media?parent=79955"}],"wp:term":[{"taxonomy":"product_brand","embeddable":true,"href":"https:\/\/sezona.lv\/en\/wp-json\/wp\/v2\/product_brand?post=79955"},{"taxonomy":"product_cat","embeddable":true,"href":"https:\/\/sezona.lv\/en\/wp-json\/wp\/v2\/product_cat?post=79955"},{"taxonomy":"product_tag","embeddable":true,"href":"https:\/\/sezona.lv\/en\/wp-json\/wp\/v2\/product_tag?post=79955"}],"curies":[{"name":"wp","href":"https:\/\/api.w.org\/{rel}","templated":true}]}}