{"id":79956,"date":"2025-07-14T15:48:38","date_gmt":"2025-07-14T12:48:38","guid":{"rendered":"https:\/\/demo8.ecube.lv\/sezona.lv\/products\/salmo-aukla-monofila-ziemas-elite-blackmaster\/"},"modified":"2025-07-14T15:48:38","modified_gmt":"2025-07-14T12:48:38","slug":"salmo-aukla-monofila-ziemas-elite-blackmaster","status":"publish","type":"product","link":"https:\/\/sezona.lv\/en\/products\/salmo-aukla-monofila-ziemas-elite-blackmaster\/","title":{"rendered":"Salmo aukla monof\u012bl\u0101 ziemas Elite BLACKMASTER"},"content":{"rendered":"<p>Salmo aukla monof\u012bl\u0101 ziemas Elite BLACKMASTER.<\/p>\n<p><span>Kvalitat\u012bva ziemas mak&scaron;\u0137eraukla meln\u0101 kr\u0101s\u0101. Meln\u0101 kr\u0101sa ir labi redzama uz ledus un snieg\u0101 &#8211; &scaron;\u012bs auklas \u012bpa&scaron;\u012bbas b\u016bs patiesi noder\u012bgas stipr\u0101 v\u0113j\u0101, sniegputen\u012b, mak&scaron;\u0137er\u0113jot liel\u0101 dzi\u013cum\u0101, k\u0101 ar\u012b sekl\u0101 \u016bden\u012b, jo t\u0101 lieliski sapl\u016bd\u012bs ar zem\u016bdens augiem. Auklai piem\u012bt zems stiep&scaron;an\u0101s koeficients, t\u0101d\u0113\u013c t\u0101 ir ieteicama copei ar balansieriem un b\u013citk\u0101m, k\u0101 ar\u012b ar ziemas f\u012bderi. Aukla ra\u017eota Jap\u0101n\u0101, uzt\u012bta uz spol\u012btes Latvij\u0101.<\/span><\/p>\n<ul>\n<li>Lieliski redzama uz ledus un snieg\u0101<\/li>\n<li>Palielin\u0101ta nodilumiztur\u012bba<\/li>\n<li>Augsta iztur\u012bba<\/li>\n<li>\u013boti j\u016bt\u012bga<\/li>\n<\/ul>\n<p>30 metri.<\/p>\n","protected":false},"excerpt":{"rendered":"<p>Salmo aukla monof\u012bl\u0101 ziemas Elite BLACKMASTER. Kvalitat\u012bva ziemas mak&scaron;\u0137eraukla meln\u0101 kr\u0101s\u0101. Meln\u0101 kr\u0101sa ir labi redzama uz ledus un snieg\u0101 &#8211; &scaron;\u012bs auklas \u012bpa&scaron;\u012bbas b\u016bs patiesi noder\u012bgas stipr\u0101 v\u0113j\u0101, sniegputen\u012b, mak&scaron;\u0137er\u0113jot liel\u0101 dzi\u013cum\u0101, k\u0101 ar\u012b sekl\u0101 \u016bden\u012b, jo t\u0101 lieliski sapl\u016bd\u012bs ar zem\u016bdens augiem. Auklai piem\u012bt zems stiep&scaron;an\u0101s koeficients, t\u0101d\u0113\u013c t\u0101 ir ieteicama copei ar [&hellip;]<\/p>\n","protected":false},"featured_media":0,"template":"","meta":[],"product_brand":[894],"product_cat":[4585,4640,4988],"product_tag":[],"class_list":{"0":"post-79956","1":"product","2":"type-product","3":"status-publish","5":"product_brand-salmo","6":"product_cat-winter-fishing-equipment-recreation","7":"product_cat-recreation","8":"product_cat-winter-cords-winter-fishing-equipment-recreation","10":"first","11":"instock","12":"shipping-taxable","13":"purchasable","14":"product-type-simple"},"_links":{"self":[{"href":"https:\/\/sezona.lv\/en\/wp-json\/wp\/v2\/product\/79956","targetHints":{"allow":["GET"]}}],"collection":[{"href":"https:\/\/sezona.lv\/en\/wp-json\/wp\/v2\/product"}],"about":[{"href":"https:\/\/sezona.lv\/en\/wp-json\/wp\/v2\/types\/product"}],"wp:attachment":[{"href":"https:\/\/sezona.lv\/en\/wp-json\/wp\/v2\/media?parent=79956"}],"wp:term":[{"taxonomy":"product_brand","embeddable":true,"href":"https:\/\/sezona.lv\/en\/wp-json\/wp\/v2\/product_brand?post=79956"},{"taxonomy":"product_cat","embeddable":true,"href":"https:\/\/sezona.lv\/en\/wp-json\/wp\/v2\/product_cat?post=79956"},{"taxonomy":"product_tag","embeddable":true,"href":"https:\/\/sezona.lv\/en\/wp-json\/wp\/v2\/product_tag?post=79956"}],"curies":[{"name":"wp","href":"https:\/\/api.w.org\/{rel}","templated":true}]}}