{"id":79957,"date":"2025-07-14T15:48:39","date_gmt":"2025-07-14T12:48:39","guid":{"rendered":"https:\/\/demo8.ecube.lv\/sezona.lv\/products\/salmo-aukla-monofila-ziemas-ice-period-fluoro-coated\/"},"modified":"2025-07-14T15:48:39","modified_gmt":"2025-07-14T12:48:39","slug":"salmo-aukla-monofila-ziemas-ice-period-fluoro-coated","status":"publish","type":"product","link":"https:\/\/sezona.lv\/en\/products\/salmo-aukla-monofila-ziemas-ice-period-fluoro-coated\/","title":{"rendered":"Salmo aukla monof\u012bl\u0101 ziemas ICE PERIOD FLUORO COATED"},"content":{"rendered":"<p>Salmo aukla monof\u012bl\u0101 ziemas ICE PERIOD FLUORO COATED.<\/p>\n<p><span>Monof\u012bl\u0101 ziemas aukla ar flurokarbona p\u0101rkl\u0101jumu. Iztur\u012bga, praktiski neredzama \u016bden\u012b, ar palielin\u0101tu nodilumiztur\u012bbu uz zemu stiep&scaron;an\u0101s koeficientu.<\/span><\/p>\n<p>30 metri.<\/p>\n","protected":false},"excerpt":{"rendered":"<p>Salmo aukla monof\u012bl\u0101 ziemas ICE PERIOD FLUORO COATED. Monof\u012bl\u0101 ziemas aukla ar flurokarbona p\u0101rkl\u0101jumu. Iztur\u012bga, praktiski neredzama \u016bden\u012b, ar palielin\u0101tu nodilumiztur\u012bbu uz zemu stiep&scaron;an\u0101s koeficientu. 30 metri.<\/p>\n","protected":false},"featured_media":0,"template":"","meta":[],"product_brand":[894],"product_cat":[4585,4640,4988],"product_tag":[],"class_list":{"0":"post-79957","1":"product","2":"type-product","3":"status-publish","5":"product_brand-salmo","6":"product_cat-winter-fishing-equipment-recreation","7":"product_cat-recreation","8":"product_cat-winter-cords-winter-fishing-equipment-recreation","10":"first","11":"instock","12":"shipping-taxable","13":"purchasable","14":"product-type-simple"},"_links":{"self":[{"href":"https:\/\/sezona.lv\/en\/wp-json\/wp\/v2\/product\/79957","targetHints":{"allow":["GET"]}}],"collection":[{"href":"https:\/\/sezona.lv\/en\/wp-json\/wp\/v2\/product"}],"about":[{"href":"https:\/\/sezona.lv\/en\/wp-json\/wp\/v2\/types\/product"}],"wp:attachment":[{"href":"https:\/\/sezona.lv\/en\/wp-json\/wp\/v2\/media?parent=79957"}],"wp:term":[{"taxonomy":"product_brand","embeddable":true,"href":"https:\/\/sezona.lv\/en\/wp-json\/wp\/v2\/product_brand?post=79957"},{"taxonomy":"product_cat","embeddable":true,"href":"https:\/\/sezona.lv\/en\/wp-json\/wp\/v2\/product_cat?post=79957"},{"taxonomy":"product_tag","embeddable":true,"href":"https:\/\/sezona.lv\/en\/wp-json\/wp\/v2\/product_tag?post=79957"}],"curies":[{"name":"wp","href":"https:\/\/api.w.org\/{rel}","templated":true}]}}