{"id":79960,"date":"2025-07-14T15:48:41","date_gmt":"2025-07-14T12:48:41","guid":{"rendered":"https:\/\/demo8.ecube.lv\/sezona.lv\/products\/aprikots-udas-komplekts\/"},"modified":"2025-07-14T15:48:41","modified_gmt":"2025-07-14T12:48:41","slug":"aprikots-udas-komplekts","status":"publish","type":"product","link":"https:\/\/sezona.lv\/en\/products\/aprikots-udas-komplekts\/","title":{"rendered":"Apr\u012bkots \u016bdas komplekts"},"content":{"rendered":"<p><span>Apr\u012bkots \u016bdas komplekts. Gatavs lieto&scaron;anai. Komplekt\u0101 ietilpst &#8211; monof\u012bl\u0101 aukla, svins, pavadi\u0146a un div\u017euburu \u0101\u0137is. Augstums &#8211; 28cm, spol\u012btes diametrs &#8211; 70mm.<\/span><\/p>\n","protected":false},"excerpt":{"rendered":"<p>Apr\u012bkots \u016bdas komplekts. Gatavs lieto&scaron;anai. Komplekt\u0101 ietilpst &#8211; monof\u012bl\u0101 aukla, svins, pavadi\u0146a un div\u017euburu \u0101\u0137is. Augstums &#8211; 28cm, spol\u012btes diametrs &#8211; 70mm.<\/p>\n","protected":false},"featured_media":0,"template":"","meta":[],"product_brand":[],"product_cat":[4585,4613,4640],"product_tag":[],"class_list":{"0":"post-79960","1":"product","2":"type-product","3":"status-publish","5":"product_cat-winter-fishing-equipment-recreation","6":"product_cat-ice-drills-and-accessories-winter-fishing-equipment-recreation","7":"product_cat-recreation","9":"first","10":"instock","11":"shipping-taxable","12":"purchasable","13":"product-type-simple"},"_links":{"self":[{"href":"https:\/\/sezona.lv\/en\/wp-json\/wp\/v2\/product\/79960","targetHints":{"allow":["GET"]}}],"collection":[{"href":"https:\/\/sezona.lv\/en\/wp-json\/wp\/v2\/product"}],"about":[{"href":"https:\/\/sezona.lv\/en\/wp-json\/wp\/v2\/types\/product"}],"wp:attachment":[{"href":"https:\/\/sezona.lv\/en\/wp-json\/wp\/v2\/media?parent=79960"}],"wp:term":[{"taxonomy":"product_brand","embeddable":true,"href":"https:\/\/sezona.lv\/en\/wp-json\/wp\/v2\/product_brand?post=79960"},{"taxonomy":"product_cat","embeddable":true,"href":"https:\/\/sezona.lv\/en\/wp-json\/wp\/v2\/product_cat?post=79960"},{"taxonomy":"product_tag","embeddable":true,"href":"https:\/\/sezona.lv\/en\/wp-json\/wp\/v2\/product_tag?post=79960"}],"curies":[{"name":"wp","href":"https:\/\/api.w.org\/{rel}","templated":true}]}}