{"id":79966,"date":"2025-07-14T15:48:46","date_gmt":"2025-07-14T12:48:46","guid":{"rendered":"https:\/\/demo8.ecube.lv\/sezona.lv\/products\/mil-tec-nerusejosa-terauda-trauku-komplekts-14664800\/"},"modified":"2025-07-14T15:48:46","modified_gmt":"2025-07-14T12:48:46","slug":"mil-tec-nerusejosa-terauda-trauku-komplekts-14664800","status":"publish","type":"product","link":"https:\/\/sezona.lv\/en\/products\/mil-tec-nerusejosa-terauda-trauku-komplekts-14664800\/","title":{"rendered":"Mil Tec ner\u016bs\u0113jo\u0161\u0101 t\u0113rauda trauku komplekts 14664800"},"content":{"rendered":"<p><span>Stainless Steel<\/span><br \/><span>Pack size: 10 x 15,5 cm<\/span><br \/><span>Weight: 627 g<\/span><\/p>\n<p><span>&#8211; reproduction of the Czech mess kit in s\/steel version<\/span><br \/><span>&#8211; consists of two pans and one lid which can be also used as plate<\/span><br \/><span>&#8211; space-saving and practical<\/span><br \/><span>&#8211; foldable handles<\/span><br \/><span>&#8211; compact pack size &#8211; pans stackable into one another<\/span><br \/><span>&#8211; including mesh bag<\/span><\/p>\n","protected":false},"excerpt":{"rendered":"<p>Stainless SteelPack size: 10 x 15,5 cmWeight: 627 g &#8211; reproduction of the Czech mess kit in s\/steel version&#8211; consists of two pans and one lid which can be also used as plate&#8211; space-saving and practical&#8211; foldable handles&#8211; compact pack size &#8211; pans stackable into one another&#8211; including mesh bag<\/p>\n","protected":false},"featured_media":0,"template":"","meta":[],"product_brand":[3390],"product_cat":[4558,4571,4640,4736],"product_tag":[],"class_list":{"0":"post-79966","1":"product","2":"type-product","3":"status-publish","5":"product_brand-mil-tec","6":"product_cat-for-tourism-recreation","7":"product_cat-dishes-knives-folding-tables-for-tourism-recreation","8":"product_cat-recreation","9":"product_cat-stainless-steel-dishes-dishes-knives-folding-tables-for-tourism-recreation","11":"first","12":"instock","13":"shipping-taxable","14":"purchasable","15":"product-type-simple"},"_links":{"self":[{"href":"https:\/\/sezona.lv\/en\/wp-json\/wp\/v2\/product\/79966","targetHints":{"allow":["GET"]}}],"collection":[{"href":"https:\/\/sezona.lv\/en\/wp-json\/wp\/v2\/product"}],"about":[{"href":"https:\/\/sezona.lv\/en\/wp-json\/wp\/v2\/types\/product"}],"wp:attachment":[{"href":"https:\/\/sezona.lv\/en\/wp-json\/wp\/v2\/media?parent=79966"}],"wp:term":[{"taxonomy":"product_brand","embeddable":true,"href":"https:\/\/sezona.lv\/en\/wp-json\/wp\/v2\/product_brand?post=79966"},{"taxonomy":"product_cat","embeddable":true,"href":"https:\/\/sezona.lv\/en\/wp-json\/wp\/v2\/product_cat?post=79966"},{"taxonomy":"product_tag","embeddable":true,"href":"https:\/\/sezona.lv\/en\/wp-json\/wp\/v2\/product_tag?post=79966"}],"curies":[{"name":"wp","href":"https:\/\/api.w.org\/{rel}","templated":true}]}}