{"id":79967,"date":"2025-07-14T15:48:46","date_gmt":"2025-07-14T12:48:46","guid":{"rendered":"https:\/\/demo8.ecube.lv\/sezona.lv\/products\/mil-tec-turisma-edamriku-komplekts-14622600\/"},"modified":"2025-07-14T15:48:46","modified_gmt":"2025-07-14T12:48:46","slug":"mil-tec-turisma-edamriku-komplekts-14622600","status":"publish","type":"product","link":"https:\/\/sezona.lv\/en\/products\/mil-tec-turisma-edamriku-komplekts-14622600\/","title":{"rendered":"Mil Tec t\u016brisma \u0113damr\u012bku komplekts (14622600)"},"content":{"rendered":"<p align=\"justify\"><span>Stainless Steel<\/span><br \/><span>Weight: 140 g<\/span><br \/><span>Pack size: 19,8 x 6,4 x 3,1 cm<\/span><\/p>\n<p><span>&#8211; including tin and bottle opener<\/span><\/p>\n","protected":false},"excerpt":{"rendered":"<p>Stainless SteelWeight: 140 gPack size: 19,8 x 6,4 x 3,1 cm &#8211; including tin and bottle opener<\/p>\n","protected":false},"featured_media":0,"template":"","meta":[],"product_brand":[3374],"product_cat":[4558,4571,4640,4732],"product_tag":[],"class_list":{"0":"post-79967","1":"product","2":"type-product","3":"status-publish","5":"product_brand-regatta","6":"product_cat-for-tourism-recreation","7":"product_cat-dishes-knives-folding-tables-for-tourism-recreation","8":"product_cat-recreation","9":"product_cat-cutlery-dishes-knives-folding-tables-for-tourism-recreation","11":"first","12":"instock","13":"shipping-taxable","14":"purchasable","15":"product-type-simple"},"_links":{"self":[{"href":"https:\/\/sezona.lv\/en\/wp-json\/wp\/v2\/product\/79967","targetHints":{"allow":["GET"]}}],"collection":[{"href":"https:\/\/sezona.lv\/en\/wp-json\/wp\/v2\/product"}],"about":[{"href":"https:\/\/sezona.lv\/en\/wp-json\/wp\/v2\/types\/product"}],"wp:attachment":[{"href":"https:\/\/sezona.lv\/en\/wp-json\/wp\/v2\/media?parent=79967"}],"wp:term":[{"taxonomy":"product_brand","embeddable":true,"href":"https:\/\/sezona.lv\/en\/wp-json\/wp\/v2\/product_brand?post=79967"},{"taxonomy":"product_cat","embeddable":true,"href":"https:\/\/sezona.lv\/en\/wp-json\/wp\/v2\/product_cat?post=79967"},{"taxonomy":"product_tag","embeddable":true,"href":"https:\/\/sezona.lv\/en\/wp-json\/wp\/v2\/product_tag?post=79967"}],"curies":[{"name":"wp","href":"https:\/\/api.w.org\/{rel}","templated":true}]}}