{"id":79969,"date":"2025-07-14T15:48:48","date_gmt":"2025-07-14T12:48:48","guid":{"rendered":"https:\/\/demo8.ecube.lv\/sezona.lv\/products\/mil-tec-polikarbonata-turisma-edamriku-komplekts-14628101\/"},"modified":"2025-07-14T15:48:48","modified_gmt":"2025-07-14T12:48:48","slug":"mil-tec-polikarbonata-turisma-edamriku-komplekts-14628101","status":"publish","type":"product","link":"https:\/\/sezona.lv\/en\/products\/mil-tec-polikarbonata-turisma-edamriku-komplekts-14628101\/","title":{"rendered":"Mil Tec polikarbon\u0101ta t\u016brisma \u0113damr\u012bku komplekts (14628101)"},"content":{"rendered":"<p align=\"justify\"><span>Unbreakable Polycarbonat (Lexan)<\/span><br \/><span>Length: 16 cm<\/span><br \/><span>Weight: ca. 28 g<\/span><\/p>\n<p><span>&#8211; knife<\/span><br \/><span>&#8211; fork<\/span><br \/><span>&#8211; spoon<\/span><br \/><span>&#8211; including karabiner<\/span><\/p>\n","protected":false},"excerpt":{"rendered":"<p>Unbreakable Polycarbonat (Lexan)Length: 16 cmWeight: ca. 28 g &#8211; knife&#8211; fork&#8211; spoon&#8211; including karabiner<\/p>\n","protected":false},"featured_media":0,"template":"","meta":[],"product_brand":[3374],"product_cat":[4558,4571,4640,4732],"product_tag":[],"class_list":{"0":"post-79969","1":"product","2":"type-product","3":"status-publish","5":"product_brand-regatta","6":"product_cat-for-tourism-recreation","7":"product_cat-dishes-knives-folding-tables-for-tourism-recreation","8":"product_cat-recreation","9":"product_cat-cutlery-dishes-knives-folding-tables-for-tourism-recreation","11":"first","12":"instock","13":"shipping-taxable","14":"purchasable","15":"product-type-simple"},"_links":{"self":[{"href":"https:\/\/sezona.lv\/en\/wp-json\/wp\/v2\/product\/79969","targetHints":{"allow":["GET"]}}],"collection":[{"href":"https:\/\/sezona.lv\/en\/wp-json\/wp\/v2\/product"}],"about":[{"href":"https:\/\/sezona.lv\/en\/wp-json\/wp\/v2\/types\/product"}],"wp:attachment":[{"href":"https:\/\/sezona.lv\/en\/wp-json\/wp\/v2\/media?parent=79969"}],"wp:term":[{"taxonomy":"product_brand","embeddable":true,"href":"https:\/\/sezona.lv\/en\/wp-json\/wp\/v2\/product_brand?post=79969"},{"taxonomy":"product_cat","embeddable":true,"href":"https:\/\/sezona.lv\/en\/wp-json\/wp\/v2\/product_cat?post=79969"},{"taxonomy":"product_tag","embeddable":true,"href":"https:\/\/sezona.lv\/en\/wp-json\/wp\/v2\/product_tag?post=79969"}],"curies":[{"name":"wp","href":"https:\/\/api.w.org\/{rel}","templated":true}]}}