{"id":79970,"date":"2025-07-14T15:48:49","date_gmt":"2025-07-14T12:48:49","guid":{"rendered":"https:\/\/demo8.ecube.lv\/sezona.lv\/products\/mil-tec-turisma-esanas-gatavosanas-stends-14917000\/"},"modified":"2025-07-14T15:48:49","modified_gmt":"2025-07-14T12:48:49","slug":"mil-tec-turisma-esanas-gatavosanas-stends-14917000","status":"publish","type":"product","link":"https:\/\/sezona.lv\/en\/products\/mil-tec-turisma-esanas-gatavosanas-stends-14917000\/","title":{"rendered":"Mil Tec T\u016brisma \u0113\u0161anas gatavo\u0161anas stends (14917000)"},"content":{"rendered":"<p><span>100% Aluminum<\/span><br \/><span>Weight: 40g<\/span><\/p>\n<p><span>&#8211; small, lightweight emergency cook stand<\/span><br \/><span>&#8211; the cup is placed on the holder so you can warm up your food, cook or heat water with the help of a fuel pellet<\/span><\/p>\n","protected":false},"excerpt":{"rendered":"<p>100% AluminumWeight: 40g &#8211; small, lightweight emergency cook stand&#8211; the cup is placed on the holder so you can warm up your food, cook or heat water with the help of a fuel pellet<\/p>\n","protected":false},"featured_media":0,"template":"","meta":[],"product_brand":[],"product_cat":[4558,4640,4720,4728],"product_tag":[],"class_list":{"0":"post-79970","1":"product","2":"type-product","3":"status-publish","5":"product_cat-for-tourism-recreation","6":"product_cat-recreation","7":"product_cat-gas-stoves-burners-lanterns-heaters-for-tourism-recreation","8":"product_cat-dry-spirits-stoves-gas-stoves-burners-lanterns-heaters-for-tourism-recreation","10":"first","11":"instock","12":"shipping-taxable","13":"purchasable","14":"product-type-simple"},"_links":{"self":[{"href":"https:\/\/sezona.lv\/en\/wp-json\/wp\/v2\/product\/79970","targetHints":{"allow":["GET"]}}],"collection":[{"href":"https:\/\/sezona.lv\/en\/wp-json\/wp\/v2\/product"}],"about":[{"href":"https:\/\/sezona.lv\/en\/wp-json\/wp\/v2\/types\/product"}],"wp:attachment":[{"href":"https:\/\/sezona.lv\/en\/wp-json\/wp\/v2\/media?parent=79970"}],"wp:term":[{"taxonomy":"product_brand","embeddable":true,"href":"https:\/\/sezona.lv\/en\/wp-json\/wp\/v2\/product_brand?post=79970"},{"taxonomy":"product_cat","embeddable":true,"href":"https:\/\/sezona.lv\/en\/wp-json\/wp\/v2\/product_cat?post=79970"},{"taxonomy":"product_tag","embeddable":true,"href":"https:\/\/sezona.lv\/en\/wp-json\/wp\/v2\/product_tag?post=79970"}],"curies":[{"name":"wp","href":"https:\/\/api.w.org\/{rel}","templated":true}]}}