{"id":79971,"date":"2025-07-14T15:48:50","date_gmt":"2025-07-14T12:48:50","guid":{"rendered":"https:\/\/demo8.ecube.lv\/sezona.lv\/products\/mil-tec-turisma-esanas-gatavosanas-stends-14918000\/"},"modified":"2025-07-14T15:48:50","modified_gmt":"2025-07-14T12:48:50","slug":"mil-tec-turisma-esanas-gatavosanas-stends-14918000","status":"publish","type":"product","link":"https:\/\/sezona.lv\/en\/products\/mil-tec-turisma-esanas-gatavosanas-stends-14918000\/","title":{"rendered":"Mil Tec T\u016brisma \u0113\u0161anas gatavo\u0161anas stends (14918000)"},"content":{"rendered":"<p><span>Cook Stand: Stainless Steel<\/span><br \/><span>Pouch: 100% Polyester<\/span><br \/><span>Dimensions: 8 x 8 x 8 cm<\/span><br \/><span>Pack size: 8,5 x 8,5 x 1 cm<\/span><br \/><span>Weight: 100 g<\/span><\/p>\n<p><span>&#8211; quick put up of cook stand<\/span><br \/><span>&#8211; very compact pack size and low weight<\/span><br \/><span>&#8211; foldable cook stand to warm up food and beverage<\/span><br \/><span>&#8211; pouch with hook and loop closure and loop<\/span><\/p>\n","protected":false},"excerpt":{"rendered":"<p>Cook Stand: Stainless SteelPouch: 100% PolyesterDimensions: 8 x 8 x 8 cmPack size: 8,5 x 8,5 x 1 cmWeight: 100 g &#8211; quick put up of cook stand&#8211; very compact pack size and low weight&#8211; foldable cook stand to warm up food and beverage&#8211; pouch with hook and loop closure and loop<\/p>\n","protected":false},"featured_media":0,"template":"","meta":[],"product_brand":[],"product_cat":[4558,4640,4720,4728],"product_tag":[],"class_list":{"0":"post-79971","1":"product","2":"type-product","3":"status-publish","5":"product_cat-for-tourism-recreation","6":"product_cat-recreation","7":"product_cat-gas-stoves-burners-lanterns-heaters-for-tourism-recreation","8":"product_cat-dry-spirits-stoves-gas-stoves-burners-lanterns-heaters-for-tourism-recreation","10":"first","11":"instock","12":"shipping-taxable","13":"purchasable","14":"product-type-simple"},"_links":{"self":[{"href":"https:\/\/sezona.lv\/en\/wp-json\/wp\/v2\/product\/79971","targetHints":{"allow":["GET"]}}],"collection":[{"href":"https:\/\/sezona.lv\/en\/wp-json\/wp\/v2\/product"}],"about":[{"href":"https:\/\/sezona.lv\/en\/wp-json\/wp\/v2\/types\/product"}],"wp:attachment":[{"href":"https:\/\/sezona.lv\/en\/wp-json\/wp\/v2\/media?parent=79971"}],"wp:term":[{"taxonomy":"product_brand","embeddable":true,"href":"https:\/\/sezona.lv\/en\/wp-json\/wp\/v2\/product_brand?post=79971"},{"taxonomy":"product_cat","embeddable":true,"href":"https:\/\/sezona.lv\/en\/wp-json\/wp\/v2\/product_cat?post=79971"},{"taxonomy":"product_tag","embeddable":true,"href":"https:\/\/sezona.lv\/en\/wp-json\/wp\/v2\/product_tag?post=79971"}],"curies":[{"name":"wp","href":"https:\/\/api.w.org\/{rel}","templated":true}]}}