{"id":79973,"date":"2025-07-14T15:48:51","date_gmt":"2025-07-14T12:48:51","guid":{"rendered":"https:\/\/demo8.ecube.lv\/sezona.lv\/products\/gaismekli-feeder-2-gab\/"},"modified":"2025-07-14T15:48:51","modified_gmt":"2025-07-14T12:48:51","slug":"gaismekli-feeder-2-gab","status":"publish","type":"product","link":"https:\/\/sezona.lv\/en\/products\/gaismekli-feeder-2-gab\/","title":{"rendered":"Gaismek\u013ci Feeder 2 gab."},"content":{"rendered":"<p>Gaismek\u013ci Feeder ir paredz\u0113ti f\u012bdermak&scaron;\u0137er\u0113&scaron;anai tum&scaron;aj\u0101 diennakts laik\u0101.<\/p>\n<p>Kopmlekt\u0101 2 gab.<\/p>\n<p>Izm\u0113rs: 4,5 X 39mm<\/p>\n<p>Paredz\u0113ti mak&scaron;\u0137eru spic\u012bt\u0113m no 1,6mm l\u012bdz 2,2mm.<\/p>\n","protected":false},"excerpt":{"rendered":"<p>Gaismek\u013ci Feeder ir paredz\u0113ti f\u012bdermak&scaron;\u0137er\u0113&scaron;anai tum&scaron;aj\u0101 diennakts laik\u0101. Kopmlekt\u0101 2 gab. Izm\u0113rs: 4,5 X 39mm Paredz\u0113ti mak&scaron;\u0137eru spic\u012bt\u0113m no 1,6mm l\u012bdz 2,2mm.<\/p>\n","protected":false},"featured_media":0,"template":"","meta":[],"product_brand":[],"product_cat":[4538,4559,4640],"product_tag":[],"class_list":{"0":"post-79973","1":"product","2":"type-product","3":"status-publish","5":"product_cat-fishing-equipment-recreation","6":"product_cat-equipment-fishing-equipment-recreation","7":"product_cat-recreation","9":"first","10":"instock","11":"shipping-taxable","12":"purchasable","13":"product-type-simple"},"_links":{"self":[{"href":"https:\/\/sezona.lv\/en\/wp-json\/wp\/v2\/product\/79973","targetHints":{"allow":["GET"]}}],"collection":[{"href":"https:\/\/sezona.lv\/en\/wp-json\/wp\/v2\/product"}],"about":[{"href":"https:\/\/sezona.lv\/en\/wp-json\/wp\/v2\/types\/product"}],"wp:attachment":[{"href":"https:\/\/sezona.lv\/en\/wp-json\/wp\/v2\/media?parent=79973"}],"wp:term":[{"taxonomy":"product_brand","embeddable":true,"href":"https:\/\/sezona.lv\/en\/wp-json\/wp\/v2\/product_brand?post=79973"},{"taxonomy":"product_cat","embeddable":true,"href":"https:\/\/sezona.lv\/en\/wp-json\/wp\/v2\/product_cat?post=79973"},{"taxonomy":"product_tag","embeddable":true,"href":"https:\/\/sezona.lv\/en\/wp-json\/wp\/v2\/product_tag?post=79973"}],"curies":[{"name":"wp","href":"https:\/\/api.w.org\/{rel}","templated":true}]}}