{"id":79976,"date":"2025-07-14T15:48:54","date_gmt":"2025-07-14T12:48:54","guid":{"rendered":"https:\/\/demo8.ecube.lv\/sezona.lv\/products\/zvanins-ar-gaismu\/"},"modified":"2025-07-14T15:48:54","modified_gmt":"2025-07-14T12:48:54","slug":"zvanins-ar-gaismu","status":"publish","type":"product","link":"https:\/\/sezona.lv\/en\/products\/zvanins-ar-gaismu\/","title":{"rendered":"Zvani\u0146\u0161 ar gaismu"},"content":{"rendered":"<p>Zvani\u0146&scaron; ar gaismu.<\/p>\n","protected":false},"excerpt":{"rendered":"<p>Zvani\u0146&scaron; ar gaismu.<\/p>\n","protected":false},"featured_media":0,"template":"","meta":[],"product_brand":[],"product_cat":[4538,4559,4640],"product_tag":[],"class_list":{"0":"post-79976","1":"product","2":"type-product","3":"status-publish","5":"product_cat-fishing-equipment-recreation","6":"product_cat-equipment-fishing-equipment-recreation","7":"product_cat-recreation","9":"first","10":"instock","11":"shipping-taxable","12":"purchasable","13":"product-type-simple"},"_links":{"self":[{"href":"https:\/\/sezona.lv\/en\/wp-json\/wp\/v2\/product\/79976","targetHints":{"allow":["GET"]}}],"collection":[{"href":"https:\/\/sezona.lv\/en\/wp-json\/wp\/v2\/product"}],"about":[{"href":"https:\/\/sezona.lv\/en\/wp-json\/wp\/v2\/types\/product"}],"wp:attachment":[{"href":"https:\/\/sezona.lv\/en\/wp-json\/wp\/v2\/media?parent=79976"}],"wp:term":[{"taxonomy":"product_brand","embeddable":true,"href":"https:\/\/sezona.lv\/en\/wp-json\/wp\/v2\/product_brand?post=79976"},{"taxonomy":"product_cat","embeddable":true,"href":"https:\/\/sezona.lv\/en\/wp-json\/wp\/v2\/product_cat?post=79976"},{"taxonomy":"product_tag","embeddable":true,"href":"https:\/\/sezona.lv\/en\/wp-json\/wp\/v2\/product_tag?post=79976"}],"curies":[{"name":"wp","href":"https:\/\/api.w.org\/{rel}","templated":true}]}}