{"id":79977,"date":"2025-07-11T17:17:32","date_gmt":"2025-07-11T14:17:32","guid":{"rendered":"https:\/\/demo8.ecube.lv\/sezona.lv\/products\/led-kempinga-lukturis\/"},"modified":"2025-07-14T15:48:55","modified_gmt":"2025-07-14T12:48:55","slug":"led-kempinga-lukturis","status":"publish","type":"product","link":"https:\/\/sezona.lv\/en\/products\/led-kempinga-lukturis\/","title":{"rendered":"LED kempinga lukturis"},"content":{"rendered":"<p>LED kempinga lukturis izmanto&scaron;anai pie dabas.<\/p>\n<p>Pakarin\u0101ms vai noliekams lukturis, kas iesl\u0113dz\u0101s to pavelkot.<\/p>\n<p>3xAA baterejas iek\u013cautas komplekt\u0101.<\/p>\n<p>Izm\u0113rs: 85 X 125mm<\/p>\n<p>Svars: 260g<\/p>\n<p>Jauda: 60LM<\/p>\n","protected":false},"excerpt":{"rendered":"<p>LED kempinga lukturis izmanto&scaron;anai pie dabas. Pakarin\u0101ms vai noliekams lukturis, kas iesl\u0113dz\u0101s to pavelkot. 3xAA baterejas iek\u013cautas komplekt\u0101. Izm\u0113rs: 85 X 125mm Svars: 260g Jauda: 60LM<\/p>\n","protected":false},"featured_media":74423,"template":"","meta":[],"product_brand":[],"product_cat":[4558,4572],"product_tag":[],"class_list":{"0":"post-79977","1":"product","2":"type-product","3":"status-publish","4":"has-post-thumbnail","6":"product_cat-for-tourism-recreation","7":"product_cat-lights-for-tourism-recreation","9":"first","10":"instock","11":"shipping-taxable","12":"purchasable","13":"product-type-simple"},"_links":{"self":[{"href":"https:\/\/sezona.lv\/en\/wp-json\/wp\/v2\/product\/79977","targetHints":{"allow":["GET"]}}],"collection":[{"href":"https:\/\/sezona.lv\/en\/wp-json\/wp\/v2\/product"}],"about":[{"href":"https:\/\/sezona.lv\/en\/wp-json\/wp\/v2\/types\/product"}],"wp:featuredmedia":[{"embeddable":true,"href":"https:\/\/sezona.lv\/en\/wp-json\/wp\/v2\/media\/74423"}],"wp:attachment":[{"href":"https:\/\/sezona.lv\/en\/wp-json\/wp\/v2\/media?parent=79977"}],"wp:term":[{"taxonomy":"product_brand","embeddable":true,"href":"https:\/\/sezona.lv\/en\/wp-json\/wp\/v2\/product_brand?post=79977"},{"taxonomy":"product_cat","embeddable":true,"href":"https:\/\/sezona.lv\/en\/wp-json\/wp\/v2\/product_cat?post=79977"},{"taxonomy":"product_tag","embeddable":true,"href":"https:\/\/sezona.lv\/en\/wp-json\/wp\/v2\/product_tag?post=79977"}],"curies":[{"name":"wp","href":"https:\/\/api.w.org\/{rel}","templated":true}]}}