{"id":79989,"date":"2025-07-14T15:49:08","date_gmt":"2025-07-14T12:49:08","guid":{"rendered":"https:\/\/demo8.ecube.lv\/sezona.lv\/products\/tickettothemoon-supultikls-original-hammock\/"},"modified":"2025-07-14T15:49:08","modified_gmt":"2025-07-14T12:49:08","slug":"tickettothemoon-supultikls-original-hammock","status":"publish","type":"product","link":"https:\/\/sezona.lv\/en\/products\/tickettothemoon-supultikls-original-hammock\/","title":{"rendered":"Tickettothemoon \u0161\u016bpu\u013ct\u012bkls ORIGINAL HAMMOCK"},"content":{"rendered":"<p><span>Original izm\u0113ra t\u012bkls ir pietiemami plats, lai taj\u0101 pietiekami \u0113rti var\u0113tu izgul\u0113ties viens pieaugu&scaron;ais, vai atp\u016bsties divi cilv\u0113ki.<\/span><\/p>\n<p>&#8216;Ticket to the Moon&#8217; ir uz\u0146\u0113mums, kas ra\u017eo hamokus no augst\u0101k\u0101s kvalit\u0101tes OEKO-TEX&reg; standartam atbilsto&scaron;a izplet\u0146auduma, kas neizraisa \u0101das aler\u0123iju, ir elpojo&scaron;s un uz t\u0101 nerodas pel\u0113jums. Tas ir \u013coti iztur\u012bgs, bet taj\u0101 pa&scaron;\u0101 laik\u0101 viegls, nezaud\u0113jot nodilumiztur\u012bbu. Original izm\u0113ra t\u012bkls ir pietiemami plats, lai taj\u0101 pietiekami \u0113rti var\u0113tu izgul\u0113ties viens pieaugu&scaron;ais, vai atp\u016bsties divi cilv\u0113ki.&nbsp;<strong>Pal\u012bgvirves komplekt\u0101cij\u0101 neietilpst.<\/strong><\/p>\n<h4>SPECIFIK\u0100CIJA:<\/h4>\n<table border=\"0\" width=\"575\">\n<tbody>\n<tr>\n<td><strong>Materi\u0101ls:<\/strong><\/td>\n<td>Izplet\u0146u neilonz\u012bds<\/td>\n<\/tr>\n<tr>\n<td><strong>Izm\u0113rs:<\/strong><\/td>\n<td>3,2 x 2,0 m<\/td>\n<\/tr>\n<tr>\n<td><strong>Iztur\u012bba:<\/strong><\/td>\n<td>200kg<\/td>\n<\/tr>\n<tr>\n<td><strong>Svars:<\/strong><\/td>\n<td>600g<\/td>\n<\/tr>\n<tr>\n<td><strong>Komplekt\u0101cija:<\/strong><\/td>\n<td>&Scaron;\u016bpu\u013ct\u012bkls, \u0101\u0137i<\/td>\n<\/tr>\n<\/tbody>\n<\/table>\n<ul>\n<\/ul>\n","protected":false},"excerpt":{"rendered":"<p>Original izm\u0113ra t\u012bkls ir pietiemami plats, lai taj\u0101 pietiekami \u0113rti var\u0113tu izgul\u0113ties viens pieaugu&scaron;ais, vai atp\u016bsties divi cilv\u0113ki. &#8216;Ticket to the Moon&#8217; ir uz\u0146\u0113mums, kas ra\u017eo hamokus no augst\u0101k\u0101s kvalit\u0101tes OEKO-TEX&reg; standartam atbilsto&scaron;a izplet\u0146auduma, kas neizraisa \u0101das aler\u0123iju, ir elpojo&scaron;s un uz t\u0101 nerodas pel\u0113jums. Tas ir \u013coti iztur\u012bgs, bet taj\u0101 pa&scaron;\u0101 laik\u0101 viegls, nezaud\u0113jot [&hellip;]<\/p>\n","protected":false},"featured_media":0,"template":"","meta":[],"product_brand":[],"product_cat":[4558,4640,4908],"product_tag":[],"class_list":{"0":"post-79989","1":"product","2":"type-product","3":"status-publish","5":"product_cat-for-tourism-recreation","6":"product_cat-recreation","7":"product_cat-hammocks-for-tourism-recreation","9":"first","10":"instock","11":"shipping-taxable","12":"purchasable","13":"product-type-simple"},"_links":{"self":[{"href":"https:\/\/sezona.lv\/en\/wp-json\/wp\/v2\/product\/79989","targetHints":{"allow":["GET"]}}],"collection":[{"href":"https:\/\/sezona.lv\/en\/wp-json\/wp\/v2\/product"}],"about":[{"href":"https:\/\/sezona.lv\/en\/wp-json\/wp\/v2\/types\/product"}],"wp:attachment":[{"href":"https:\/\/sezona.lv\/en\/wp-json\/wp\/v2\/media?parent=79989"}],"wp:term":[{"taxonomy":"product_brand","embeddable":true,"href":"https:\/\/sezona.lv\/en\/wp-json\/wp\/v2\/product_brand?post=79989"},{"taxonomy":"product_cat","embeddable":true,"href":"https:\/\/sezona.lv\/en\/wp-json\/wp\/v2\/product_cat?post=79989"},{"taxonomy":"product_tag","embeddable":true,"href":"https:\/\/sezona.lv\/en\/wp-json\/wp\/v2\/product_tag?post=79989"}],"curies":[{"name":"wp","href":"https:\/\/api.w.org\/{rel}","templated":true}]}}