{"id":79990,"date":"2025-07-14T15:49:09","date_gmt":"2025-07-14T12:49:09","guid":{"rendered":"https:\/\/demo8.ecube.lv\/sezona.lv\/products\/daiwa-pita-aukla-j-braid-x8-zala\/"},"modified":"2025-07-14T15:49:09","modified_gmt":"2025-07-14T12:49:09","slug":"daiwa-pita-aukla-j-braid-x8-zala","status":"publish","type":"product","link":"https:\/\/sezona.lv\/en\/products\/daiwa-pita-aukla-j-braid-x8-zala\/","title":{"rendered":"DAIWA p\u012bt\u0101 aukla J-Braid X8 za\u013ca"},"content":{"rendered":"<p><span>Daiwa p\u012bt\u0101 aukla J-Braid X8 &#8211; kvalitat\u012bva p\u012bt\u0101 aukla no 8 dz\u012bslu pinumiem. T\u0101 piln\u012bb\u0101 atbilst vis\u0101m kvalit\u0101tes pras\u012bb\u0101m. J-Braid p\u012bt\u0101 aukla ir gluda, apa\u013ca un t\u0101 labi sl\u012bd caur rin\u0137iem, nodro&scaron;inot t\u0101lu un prec\u012bzu iemetienu pat ar \u013coti maziem un viegliem m\u0101nek\u013ciem. Piem\u0113rota spininga un beitcastinga spol\u0113m. Lielisks cenas un kvalit\u0101tes apvienojums!<\/span><\/p>\n<ul>\n<li>8 dz\u012bslas;<\/li>\n<li>Apa\u013c&scaron; pinums;<\/li>\n<li>\u013boti iztur\u012bga;<\/li>\n<li>Augsta nodilumiztur\u012bba;<\/li>\n<li>Zems stiep&scaron;an\u0101s koeficients;<\/li>\n<li>Ra\u017eota Jap\u0101n\u0101;<\/li>\n<li>Garums: 150m.<\/li>\n<\/ul>\n<table style=\"height: 263px\" border=\"0\" cellspacing=\"0\" cellpadding=\"0\" width=\"205\">\n<tbody>\n<tr>\n<td>\n<div style=\"text-align: center\"><strong>Diametrs (mm)&nbsp;<\/strong><\/div>\n<\/td>\n<td>\n<div style=\"text-align: center\"><strong>&nbsp;Tests<\/strong><\/div>\n<div style=\"text-align: center\"><strong>(kg)<\/strong><\/div>\n<\/td>\n<\/tr>\n<tr>\n<td height=\"20\">0.10<\/td>\n<td style=\"text-align: center\">6.00<\/td>\n<\/tr>\n<tr>\n<td height=\"20\">0.13<\/td>\n<td style=\"text-align: center\">8.00<\/td>\n<\/tr>\n<tr>\n<td height=\"20\">0.16<\/td>\n<td style=\"text-align: center\">9.00<\/td>\n<\/tr>\n<tr>\n<td height=\"20\">0.18<\/td>\n<td style=\"text-align: center\">12.00<\/td>\n<\/tr>\n<tr>\n<td height=\"20\">0.20<\/td>\n<td style=\"text-align: center\">13.00<\/td>\n<\/tr>\n<tr>\n<td height=\"20\">0.22<\/td>\n<td style=\"text-align: center\">17.00<\/td>\n<\/tr>\n<\/tbody>\n<\/table>\n","protected":false},"excerpt":{"rendered":"<p>Daiwa p\u012bt\u0101 aukla J-Braid X8 &#8211; kvalitat\u012bva p\u012bt\u0101 aukla no 8 dz\u012bslu pinumiem. T\u0101 piln\u012bb\u0101 atbilst vis\u0101m kvalit\u0101tes pras\u012bb\u0101m. J-Braid p\u012bt\u0101 aukla ir gluda, apa\u013ca un t\u0101 labi sl\u012bd caur rin\u0137iem, nodro&scaron;inot t\u0101lu un prec\u012bzu iemetienu pat ar \u013coti maziem un viegliem m\u0101nek\u013ciem. Piem\u0113rota spininga un beitcastinga spol\u0113m. Lielisks cenas un kvalit\u0101tes apvienojums! 8 dz\u012bslas; [&hellip;]<\/p>\n","protected":false},"featured_media":0,"template":"","meta":[],"product_brand":[3392],"product_cat":[4538,4552,4554,4640],"product_tag":[],"class_list":{"0":"post-79990","1":"product","2":"type-product","3":"status-publish","5":"product_brand-sufix","6":"product_cat-fishing-equipment-recreation","7":"product_cat-cords-fishing-equipment-recreation","8":"product_cat-braided-fishing-lines-cords-fishing-equipment-recreation","9":"product_cat-recreation","11":"first","12":"instock","13":"shipping-taxable","14":"purchasable","15":"product-type-simple"},"_links":{"self":[{"href":"https:\/\/sezona.lv\/en\/wp-json\/wp\/v2\/product\/79990","targetHints":{"allow":["GET"]}}],"collection":[{"href":"https:\/\/sezona.lv\/en\/wp-json\/wp\/v2\/product"}],"about":[{"href":"https:\/\/sezona.lv\/en\/wp-json\/wp\/v2\/types\/product"}],"wp:attachment":[{"href":"https:\/\/sezona.lv\/en\/wp-json\/wp\/v2\/media?parent=79990"}],"wp:term":[{"taxonomy":"product_brand","embeddable":true,"href":"https:\/\/sezona.lv\/en\/wp-json\/wp\/v2\/product_brand?post=79990"},{"taxonomy":"product_cat","embeddable":true,"href":"https:\/\/sezona.lv\/en\/wp-json\/wp\/v2\/product_cat?post=79990"},{"taxonomy":"product_tag","embeddable":true,"href":"https:\/\/sezona.lv\/en\/wp-json\/wp\/v2\/product_tag?post=79990"}],"curies":[{"name":"wp","href":"https:\/\/api.w.org\/{rel}","templated":true}]}}