{"id":79991,"date":"2025-07-11T17:17:51","date_gmt":"2025-07-11T14:17:51","guid":{"rendered":"https:\/\/demo8.ecube.lv\/sezona.lv\/products\/spole-daiwa-crossfire-lt-4000-c\/"},"modified":"2025-07-14T15:49:10","modified_gmt":"2025-07-14T12:49:10","slug":"spole-daiwa-crossfire-lt-4000-c","status":"publish","type":"product","link":"https:\/\/sezona.lv\/en\/products\/spole-daiwa-crossfire-lt-4000-c\/","title":{"rendered":"Spole DAIWA CROSSFIRE LT 4000-C"},"content":{"rendered":"<p>Jaun\u0101 spo\u013cu s\u0113rija Daiwa CROSSFIRE ir iev\u0113r\u012bbas cien\u012bga ar savu m\u016bsdien\u012bgo dizainu un lielisko kvalit\u0101tes un cenas apvienojumu. Digigear II piedzi\u0146as konstrukcija \u013c\u0101vusi palielin\u0101t spoles jaudu un saglab\u0101t spoles vienm\u0113r\u012bgo gaitu.<\/p>\n<div>\n<table style=\"text-align: center\" border=\"0\">\n<tbody>\n<tr>\n<td>Kods<\/td>\n<td>Svars (g)<\/td>\n<td>Modelis<\/td>\n<td>Gult\u0146i<\/td>\n<td>Auklas ietilp\u012bba mm\/m<\/td>\n<td>Zobratu attiec\u012bba<\/td>\n<\/tr>\n<tr>\n<td>10185-400<\/td>\n<td>290<\/td>\n<td>4000<\/td>\n<td>1<\/td>\n<td>170\/0.20<\/td>\n<td>5.2:1<\/td>\n<\/tr>\n<\/tbody>\n<\/table>\n<\/div>\n","protected":false},"excerpt":{"rendered":"<p>Jaun\u0101 spo\u013cu s\u0113rija Daiwa CROSSFIRE ir iev\u0113r\u012bbas cien\u012bga ar savu m\u016bsdien\u012bgo dizainu un lielisko kvalit\u0101tes un cenas apvienojumu. Digigear II piedzi\u0146as konstrukcija \u013c\u0101vusi palielin\u0101t spoles jaudu un saglab\u0101t spoles vienm\u0113r\u012bgo gaitu. Kods Svars (g) Modelis Gult\u0146i Auklas ietilp\u012bba mm\/m Zobratu attiec\u012bba 10185-400 290 4000 1 170\/0.20 5.2:1<\/p>\n","protected":false},"featured_media":74452,"template":"","meta":[],"product_brand":[],"product_cat":[4538,4539,4541,5030],"product_tag":[],"class_list":{"0":"post-79991","1":"product","2":"type-product","3":"status-publish","4":"has-post-thumbnail","6":"product_cat-fishing-equipment-recreation","7":"product_cat-reels-fishing-equipment-recreation","8":"product_cat-spinning-reels-reels-fishing-equipment-recreation","9":"product_cat-daiwa-reels-spinning-reels-reels-fishing-equipment-recreation","11":"first","12":"instock","13":"shipping-taxable","14":"purchasable","15":"product-type-simple"},"_links":{"self":[{"href":"https:\/\/sezona.lv\/en\/wp-json\/wp\/v2\/product\/79991","targetHints":{"allow":["GET"]}}],"collection":[{"href":"https:\/\/sezona.lv\/en\/wp-json\/wp\/v2\/product"}],"about":[{"href":"https:\/\/sezona.lv\/en\/wp-json\/wp\/v2\/types\/product"}],"wp:featuredmedia":[{"embeddable":true,"href":"https:\/\/sezona.lv\/en\/wp-json\/wp\/v2\/media\/74452"}],"wp:attachment":[{"href":"https:\/\/sezona.lv\/en\/wp-json\/wp\/v2\/media?parent=79991"}],"wp:term":[{"taxonomy":"product_brand","embeddable":true,"href":"https:\/\/sezona.lv\/en\/wp-json\/wp\/v2\/product_brand?post=79991"},{"taxonomy":"product_cat","embeddable":true,"href":"https:\/\/sezona.lv\/en\/wp-json\/wp\/v2\/product_cat?post=79991"},{"taxonomy":"product_tag","embeddable":true,"href":"https:\/\/sezona.lv\/en\/wp-json\/wp\/v2\/product_tag?post=79991"}],"curies":[{"name":"wp","href":"https:\/\/api.w.org\/{rel}","templated":true}]}}