{"id":79992,"date":"2025-07-11T17:17:52","date_gmt":"2025-07-11T14:17:52","guid":{"rendered":"https:\/\/demo8.ecube.lv\/sezona.lv\/products\/spole-daiwa-laguna-lt-3000c\/"},"modified":"2025-07-14T15:49:11","modified_gmt":"2025-07-14T12:49:11","slug":"spole-daiwa-laguna-lt-3000c","status":"publish","type":"product","link":"https:\/\/sezona.lv\/en\/products\/spole-daiwa-laguna-lt-3000c\/","title":{"rendered":"Spole DAIWA LAGUNA LT 3000C"},"content":{"rendered":"<p>Spole DAIWA LAGUNA LT- le\u0123end\u0101r\u0101s spoles atjaunin\u0101t\u0101 versija, kur\u0101 izmantota Daiwa LT koncepcija (Light &amp; Tough- viegls un iztur\u012bgs). Izmantotie materi\u0101li pie&scaron;\u0137ir spolei vieglumu, vienlaic\u012bgi saglab\u0101jot iztur\u012bbu. 3 augstas kvalit\u0101tes gult\u0146i nodro&scaron;ina vieglu gaitu un Laguna LT b\u016bs \u012bsts &ldquo;darba zirgs&rdquo;, kur&scaron; atbilst vis\u0101m m\u016bsdien\u012bguspo\u013cu tehniskaj\u0101m pras\u012bb\u0101m. Ja mekl\u0113jat uzticamu, kvalitat\u012bvu un modernu spoli par labu cenu- Daiwa Laguna LT ir \u012bst\u0101 izv\u0113le!<\/p>\n<p>LT (Light&amp; Tough- viegls un iztur\u012bgs) koncepts &ndash; maksim\u0101li mazs svars un liela jauda;<br \/>DIGIGEAR&reg; palielin\u0101ti galvenie zobrati;<br \/>Infinite Anti-Reverse&reg;- sena Daiwa tehnolo\u0123isk\u0101 priek&scaron;roc\u012bba- perfekti nostr\u0101d\u0101ta atpaka\u013cgaitas blo\u0137\u0113&scaron;ana;<br \/>Twist Buster II&reg; speci\u0101las formas uztin\u0113jrull\u012btis, kura forma un le\u0146\u0137is nov\u0113r&scaron; auklas sav\u0113rp&scaron;anos;<br \/>ATD &trade; brem\u017eu sist\u0113ma, ko var \u013coti prec\u012bzi noregul\u0113t, un t\u0101 autom\u0101tiski amortiz\u0113 max slodzes, t\u0101d\u0113j\u0101di samazinot norau&scaron;an\u0101s riskus;<br \/>Alum\u012bnija kasete;<br \/>3 lod\u012b&scaron;u gult\u0146i;<br \/>Alum\u012bnija nolok\u0101ms rokturis;<br \/>ABS-System&reg;;<br \/>Gyro Spin&reg;.<\/p>\n<p>&nbsp;<\/p>\n<div>\n<table style=\"text-align: center\" border=\"0\">\n<tbody>\n<tr>\n<td>Kods<\/td>\n<td>Svars (g)<\/td>\n<td>Modelis<\/td>\n<td>Gult\u0146i<\/td>\n<td>Auklas ietilp\u012bba mm\/m<\/td>\n<td>Zobratu attiec\u012bba<\/td>\n<\/tr>\n<tr>\n<td>LAGUNA LT 3000C<\/td>\n<td>260<\/td>\n<td>3000<\/td>\n<td>3+1<\/td>\n<td>150\/0.23<\/td>\n<td>5.3:1<\/td>\n<\/tr>\n<\/tbody>\n<\/table>\n<\/div>\n<table style=\"text-align: center\" border=\"0\">\n<tbody>\n<tr>\n<td>&nbsp;<\/td>\n<td>&nbsp;<\/td>\n<td>&nbsp;<\/td>\n<td>&nbsp;<\/td>\n<td>&nbsp;<\/td>\n<td><\/td>\n<\/tr>\n<tr>\n<td>&nbsp;<\/td>\n<td>&nbsp;<\/td>\n<td>&nbsp;<\/td>\n<td>&nbsp;<\/td>\n<td>&nbsp;<\/td>\n<td><\/td>\n<\/tr>\n<\/tbody>\n<\/table>\n","protected":false},"excerpt":{"rendered":"<p>Spole DAIWA LAGUNA LT- le\u0123end\u0101r\u0101s spoles atjaunin\u0101t\u0101 versija, kur\u0101 izmantota Daiwa LT koncepcija (Light &amp; Tough- viegls un iztur\u012bgs). Izmantotie materi\u0101li pie&scaron;\u0137ir spolei vieglumu, vienlaic\u012bgi saglab\u0101jot iztur\u012bbu. 3 augstas kvalit\u0101tes gult\u0146i nodro&scaron;ina vieglu gaitu un Laguna LT b\u016bs \u012bsts &ldquo;darba zirgs&rdquo;, kur&scaron; atbilst vis\u0101m m\u016bsdien\u012bguspo\u013cu tehniskaj\u0101m pras\u012bb\u0101m. Ja mekl\u0113jat uzticamu, kvalitat\u012bvu un modernu spoli par [&hellip;]<\/p>\n","protected":false},"featured_media":74455,"template":"","meta":[],"product_brand":[],"product_cat":[4538,4539,4541,5030],"product_tag":[],"class_list":{"0":"post-79992","1":"product","2":"type-product","3":"status-publish","4":"has-post-thumbnail","6":"product_cat-fishing-equipment-recreation","7":"product_cat-reels-fishing-equipment-recreation","8":"product_cat-spinning-reels-reels-fishing-equipment-recreation","9":"product_cat-daiwa-reels-spinning-reels-reels-fishing-equipment-recreation","11":"first","12":"instock","13":"shipping-taxable","14":"purchasable","15":"product-type-simple"},"_links":{"self":[{"href":"https:\/\/sezona.lv\/en\/wp-json\/wp\/v2\/product\/79992","targetHints":{"allow":["GET"]}}],"collection":[{"href":"https:\/\/sezona.lv\/en\/wp-json\/wp\/v2\/product"}],"about":[{"href":"https:\/\/sezona.lv\/en\/wp-json\/wp\/v2\/types\/product"}],"wp:featuredmedia":[{"embeddable":true,"href":"https:\/\/sezona.lv\/en\/wp-json\/wp\/v2\/media\/74455"}],"wp:attachment":[{"href":"https:\/\/sezona.lv\/en\/wp-json\/wp\/v2\/media?parent=79992"}],"wp:term":[{"taxonomy":"product_brand","embeddable":true,"href":"https:\/\/sezona.lv\/en\/wp-json\/wp\/v2\/product_brand?post=79992"},{"taxonomy":"product_cat","embeddable":true,"href":"https:\/\/sezona.lv\/en\/wp-json\/wp\/v2\/product_cat?post=79992"},{"taxonomy":"product_tag","embeddable":true,"href":"https:\/\/sezona.lv\/en\/wp-json\/wp\/v2\/product_tag?post=79992"}],"curies":[{"name":"wp","href":"https:\/\/api.w.org\/{rel}","templated":true}]}}