{"id":80009,"date":"2025-07-11T17:18:16","date_gmt":"2025-07-11T14:18:16","guid":{"rendered":"https:\/\/demo8.ecube.lv\/sezona.lv\/products\/deeper-chirp-plus-2-eholote\/"},"modified":"2026-01-01T14:30:06","modified_gmt":"2026-01-01T12:30:06","slug":"deeper-chirp-plus-2-eholote","status":"publish","type":"product","link":"https:\/\/sezona.lv\/en\/products\/deeper-chirp-plus-2-eholote\/","title":{"rendered":"Deeper Chirp Plus 2 eholote"},"content":{"rendered":"<p>Deeper Chirp Plus 2 eholote.<\/p>\n<p><span>Akumulatora darb\u012bbas laiks l\u012bdz pat 15 stund\u0101m.<\/span><br \/><span>3 staru frekvences.<\/span><br \/><span>Prec\u012bzi son\u0101ra sken\u0113jumi (dzi\u013cums, \u016bdenstilpes pamatnes strukt\u016bra, zivju loki vai ikonas).<\/span><br \/><span>100 m izme&scaron;anas diapazons un sken\u0113&scaron;anas dzi\u013cums.<\/span><br \/><span>Stabils Wi-Fi savienojums un ieb\u016bv\u0113ts GPS.<\/span><br \/><span>Prec\u012bza 0,3 m dzi\u013cuma kar&scaron;u izveide.<\/span><\/p>\n<p><span>Izp\u0113tiet vair\u0101k k\u0101 50 000 ezeru kar&scaron;u.<\/span><br \/><span>Apskatiet laika prognozi un pl\u0101nojiet savu mak&scaron;\u0137er\u0113&scaron;anas ce\u013cojumu.<\/span><br \/><span>Lejupiel\u0101d\u0113jiet kartes lieto&scaron;anai bezsaist\u0113.<\/span><br \/><span>Ieg\u016bstiet re\u0101llaika son\u0101ra r\u0101d\u012bjumus sav\u0101 ier\u012bc\u0113.<\/span><br \/><span>Atz\u012bm\u0113jiet iecien\u012btas vietas un re\u0123istr\u0113jiet lomus.<\/span><br \/><span>Skatiet un analiz\u0113jiet savus datus jebkur\u0101 ier\u012bc\u0113.<\/span><br \/><span>Izmantojiet analiz\u0113tus datus, lai j\u016bsu n\u0101kamais ce\u013cojums b\u016btu pat lab\u0101ks.<\/span><\/p>\n<p><span>Piedz\u012bvojiet jauna veida mak&scaron;\u0137er\u0113&scaron;anu ar Fish Deeper Premium.<\/span><br \/><span>Ieg\u016bstiet 3 m\u0113ne&scaron;u bezmaksas piek\u013cuvi ezeru kart\u0113m ar vair\u0101k k\u0101 50 000 viet\u0113jo un glob\u0101lo mak&scaron;\u0137er\u0113&scaron;anas vietu.<\/span><br \/><span>Analiz\u0113jiet kartes, izv\u0113lieties lab\u0101k\u0101s mak&scaron;\u0137er\u0113&scaron;anas vietas, atz\u012bm\u0113jiet iecien\u012btas vietas un lomus. Piek\u013c\u016bstiet datiem jebkur\u0101 ier\u012bc\u0113 un ieg\u016bstiet v\u0113l vair\u0101k ar Fish Deeper!<\/span><\/p>\n<p><span>T\u0101 pati forma jaun\u0101 tuksne&scaron;a smil&scaron;u kr\u0101s\u0101. Nakts mak&scaron;\u0137er\u0113&scaron;anas v\u0101ks iek\u013cauts komplekt\u0101, lai j\u016bs var\u0113tu viegli atrast son\u0101ru tums\u0101.<\/span><\/p>\n<p><span>5 gadu garantija &#8211; m\u0113s uzticamies savam produktam, un j\u016bs ar\u012b to varat dar\u012bt. Gad\u012bjum\u0101, ja kaut kas tom\u0113r notiks nepareizi, m\u0113s to salabosim.<\/span><\/p>\n<p><span>M\u016bsu klientu apkalpo&scaron;anas komanda ir vienm\u0113r gatava pal\u012bdz\u0113t un lepojas ar lab\u0101ko iesp\u0113jamo apkalpo&scaron;anu. T\u0101 pal\u012bdz\u0113s jebkur\u0101 j\u016bsu jaut\u0101jum\u0101.<\/span><\/p>\n","protected":false},"excerpt":{"rendered":"<p>Deeper Chirp Plus 2 eholote. Akumulatora darb\u012bbas laiks l\u012bdz pat 15 stund\u0101m.3 staru frekvences.Prec\u012bzi son\u0101ra sken\u0113jumi (dzi\u013cums, \u016bdenstilpes pamatnes strukt\u016bra, zivju loki vai ikonas).100 m izme&scaron;anas diapazons un sken\u0113&scaron;anas dzi\u013cums.Stabils Wi-Fi savienojums un ieb\u016bv\u0113ts GPS.Prec\u012bza 0,3 m dzi\u013cuma kar&scaron;u izveide. Izp\u0113tiet vair\u0101k k\u0101 50 000 ezeru kar&scaron;u.Apskatiet laika prognozi un pl\u0101nojiet savu mak&scaron;\u0137er\u0113&scaron;anas ce\u013cojumu.Lejupiel\u0101d\u0113jiet kartes [&hellip;]<\/p>\n","protected":false},"featured_media":106623,"template":"","meta":[],"product_brand":[],"product_cat":[4741,4782],"product_tag":[],"class_list":{"0":"post-80009","1":"product","2":"type-product","3":"status-publish","4":"has-post-thumbnail","6":"product_cat-eholots-navigation-watches-radios","7":"product_cat-navigation-watches-radios-recreation","9":"first","10":"instock","11":"shipping-taxable","12":"purchasable","13":"product-type-simple"},"_links":{"self":[{"href":"https:\/\/sezona.lv\/en\/wp-json\/wp\/v2\/product\/80009","targetHints":{"allow":["GET"]}}],"collection":[{"href":"https:\/\/sezona.lv\/en\/wp-json\/wp\/v2\/product"}],"about":[{"href":"https:\/\/sezona.lv\/en\/wp-json\/wp\/v2\/types\/product"}],"wp:featuredmedia":[{"embeddable":true,"href":"https:\/\/sezona.lv\/en\/wp-json\/wp\/v2\/media\/106623"}],"wp:attachment":[{"href":"https:\/\/sezona.lv\/en\/wp-json\/wp\/v2\/media?parent=80009"}],"wp:term":[{"taxonomy":"product_brand","embeddable":true,"href":"https:\/\/sezona.lv\/en\/wp-json\/wp\/v2\/product_brand?post=80009"},{"taxonomy":"product_cat","embeddable":true,"href":"https:\/\/sezona.lv\/en\/wp-json\/wp\/v2\/product_cat?post=80009"},{"taxonomy":"product_tag","embeddable":true,"href":"https:\/\/sezona.lv\/en\/wp-json\/wp\/v2\/product_tag?post=80009"}],"curies":[{"name":"wp","href":"https:\/\/api.w.org\/{rel}","templated":true}]}}