{"id":80010,"date":"2025-07-14T15:49:28","date_gmt":"2025-07-14T12:49:28","guid":{"rendered":"https:\/\/demo8.ecube.lv\/sezona.lv\/products\/coleman-telts-galiano-4-pop-up\/"},"modified":"2025-07-14T15:49:28","modified_gmt":"2025-07-14T12:49:28","slug":"coleman-telts-galiano-4-pop-up","status":"publish","type":"product","link":"https:\/\/sezona.lv\/en\/products\/coleman-telts-galiano-4-pop-up\/","title":{"rendered":"Coleman telts Galiano 4 Pop-up"},"content":{"rendered":"<p><span>\u012apa&scaron;i viegl\u0101, vienk\u0101r&scaron;i uzslejam\u0101 un \u0113rt\u0101 pop-up telts GALIANO 4 \u010detriem cilv\u0113kiem. Lielisks risin\u0101jums da\u017e\u0101diem festiv\u0101liem un ned\u0113\u013cas nogales ce\u013cojumiem \u012bpa&scaron;i \u0101tr\u0101s pop-up sist\u0113mas FastPitch&trade; d\u0113\u013c. Karstos vasaras vakaros no\u0146emt virs\u0113jo lietusdro&scaron;o p\u0101rsegu un baud\u012bt zvaig\u017e\u0146ot\u0101s debesis.<\/span><\/p>\n<p><span>\u0100rk\u0101rt\u012bgi viegli uzslejama un sapakojama ar pop-up sist\u0113mu FastPitch&trade;.<\/span><br \/><span>Mitrumiztur\u012bba 2000 mm.<\/span><br \/><span>Pamatnes materi\u0101ls ir polietil\u0113ns.<\/span><br \/><span>Virs\u0113jais materi\u0101ls ir poliesters ar PU p\u0101rkl\u0101jumu.<\/span><br \/><span>P\u0101rl\u012bm\u0113tas &scaron;uves.<\/span><br \/><span>Logu un durvju priek&scaron;\u0101 ir odu dro&scaron;s t\u012bkla materi\u0101ls.<\/span><br \/><span>&Scaron;\u0137iedras loki.<\/span><br \/><span>Iek&scaron;\u0113j\u0101 kabata maz\u0101ku lietu novieto&scaron;anai.<\/span><br \/><span>\u0112rta soma p\u0101rn\u0113s\u0101&scaron;anai.<\/span><br \/><span>Ugunsdro&scaron;a auduma apstr\u0101de, lai nov\u0113rstu liesmu izplat\u012b&scaron;anos aizdeg&scaron;an\u0101s gad\u012bjum\u0101.<\/span><\/p>\n","protected":false},"excerpt":{"rendered":"<p>\u012apa&scaron;i viegl\u0101, vienk\u0101r&scaron;i uzslejam\u0101 un \u0113rt\u0101 pop-up telts GALIANO 4 \u010detriem cilv\u0113kiem. Lielisks risin\u0101jums da\u017e\u0101diem festiv\u0101liem un ned\u0113\u013cas nogales ce\u013cojumiem \u012bpa&scaron;i \u0101tr\u0101s pop-up sist\u0113mas FastPitch&trade; d\u0113\u013c. Karstos vasaras vakaros no\u0146emt virs\u0113jo lietusdro&scaron;o p\u0101rsegu un baud\u012bt zvaig\u017e\u0146ot\u0101s debesis. \u0100rk\u0101rt\u012bgi viegli uzslejama un sapakojama ar pop-up sist\u0113mu FastPitch&trade;.Mitrumiztur\u012bba 2000 mm.Pamatnes materi\u0101ls ir polietil\u0113ns.Virs\u0113jais materi\u0101ls ir poliesters ar [&hellip;]<\/p>\n","protected":false},"featured_media":0,"template":"","meta":[],"product_brand":[3381],"product_cat":[4558,4568,4640,4952],"product_tag":[],"class_list":{"0":"post-80010","1":"product","2":"type-product","3":"status-publish","5":"product_brand-coleman","6":"product_cat-for-tourism-recreation","7":"product_cat-tents-for-tourism-recreation","8":"product_cat-recreation","9":"product_cat-coleman-tents-tents-for-tourism-recreation","11":"first","12":"instock","13":"shipping-taxable","14":"purchasable","15":"product-type-simple"},"_links":{"self":[{"href":"https:\/\/sezona.lv\/en\/wp-json\/wp\/v2\/product\/80010","targetHints":{"allow":["GET"]}}],"collection":[{"href":"https:\/\/sezona.lv\/en\/wp-json\/wp\/v2\/product"}],"about":[{"href":"https:\/\/sezona.lv\/en\/wp-json\/wp\/v2\/types\/product"}],"wp:attachment":[{"href":"https:\/\/sezona.lv\/en\/wp-json\/wp\/v2\/media?parent=80010"}],"wp:term":[{"taxonomy":"product_brand","embeddable":true,"href":"https:\/\/sezona.lv\/en\/wp-json\/wp\/v2\/product_brand?post=80010"},{"taxonomy":"product_cat","embeddable":true,"href":"https:\/\/sezona.lv\/en\/wp-json\/wp\/v2\/product_cat?post=80010"},{"taxonomy":"product_tag","embeddable":true,"href":"https:\/\/sezona.lv\/en\/wp-json\/wp\/v2\/product_tag?post=80010"}],"curies":[{"name":"wp","href":"https:\/\/api.w.org\/{rel}","templated":true}]}}