{"id":80014,"date":"2025-07-14T15:49:32","date_gmt":"2025-07-14T12:49:32","guid":{"rendered":"https:\/\/demo8.ecube.lv\/sezona.lv\/products\/aukla-monofila-salmo-elite-feeder-match-150\/"},"modified":"2025-07-14T15:49:32","modified_gmt":"2025-07-14T12:49:32","slug":"aukla-monofila-salmo-elite-feeder-match-150","status":"publish","type":"product","link":"https:\/\/sezona.lv\/en\/products\/aukla-monofila-salmo-elite-feeder-match-150\/","title":{"rendered":"Aukla monof\u012bl\u0101 Salmo Elite FEEDER &amp; MATCH 150"},"content":{"rendered":"<p><strong>Monof\u012bl\u0101 aukla, speci\u0101li izstr\u0101d\u0101ta darbam t\u0101laj\u0101s distanc\u0113s. Notur\u012bga pret UV starojumu. Auklai piem\u012bt br\u016bna kr\u0101sa, t\u0101d\u0101 veid\u0101 t\u0101 lab\u0101k sapl\u016bst ar \u016bdenstilpnes grunti un ir gr\u016bt\u0101k paman\u0101ma ziv\u012bm. 150 metru tinums.<\/strong><\/p>\n<ul>\n<li>Augsta iztur\u012bba<\/li>\n<li>Palielin\u0101ta nodilumiztur\u012bba<\/li>\n<li>Augsta j\u016bt\u012bba<\/li>\n<li>Gluda virsma<\/li>\n<li>Iztur\u012bga mezglos<\/li>\n<li>Jap\u0101\u0146u materi\u0101ls<\/li>\n<\/ul>\n<p><strong><br \/>Iztur\u012bbas tabula:<\/strong><\/p>\n<p><strong>0.18mm &#8211; 3.10kg<br \/>0.20mm &#8211; 3.85kg<br \/>0.22mm &#8211; 4.65kg<br \/>0.27mm &#8211; 7.30kg<br \/>0.30mm &#8211; 8.50kg<br \/>0.32mm &#8211; 10.05kg<br \/><\/strong><\/p>\n","protected":false},"excerpt":{"rendered":"<p>Monof\u012bl\u0101 aukla, speci\u0101li izstr\u0101d\u0101ta darbam t\u0101laj\u0101s distanc\u0113s. Notur\u012bga pret UV starojumu. Auklai piem\u012bt br\u016bna kr\u0101sa, t\u0101d\u0101 veid\u0101 t\u0101 lab\u0101k sapl\u016bst ar \u016bdenstilpnes grunti un ir gr\u016bt\u0101k paman\u0101ma ziv\u012bm. 150 metru tinums. Augsta iztur\u012bba Palielin\u0101ta nodilumiztur\u012bba Augsta j\u016bt\u012bba Gluda virsma Iztur\u012bga mezglos Jap\u0101\u0146u materi\u0101ls Iztur\u012bbas tabula: 0.18mm &#8211; 3.10kg0.20mm &#8211; 3.85kg0.22mm &#8211; 4.65kg0.27mm &#8211; 7.30kg0.30mm &#8211; [&hellip;]<\/p>\n","protected":false},"featured_media":0,"template":"","meta":[],"product_brand":[894],"product_cat":[4538,4552,4553,4640],"product_tag":[],"class_list":{"0":"post-80014","1":"product","2":"type-product","3":"status-publish","5":"product_brand-salmo","6":"product_cat-fishing-equipment-recreation","7":"product_cat-cords-fishing-equipment-recreation","8":"product_cat-monofilament-fishing-lines-cords-fishing-equipment-recreation","9":"product_cat-recreation","11":"first","12":"instock","13":"shipping-taxable","14":"purchasable","15":"product-type-simple"},"_links":{"self":[{"href":"https:\/\/sezona.lv\/en\/wp-json\/wp\/v2\/product\/80014","targetHints":{"allow":["GET"]}}],"collection":[{"href":"https:\/\/sezona.lv\/en\/wp-json\/wp\/v2\/product"}],"about":[{"href":"https:\/\/sezona.lv\/en\/wp-json\/wp\/v2\/types\/product"}],"wp:attachment":[{"href":"https:\/\/sezona.lv\/en\/wp-json\/wp\/v2\/media?parent=80014"}],"wp:term":[{"taxonomy":"product_brand","embeddable":true,"href":"https:\/\/sezona.lv\/en\/wp-json\/wp\/v2\/product_brand?post=80014"},{"taxonomy":"product_cat","embeddable":true,"href":"https:\/\/sezona.lv\/en\/wp-json\/wp\/v2\/product_cat?post=80014"},{"taxonomy":"product_tag","embeddable":true,"href":"https:\/\/sezona.lv\/en\/wp-json\/wp\/v2\/product_tag?post=80014"}],"curies":[{"name":"wp","href":"https:\/\/api.w.org\/{rel}","templated":true}]}}