{"id":80015,"date":"2025-07-14T15:49:32","date_gmt":"2025-07-14T12:49:32","guid":{"rendered":"https:\/\/demo8.ecube.lv\/sezona.lv\/products\/aukla-monofila-feeder-concept-feeder-flat-camo-150\/"},"modified":"2025-07-14T15:49:32","modified_gmt":"2025-07-14T12:49:32","slug":"aukla-monofila-feeder-concept-feeder-flat-camo-150","status":"publish","type":"product","link":"https:\/\/sezona.lv\/en\/products\/aukla-monofila-feeder-concept-feeder-flat-camo-150\/","title":{"rendered":"Aukla monof\u012bl\u0101 Feeder Concept FEEDER&amp;FLAT CAMO 150"},"content":{"rendered":"<p><span>Specializ\u0113ta grimsto&scaron;\u0101 aukla f\u012bdermak&scaron;\u0137er\u0113&scaron;anai.<\/span><\/p>\n<ul>\n<li>Augsta iztur\u012bba<\/li>\n<li>Paaugstin\u0101ta nodilumiztur\u012bba<\/li>\n<li>Augsta j\u016bt\u012bba<\/li>\n<li>Zems stiep&scaron;an\u0101s koeficients<\/li>\n<li>Gluda virsma<\/li>\n<li>Neredzama \u016bden\u012b<\/li>\n<li>Kamufl\u0101\u017eas kr\u0101sojums<\/li>\n<\/ul>\n<p>&nbsp;<\/p>\n<p>Diametrs (mm)\/Tests (kg):<\/p>\n<p>0.22\/ 4.50kg<\/p>\n<p>0.25\/ 5.30kg<\/p>\n<p>0.27\/ 6.10kg<\/p>\n<p>0.30\/ 7.50kg<\/p>\n","protected":false},"excerpt":{"rendered":"<p>Specializ\u0113ta grimsto&scaron;\u0101 aukla f\u012bdermak&scaron;\u0137er\u0113&scaron;anai. Augsta iztur\u012bba Paaugstin\u0101ta nodilumiztur\u012bba Augsta j\u016bt\u012bba Zems stiep&scaron;an\u0101s koeficients Gluda virsma Neredzama \u016bden\u012b Kamufl\u0101\u017eas kr\u0101sojums &nbsp; Diametrs (mm)\/Tests (kg): 0.22\/ 4.50kg 0.25\/ 5.30kg 0.27\/ 6.10kg 0.30\/ 7.50kg<\/p>\n","protected":false},"featured_media":0,"template":"","meta":[],"product_brand":[],"product_cat":[4538,4552,4553,4640],"product_tag":[],"class_list":{"0":"post-80015","1":"product","2":"type-product","3":"status-publish","5":"product_cat-fishing-equipment-recreation","6":"product_cat-cords-fishing-equipment-recreation","7":"product_cat-monofilament-fishing-lines-cords-fishing-equipment-recreation","8":"product_cat-recreation","10":"first","11":"instock","12":"shipping-taxable","13":"purchasable","14":"product-type-simple"},"_links":{"self":[{"href":"https:\/\/sezona.lv\/en\/wp-json\/wp\/v2\/product\/80015","targetHints":{"allow":["GET"]}}],"collection":[{"href":"https:\/\/sezona.lv\/en\/wp-json\/wp\/v2\/product"}],"about":[{"href":"https:\/\/sezona.lv\/en\/wp-json\/wp\/v2\/types\/product"}],"wp:attachment":[{"href":"https:\/\/sezona.lv\/en\/wp-json\/wp\/v2\/media?parent=80015"}],"wp:term":[{"taxonomy":"product_brand","embeddable":true,"href":"https:\/\/sezona.lv\/en\/wp-json\/wp\/v2\/product_brand?post=80015"},{"taxonomy":"product_cat","embeddable":true,"href":"https:\/\/sezona.lv\/en\/wp-json\/wp\/v2\/product_cat?post=80015"},{"taxonomy":"product_tag","embeddable":true,"href":"https:\/\/sezona.lv\/en\/wp-json\/wp\/v2\/product_tag?post=80015"}],"curies":[{"name":"wp","href":"https:\/\/api.w.org\/{rel}","templated":true}]}}