{"id":80016,"date":"2025-07-14T15:49:35","date_gmt":"2025-07-14T12:49:35","guid":{"rendered":"https:\/\/demo8.ecube.lv\/sezona.lv\/products\/aukla-lj-fluorocarbon-hard-030\/"},"modified":"2025-07-14T15:49:35","modified_gmt":"2025-07-14T12:49:35","slug":"aukla-lj-fluorocarbon-hard-030","status":"publish","type":"product","link":"https:\/\/sezona.lv\/en\/products\/aukla-lj-fluorocarbon-hard-030\/","title":{"rendered":"Aukla LJ FLUOROCARBON Hard 030"},"content":{"rendered":"<p><span>\u0100tri grimsto&scaron;a flurokarbona aukla, piem\u0113rota pavadi\u0146u izgatavo&scaron;anai. Izgatavota un iepakota specializ\u0113t\u0101 Jap\u0101nas r\u016bpn\u012bc\u0101. Garums: 30m.<\/span><\/p>\n<p><strong>Iztur\u012bbas tabula:<\/strong><\/p>\n<p><strong>0.14mm &#8211; 1.84kg<br \/>0.16mm &#8211; 2.26kg<br \/>0.20mm &#8211; 3.05kg<br \/>0.23mm &#8211; 4.14kg<br \/>0.26mm &#8211; 5.06kg<br \/>0.28mm &#8211; 6.32kg<br \/>0.31mm &#8211; 7.17kg<br \/><\/strong><\/p>\n","protected":false},"excerpt":{"rendered":"<p>\u0100tri grimsto&scaron;a flurokarbona aukla, piem\u0113rota pavadi\u0146u izgatavo&scaron;anai. Izgatavota un iepakota specializ\u0113t\u0101 Jap\u0101nas r\u016bpn\u012bc\u0101. Garums: 30m. Iztur\u012bbas tabula: 0.14mm &#8211; 1.84kg0.16mm &#8211; 2.26kg0.20mm &#8211; 3.05kg0.23mm &#8211; 4.14kg0.26mm &#8211; 5.06kg0.28mm &#8211; 6.32kg0.31mm &#8211; 7.17kg<\/p>\n","protected":false},"featured_media":0,"template":"","meta":[],"product_brand":[894],"product_cat":[4538,4552,4553,4640],"product_tag":[],"class_list":{"0":"post-80016","1":"product","2":"type-product","3":"status-publish","5":"product_brand-salmo","6":"product_cat-fishing-equipment-recreation","7":"product_cat-cords-fishing-equipment-recreation","8":"product_cat-monofilament-fishing-lines-cords-fishing-equipment-recreation","9":"product_cat-recreation","11":"first","12":"instock","13":"shipping-taxable","14":"purchasable","15":"product-type-simple"},"_links":{"self":[{"href":"https:\/\/sezona.lv\/en\/wp-json\/wp\/v2\/product\/80016","targetHints":{"allow":["GET"]}}],"collection":[{"href":"https:\/\/sezona.lv\/en\/wp-json\/wp\/v2\/product"}],"about":[{"href":"https:\/\/sezona.lv\/en\/wp-json\/wp\/v2\/types\/product"}],"wp:attachment":[{"href":"https:\/\/sezona.lv\/en\/wp-json\/wp\/v2\/media?parent=80016"}],"wp:term":[{"taxonomy":"product_brand","embeddable":true,"href":"https:\/\/sezona.lv\/en\/wp-json\/wp\/v2\/product_brand?post=80016"},{"taxonomy":"product_cat","embeddable":true,"href":"https:\/\/sezona.lv\/en\/wp-json\/wp\/v2\/product_cat?post=80016"},{"taxonomy":"product_tag","embeddable":true,"href":"https:\/\/sezona.lv\/en\/wp-json\/wp\/v2\/product_tag?post=80016"}],"curies":[{"name":"wp","href":"https:\/\/api.w.org\/{rel}","templated":true}]}}