{"id":80023,"date":"2025-07-11T17:18:38","date_gmt":"2025-07-11T14:18:38","guid":{"rendered":"https:\/\/demo8.ecube.lv\/sezona.lv\/products\/mont-bell-alpine-thermo-bottle-termoss-0-9l\/"},"modified":"2025-07-14T15:49:41","modified_gmt":"2025-07-14T12:49:41","slug":"mont-bell-alpine-thermo-bottle-termoss-0-9l","status":"publish","type":"product","link":"https:\/\/sezona.lv\/en\/products\/mont-bell-alpine-thermo-bottle-termoss-0-9l\/","title":{"rendered":"Mont-Bell Alpine Thermo Bottle termoss 0.9L"},"content":{"rendered":"<p><span>Ultra viegls termoss ar vara p\u0101rkl\u0101jumu iek&scaron;pus\u0113, kas atstaro siltumu atpaka\u013c dz\u0113rien\u0101.<\/span><\/p>\n<p><span>Alpine Thermo Bottle termoss sast\u0101v no diviem sl\u0101\u0146iem starp kuriem atrodas pl\u0101na vakuuma k\u0101rti\u0146a. \u0100r\u0113jais sl\u0101nis izgatavots no ner\u016bs\u0113jo&scaron;a t\u0113rauda, savuk\u0101rt iek&scaron;\u0113jais t\u0113rauda sl\u0101nis p\u0101rkl\u0101ts ar vara p\u0101rkl\u0101jumu, kas atstaro siltumu atpaka\u013c dz\u0113rien\u0101.&nbsp;Turkl\u0101t, lai ierobe\u017eotu siltuma zudumus no pudeles aug&scaron;puses, ar\u012b kor\u0137\u012bt\u012b ir iestr\u0101d\u0101ta siltumizol\u0101cija.<\/span><br \/><span>Termosa svars samazin\u0101ts optimiz\u0113jot iek&scaron;\u0113j\u0101 sl\u0101\u0146a biezumu, izmantojot metodi, ko sauc par met\u0101la v\u0113rp&scaron;anu.<\/span><br \/><span>Termoss ir viegli atverams, pateicoties silikona deta\u013c\u0101m un unik\u0101lam se&scaron;st\u016bra formas kor\u0137\u012btim, kas j\u0101pagrie\u017e par 180 gr\u0101diem. Termosa v\u0101ci\u0146&scaron; vienlaikus izmantojams k\u0101 kr\u016bz\u012bte.&nbsp;<\/span><\/p>\n<h4>SPECIFIK\u0100CIJA:<\/h4>\n<h4>\n<table border=\"0\" width=\"601\">\n<tbody>\n<tr>\n<td><strong>Tilpums:<\/strong><\/td>\n<td>0.9 L<\/td>\n<\/tr>\n<tr>\n<td><strong>Svars:<\/strong><\/td>\n<td>380 grami<\/td>\n<\/tr>\n<tr>\n<td><strong>Izm\u0113rs:<\/strong><\/td>\n<td>Augstums 30 cm; Diametrs 7.9 cm<\/td>\n<\/tr>\n<tr>\n<td><strong>Materi\u0101ls:<\/strong><\/td>\n<td>\u0100r\u0113jais sl\u0101nis&nbsp;<span>SUS304 ner\u016bs\u0113jo&scaron;s t\u0113rauds<br \/>Iek&scaron;\u0113jais sl\u0101nis&nbsp;<span>SUS316 ner\u016bs\u0113jo&scaron;s t\u0113rauds<br \/>Polipropil\u0113ns; Silikons; Plastik\u0101ts<\/span><\/span><\/td>\n<\/tr>\n<\/tbody>\n<\/table>\n<\/h4>\n<h4>SILTUMU IZOL\u0112JO&Scaron;\u0100S \u012aPA&Scaron;\u012aBAS:<\/h4>\n<h4>\n<table border=\"0\" width=\"570\">\n<tbody>\n<tr>\n<td colspan=\"3\"><strong>Istabas temperat\u016bra&nbsp;20&deg;C +\/- 2&deg;C<\/strong><\/td>\n<\/tr>\n<tr>\n<td>&nbsp;<\/td>\n<td><span><strong>KARSTS<\/strong><\/span><\/td>\n<td><span><strong>AUKSTS<\/strong><\/span><\/td>\n<\/tr>\n<tr>\n<td><strong>S\u0101kotn\u0113j\u0101 t&deg;<\/strong><\/td>\n<td>95<strong>&deg;&nbsp;<\/strong>C<\/td>\n<td>4<strong>&deg;&nbsp;<\/strong>C<\/td>\n<\/tr>\n<tr>\n<td><strong>P\u0113c 6h&nbsp;t&deg;<\/strong><\/td>\n<td>81<strong>&deg;&nbsp;<\/strong>C<\/td>\n<td>7<strong>&deg;&nbsp;<\/strong>C<\/td>\n<\/tr>\n<tr>\n<td><strong>P\u0113c 24h&nbsp;t&deg;<\/strong><\/td>\n<td>61<strong>&deg;&nbsp;<\/strong>C<\/td>\n<td>10<strong>&deg;<\/strong>&nbsp;C<\/td>\n<\/tr>\n<\/tbody>\n<\/table>\n<p><strong>OutDoor izst\u0101d\u0113 Montbell Alpine Thermo Bottle 0.5L sa\u0146\u0113ma OutDoor Industry balvu. OutDoor Show ir viena no pasaules liel\u0101kaj\u0101m starptautiskaj\u0101m \u0101ra un sporta pre\u010du izst\u0101d\u0113m, kas norisin\u0101s Friedrichshafen, V\u0101cij\u0101.<\/strong><\/p>\n<\/h4>\n","protected":false},"excerpt":{"rendered":"<p>Ultra viegls termoss ar vara p\u0101rkl\u0101jumu iek&scaron;pus\u0113, kas atstaro siltumu atpaka\u013c dz\u0113rien\u0101. Alpine Thermo Bottle termoss sast\u0101v no diviem sl\u0101\u0146iem starp kuriem atrodas pl\u0101na vakuuma k\u0101rti\u0146a. \u0100r\u0113jais sl\u0101nis izgatavots no ner\u016bs\u0113jo&scaron;a t\u0113rauda, savuk\u0101rt iek&scaron;\u0113jais t\u0113rauda sl\u0101nis p\u0101rkl\u0101ts ar vara p\u0101rkl\u0101jumu, kas atstaro siltumu atpaka\u013c dz\u0113rien\u0101.&nbsp;Turkl\u0101t, lai ierobe\u017eotu siltuma zudumus no pudeles aug&scaron;puses, ar\u012b kor\u0137\u012bt\u012b ir [&hellip;]<\/p>\n","protected":false},"featured_media":74551,"template":"","meta":[],"product_brand":[],"product_cat":[4558,4571,4735],"product_tag":[],"class_list":{"0":"post-80023","1":"product","2":"type-product","3":"status-publish","4":"has-post-thumbnail","6":"product_cat-for-tourism-recreation","7":"product_cat-dishes-knives-folding-tables-for-tourism-recreation","8":"product_cat-thermoses-and-thermo-cups-dishes-knives-folding-tables-for-tourism-recreation","10":"first","11":"instock","12":"shipping-taxable","13":"purchasable","14":"product-type-simple"},"_links":{"self":[{"href":"https:\/\/sezona.lv\/en\/wp-json\/wp\/v2\/product\/80023","targetHints":{"allow":["GET"]}}],"collection":[{"href":"https:\/\/sezona.lv\/en\/wp-json\/wp\/v2\/product"}],"about":[{"href":"https:\/\/sezona.lv\/en\/wp-json\/wp\/v2\/types\/product"}],"wp:featuredmedia":[{"embeddable":true,"href":"https:\/\/sezona.lv\/en\/wp-json\/wp\/v2\/media\/74551"}],"wp:attachment":[{"href":"https:\/\/sezona.lv\/en\/wp-json\/wp\/v2\/media?parent=80023"}],"wp:term":[{"taxonomy":"product_brand","embeddable":true,"href":"https:\/\/sezona.lv\/en\/wp-json\/wp\/v2\/product_brand?post=80023"},{"taxonomy":"product_cat","embeddable":true,"href":"https:\/\/sezona.lv\/en\/wp-json\/wp\/v2\/product_cat?post=80023"},{"taxonomy":"product_tag","embeddable":true,"href":"https:\/\/sezona.lv\/en\/wp-json\/wp\/v2\/product_tag?post=80023"}],"curies":[{"name":"wp","href":"https:\/\/api.w.org\/{rel}","templated":true}]}}