{"id":80029,"date":"2025-07-11T17:18:45","date_gmt":"2025-07-11T14:18:45","guid":{"rendered":"https:\/\/demo8.ecube.lv\/sezona.lv\/products\/lietus-bikses-norfin-peak-pants\/"},"modified":"2025-07-14T15:49:46","modified_gmt":"2025-07-14T12:49:46","slug":"lietus-bikses-norfin-peak-pants","status":"publish","type":"product","link":"https:\/\/sezona.lv\/en\/products\/lietus-bikses-norfin-peak-pants\/","title":{"rendered":"Lietus bikses Norfin Peak Pants"},"content":{"rendered":"<ul>\n<\/ul>\n<div id=\"tab1\" class=\"tabContents\">\n<div class=\"item_desc\">\n<div id=\"tab1\" class=\"tabContents\">\n<div class=\"item_desc\">\n<p><span>NORFIN PEAK PANTS izgatavo&scaron;an\u0101 ir pielietots unik\u0101ls risin\u0101jums stiprin\u0101tu, v\u0113ja un lietus necaurlaid\u012bgu, membr\u0101nas materi\u0101lu izmanto&scaron;an\u0101. Pieredz\u0113ju&scaron;i mak&scaron;\u0137ernieki un akt\u012bv\u0101s atp\u016btas cien\u012bt\u0101ji nov\u0113rt\u0113s faktu, ka &scaron;\u012bs bikses ir apr\u012bkotas ar \u013coti iztur\u012bgu stiprin\u0101juma materi\u0101lu viet\u0101s, kuras visvair\u0101k pak\u013cautas apk\u0101rt\u0113j\u0101s vides iedarb\u012bbai. 100% \u016bdens necaurlaid\u012bg\u0101s bikses ir apr\u012bkotas ar div\u0101m funkcion\u0101l\u0101m s\u0101nu kabat\u0101m ar atlokiem un \u016bdens necaurlaid\u012bgiem YKK r\u0101v\u0113jsl\u0113dz\u0113jiem.<\/span><\/p>\n<ul>\n<li>Membr\u0101nas materi\u0101ls<\/li>\n<li>Divas \u016bdensiztur\u012bgas kabatas ar \u016bdens necaurlaid\u012bgiem&nbsp;<strong>YKK<\/strong>&nbsp;r\u0101v\u0113jsl\u0113dz\u0113jiem priek&scaron;pus\u0113 un viena aiz muguras<\/li>\n<li>Visas &scaron;uves ir r\u016bp\u012bgi nol\u012bm\u0113tas<\/li>\n<li>No\u0146emamas, regul\u0113jamas lences<\/li>\n<li>Bik&scaron;u aizdare ir apr\u012bkota ar&nbsp;<strong>YKK<\/strong>&nbsp;r\u0101v\u0113jsl\u0113dz\u0113ju un div\u0101m spiedpog\u0101m<\/li>\n<li>Stiprin\u0101ti ce\u013cgali un s\u0113\u017eamvieta<\/li>\n<\/ul>\n<p>Materi\u0101ls:&nbsp;<strong>NORTEX BREATHABLE<\/strong><br \/>Mitrumiztur\u012bba: 8 000 mm\/m2<br \/>&rdquo;Elpotsp\u0113ja&rdquo;: 5 000 g\/mm2\/24h<\/p>\n<\/div>\n<\/div>\n<\/div>\n<\/div>\n<ul>\n<\/ul>\n","protected":false},"excerpt":{"rendered":"<p>NORFIN PEAK PANTS izgatavo&scaron;an\u0101 ir pielietots unik\u0101ls risin\u0101jums stiprin\u0101tu, v\u0113ja un lietus necaurlaid\u012bgu, membr\u0101nas materi\u0101lu izmanto&scaron;an\u0101. Pieredz\u0113ju&scaron;i mak&scaron;\u0137ernieki un akt\u012bv\u0101s atp\u016btas cien\u012bt\u0101ji nov\u0113rt\u0113s faktu, ka &scaron;\u012bs bikses ir apr\u012bkotas ar \u013coti iztur\u012bgu stiprin\u0101juma materi\u0101lu viet\u0101s, kuras visvair\u0101k pak\u013cautas apk\u0101rt\u0113j\u0101s vides iedarb\u012bbai. 100% \u016bdens necaurlaid\u012bg\u0101s bikses ir apr\u012bkotas ar div\u0101m funkcion\u0101l\u0101m s\u0101nu kabat\u0101m ar atlokiem un [&hellip;]<\/p>\n","protected":false},"featured_media":74564,"template":"","meta":[],"product_brand":[899],"product_cat":[4538,4559,4560],"product_tag":[],"class_list":{"0":"post-80029","1":"product","2":"type-product","3":"status-publish","4":"has-post-thumbnail","6":"product_brand-norfin","7":"product_cat-fishing-equipment-recreation","8":"product_cat-equipment-fishing-equipment-recreation","9":"product_cat-clothes-equipment-fishing-equipment-recreation","11":"first","12":"instock","13":"shipping-taxable","14":"purchasable","15":"product-type-simple"},"_links":{"self":[{"href":"https:\/\/sezona.lv\/en\/wp-json\/wp\/v2\/product\/80029","targetHints":{"allow":["GET"]}}],"collection":[{"href":"https:\/\/sezona.lv\/en\/wp-json\/wp\/v2\/product"}],"about":[{"href":"https:\/\/sezona.lv\/en\/wp-json\/wp\/v2\/types\/product"}],"wp:featuredmedia":[{"embeddable":true,"href":"https:\/\/sezona.lv\/en\/wp-json\/wp\/v2\/media\/74564"}],"wp:attachment":[{"href":"https:\/\/sezona.lv\/en\/wp-json\/wp\/v2\/media?parent=80029"}],"wp:term":[{"taxonomy":"product_brand","embeddable":true,"href":"https:\/\/sezona.lv\/en\/wp-json\/wp\/v2\/product_brand?post=80029"},{"taxonomy":"product_cat","embeddable":true,"href":"https:\/\/sezona.lv\/en\/wp-json\/wp\/v2\/product_cat?post=80029"},{"taxonomy":"product_tag","embeddable":true,"href":"https:\/\/sezona.lv\/en\/wp-json\/wp\/v2\/product_tag?post=80029"}],"curies":[{"name":"wp","href":"https:\/\/api.w.org\/{rel}","templated":true}]}}