{"id":80032,"date":"2025-07-11T17:18:59","date_gmt":"2025-07-11T14:18:59","guid":{"rendered":"https:\/\/demo8.ecube.lv\/sezona.lv\/products\/armytek-wizard-c2-pro-max-magnet-usb-white-light-ipasi-jaudigs-pieres-lukturis\/"},"modified":"2025-07-14T15:49:49","modified_gmt":"2025-07-14T12:49:49","slug":"armytek-wizard-c2-pro-max-magnet-usb-white-light-ipasi-jaudigs-pieres-lukturis","status":"publish","type":"product","link":"https:\/\/sezona.lv\/en\/products\/armytek-wizard-c2-pro-max-magnet-usb-white-light-ipasi-jaudigs-pieres-lukturis\/","title":{"rendered":"ARMYTEK WIZARD C2 Pro Max Magnet USB (WHITE LIGHT) \u012bpa\u0161i jaud\u012bgs pieres lukturis"},"content":{"rendered":"<p>ARMYTEK WIZARD C2 Pro Max Magnet USB pieres lukturis.<\/p>\n<p class=\"text\"><big>Wizard C2 Pro Max is the newest model of the demanded all over the world multifunctional Armytek Wizard lineup. Not just bright, but astonishing light output of 4000 lumens.<\/big><\/p>\n<p class=\"text\"><big>Wide flood light of the flashlight is optimal both for operating at a close distance and for highlighting large spaces. Suitable for service and industrial works, outdoor activities or sports.<\/big><\/p>\n<p class=\"text\"><big>The main advantages of the flashlight are wide beam angles 110&deg;:150&deg; and an even smoother transition between hotspot and side spill. Combined with extended runtimes thanks to the larger capacity 21700 Li-Ion battery, these features make the use as convenient as possible. Fast magnetic USB charger charges the flashlight in just 5 hours 20 minutes.<\/big><\/p>\n<p class=\"text\"><big>Thanks to battery adapter in the set the flashlight also works on the common 18650 power supply. Headmount, clip, bike mount&nbsp;<a href=\"https:\/\/www.armytek.com\/accessories\/mounts\/armytek-bicycle-mount-abm-01\/\">ABM-01<\/a>&nbsp;and the magnet in the tailcap provide various attachment options. Wizard C2 Pro Max is compatible with original hard hat mounts.<\/big><\/p>\n<p class=\"text\"><big><strong>New optical system and TIR-lense:<\/strong>&nbsp;transmits more lumens, provides comfortable wide beam with 150&deg; spill.<\/big><\/p>\n<p class=\"text\"><big><strong>Maximum LED efficiency:<\/strong>&nbsp;wide new generation LED ensures better light efficiency with impressive output of 4000 lumens.<\/big><\/p>\n<p class=\"text\"><big><strong>New head design:<\/strong>&nbsp;improved heat dissipation and brighter light with more lumens.<\/big><\/p>\n<p class=\"text\"><big><strong>Enlarged side button:<\/strong>&nbsp;softer and more comfortable pressing.<\/big><\/p>\n<p class=\"text\"><big><strong>Innovated electronics and firmware:<\/strong>&nbsp;extended runtimes and enhanced brightness.<\/big><\/p>\n<p class=\"text\"><big><strong>Simple operation by default:<\/strong>&nbsp;easy to use right out of the box (6 modes), possible to switch to professional advanced operation with 10 modes.<\/big><\/p>\n<p class=\"text\"><big><strong>Improved springs:<\/strong>&nbsp;new springs for better protection of the battery and driver and increased performance efficiency.<\/big><\/p>\n<p class=\"text\"><big><strong>Stylish body:<\/strong>&nbsp;matte anodizing, laconic style, new corporate branding.<\/big><\/p>\n<p class=\"text\"><big><strong>Fast magnetic charger:<\/strong>&nbsp;21700 Li-Ion 5000 mAh battery is charged in the shortest time possible (5&nbsp;h 20&nbsp;min).<\/big><\/p>\n<div class=\"description-wrapper\"><big> <\/p>\n<ul>\n<li class=\"text\"><big><strong>Pro Max<\/strong>&nbsp;New generation electronics provides impressive light output of 4000 lumens. Constant brightness even at low ambient temperatures and not fully charged battery.<\/big><\/li>\n<li class=\"text\"><big><strong>Pro<\/strong>&nbsp;Multicolor temperature, battery level and state indication with the ability to turn it off.<\/big><\/li>\n<li class=\"text\"><big>Convenient wide beam of fully upgraded optical system, TIR-lense is protected from scratches by tempered glass with anti-reflective coating.<\/big><\/li>\n<li class=\"text\"><big>Innovative technology allows using any 21700 or 18650 Li-Ion batteries with 15A discharge current and provides full protection against short circuit even in case of contact between magnetic connector and metal objects.<\/big><\/li>\n<li class=\"text\"><big>Active real-time temperature control to prevent overheating above +58 &deg;C.<\/big><\/li>\n<li class=\"text\"><big>Total protection from water, dirt and dust in accordance with IP68 standard &mdash; flashlight continues to work even at 10 meters depth. Withstands fallings from up to 10 meters.<\/big><\/li>\n<li class=\"text\"><big>Robust and water resistant magnetic connector.<\/big><\/li>\n<li class=\"text\"><big>No hassle warranty 10 years.<\/big><\/li>\n<\/ul>\n<p class=\"text\"><big><strong>21700 Li-Ion battery (5000 mAh) is included in the set.<\/strong><\/big><strong><\/strong><\/p>\n<p><\/big><\/div>\n<p><strong>For effective operation of the flashlight we recommend branded 21700 Li-Ion batteries. Also 18650 Li-Ion batteries no more than 70 mm long with up to 18.7 mm diameter and permissible discharge current of at least 15A can be used together with battery adapter.<\/strong><\/p>\n<div class=\"ty-product-feature-group\">\n<div class=\"ty-subheader\">Light &amp; Optics<\/div>\n<div class=\"ty-product-feature\"><span class=\"ty-product-feature__label\">Color temperature:<\/span>&nbsp;White<\/div>\n<div class=\"ty-product-feature\"><span class=\"ty-product-feature__label\">LED:<\/span>&nbsp;Cree XHP70.2<\/div>\n<div class=\"ty-product-feature\"><span class=\"ty-product-feature__label\">Optics&nbsp;<span class=\"ty-help-info\"><a id=\"opener_content_69_notes\" class=\"cm-dialog-opener cm-dialog-auto-size \" rel=\"nofollow\"><\/a>&nbsp;<\/span>:<\/span>&nbsp;TIR<\/div>\n<div class=\"ty-product-feature\"><span class=\"ty-product-feature__label\">Light output, lumens:<\/span>&nbsp;4000<span class=\"ty-product-feature__suffix\">&nbsp;lm<\/span><\/div>\n<div class=\"ty-product-feature\"><span class=\"ty-product-feature__label\">Beam distance, meters:<\/span>&nbsp;114<span class=\"ty-product-feature__suffix\">&nbsp;m<\/span><\/div>\n<div class=\"ty-product-feature\"><span class=\"ty-product-feature__label\">Brightness stabilization type&nbsp;<span class=\"ty-help-info\"><a id=\"opener_content_70_notes\" class=\"cm-dialog-opener cm-dialog-auto-size \" rel=\"nofollow\"><\/a>&nbsp;<\/span>:<\/span>&nbsp;Full (constant light)<\/div>\n<div class=\"ty-product-feature\"><span class=\"ty-product-feature__label\">Hotspot:Spill:<\/span>&nbsp;110&deg;:150&deg;<\/div>\n<\/div>\n<div class=\"ty-product-feature-group\">\n<div class=\"ty-subheader\">Modes<\/div>\n<div class=\"ty-product-feature\"><span class=\"ty-product-feature__label\">Number of modes:<\/span>&nbsp;6 simple operation by default \/ 10 advanced operation<\/div>\n<div class=\"ty-product-feature\"><span class=\"ty-product-feature__label\">Runtime in maximum mode:<\/span>&nbsp;3 h 15 min (900 lm after 50 sec)<\/div>\n<div class=\"ty-product-feature\"><span class=\"ty-product-feature__label\">Runtime in minimum mode:<\/span>&nbsp;2 months<\/div>\n<div class=\"ty-product-feature\"><span class=\"ty-product-feature__label\">Strobe Mode:<\/span>&nbsp;Yes<\/div>\n<\/div>\n<div class=\"ty-product-feature-group\">\n<div class=\"ty-subheader\">Dimensions &amp; Weight<\/div>\n<div class=\"ty-product-feature\"><span class=\"ty-product-feature__label\">Head diameter:<\/span>&nbsp;34.4<span class=\"ty-product-feature__suffix\">&nbsp;mm<\/span><\/div>\n<div class=\"ty-product-feature\"><span class=\"ty-product-feature__label\">Body diameter:<\/span>&nbsp;23.6<span class=\"ty-product-feature__suffix\">&nbsp;mm<\/span><\/div>\n<div class=\"ty-product-feature\"><span class=\"ty-product-feature__label\">Length:<\/span>&nbsp;121.5<span class=\"ty-product-feature__suffix\">&nbsp;mm<\/span><\/div>\n<div class=\"ty-product-feature\"><span class=\"ty-product-feature__label\">Weight (without battery):<\/span>&nbsp;79<span class=\"ty-product-feature__suffix\">&nbsp;g<\/span><\/div>\n<\/div>\n<div class=\"ty-product-feature-group\">\n<div class=\"ty-subheader\">Body<\/div>\n<div class=\"ty-product-feature\"><span class=\"ty-product-feature__label\">Material&nbsp;<span class=\"ty-help-info\"><a id=\"opener_content_81_notes\" class=\"cm-dialog-opener cm-dialog-auto-size \" rel=\"nofollow\"><\/a>&nbsp;<\/span>:<\/span>&nbsp;Aircraft-grade aluminium<\/div>\n<div class=\"ty-product-feature\"><span class=\"ty-product-feature__label\">Anti-abrasive finish&nbsp;<span class=\"ty-help-info\"><a id=\"opener_content_82_notes\" class=\"cm-dialog-opener cm-dialog-auto-size \" rel=\"nofollow\"><\/a>&nbsp;<\/span>:<\/span>&nbsp;Premium type III hard anodizing 400HV<\/div>\n<div class=\"ty-product-feature\"><span class=\"ty-product-feature__label\">Waterproof and dustproof standard&nbsp;<span class=\"ty-help-info\"><a id=\"opener_content_85_notes\" class=\"cm-dialog-opener cm-dialog-auto-size \" rel=\"nofollow\"><\/a>&nbsp;<\/span>:<\/span>&nbsp;IP68<\/div>\n<div class=\"ty-product-feature\"><span class=\"ty-product-feature__label\">Safe submersion depth:<\/span>&nbsp;10<span class=\"ty-product-feature__suffix\">&nbsp;m<\/span><\/div>\n<div class=\"ty-product-feature\"><span class=\"ty-product-feature__label\">Safe fallings height:<\/span>&nbsp;10<span class=\"ty-product-feature__suffix\">&nbsp;m<\/span><\/div>\n<div class=\"ty-product-feature\"><span class=\"ty-product-feature__label\">Operating temperatures:<\/span>&nbsp;-25..+40<span class=\"ty-product-feature__suffix\">&nbsp;&deg;C<\/span><\/div>\n<\/div>\n<div class=\"ty-product-feature-group\">\n<div class=\"ty-subheader\">Electronics<\/div>\n<div class=\"ty-product-feature\"><span class=\"ty-product-feature__label\">Battery compatibility:<\/span>&nbsp;1\u044521700 Li-Ion, 1&#215;18650 Li-Ion (with battery adapter)<\/div>\n<div class=\"ty-product-feature\"><span class=\"ty-product-feature__label\">Ability to use batteries with PCB:<\/span>&nbsp;Yes<\/div>\n<div class=\"ty-product-feature\"><span class=\"ty-product-feature__label\">Ability to use batteries without PCB:<\/span>&nbsp;Yes<\/div>\n<div class=\"ty-product-feature\"><span class=\"ty-product-feature__label\">Protection from accidental switch-on:<\/span>&nbsp;Yes<\/div>\n<div class=\"ty-product-feature\"><span class=\"ty-product-feature__label\">Color battery state indication:<\/span>&nbsp;Yes<\/div>\n<div class=\"ty-product-feature\"><span class=\"ty-product-feature__label\">Indication of low battery level:<\/span>&nbsp;Yes<\/div>\n<\/div>\n","protected":false},"excerpt":{"rendered":"<p>ARMYTEK WIZARD C2 Pro Max Magnet USB pieres lukturis. Wizard C2 Pro Max is the newest model of the demanded all over the world multifunctional Armytek Wizard lineup. Not just bright, but astonishing light output of 4000 lumens. Wide flood light of the flashlight is optimal both for operating at a close distance and for [&hellip;]<\/p>\n","protected":false},"featured_media":74597,"template":"","meta":[],"product_brand":[],"product_cat":[4558,4572],"product_tag":[],"class_list":{"0":"post-80032","1":"product","2":"type-product","3":"status-publish","4":"has-post-thumbnail","6":"product_cat-for-tourism-recreation","7":"product_cat-lights-for-tourism-recreation","9":"first","10":"instock","11":"sale","12":"shipping-taxable","13":"purchasable","14":"product-type-simple"},"_links":{"self":[{"href":"https:\/\/sezona.lv\/en\/wp-json\/wp\/v2\/product\/80032","targetHints":{"allow":["GET"]}}],"collection":[{"href":"https:\/\/sezona.lv\/en\/wp-json\/wp\/v2\/product"}],"about":[{"href":"https:\/\/sezona.lv\/en\/wp-json\/wp\/v2\/types\/product"}],"wp:featuredmedia":[{"embeddable":true,"href":"https:\/\/sezona.lv\/en\/wp-json\/wp\/v2\/media\/74597"}],"wp:attachment":[{"href":"https:\/\/sezona.lv\/en\/wp-json\/wp\/v2\/media?parent=80032"}],"wp:term":[{"taxonomy":"product_brand","embeddable":true,"href":"https:\/\/sezona.lv\/en\/wp-json\/wp\/v2\/product_brand?post=80032"},{"taxonomy":"product_cat","embeddable":true,"href":"https:\/\/sezona.lv\/en\/wp-json\/wp\/v2\/product_cat?post=80032"},{"taxonomy":"product_tag","embeddable":true,"href":"https:\/\/sezona.lv\/en\/wp-json\/wp\/v2\/product_tag?post=80032"}],"curies":[{"name":"wp","href":"https:\/\/api.w.org\/{rel}","templated":true}]}}