{"id":80036,"date":"2025-07-14T15:49:53","date_gmt":"2025-07-14T12:49:53","guid":{"rendered":"https:\/\/demo8.ecube.lv\/sezona.lv\/products\/peldosais-ziemas-kostims-norfin-element-flt\/"},"modified":"2025-07-14T15:49:53","modified_gmt":"2025-07-14T12:49:53","slug":"peldosais-ziemas-kostims-norfin-element-flt","status":"publish","type":"product","link":"https:\/\/sezona.lv\/en\/products\/peldosais-ziemas-kostims-norfin-element-flt\/","title":{"rendered":"Peldo\u0161ais ziemas kost\u012bms Norfin ELEMENT FLT"},"content":{"rendered":"<p><span>Kombinezons ar siltin\u0101jumu, kuram piem\u012bt peld\u012bpa&scaron;\u012bbas un neierobe\u017eo kust\u012bbas, nodro&scaron;ina papildus aizsardz\u012bbu mak&scaron;\u0137erniekam iekr\u012btot \u016bden\u012b. Membr\u0101nas materi\u0101ls ar v\u0113ja un \u016bdensnecaurlaid\u012bbu NORTEX BREATHABLE, siltin\u0101jums FLT GUARD. Piem\u0113rots izmanto&scaron;anai temperat\u016br\u0101 l\u012bdz -20C.<\/span><\/p>\n<ul>\n<dt>JAKA:<\/dt>\n<li>Regul\u0113jama apjoma kapuce ar nagu<\/li>\n<li>Ar r\u0101v\u0113jsl\u0113dz\u0113ju stiprin\u0101ma kapuce<\/li>\n<li>Augsta apkakle ar siltu fl\u012bsa oderi<\/li>\n<li>Divpus\u0113js r\u0101v\u0113jsl\u0113dz\u0113js<\/li>\n<li>Jakas apjomu regul\u0113jamas savilces<\/li>\n<li>Roku sild\u0101m\u0101s kabatas<\/li>\n<li>\u0112rtas \u0101r\u0113j\u0101s un iek&scaron;\u0113j\u0101s kabatas<\/li>\n<li>Elast\u012bgas iek&scaron;\u0113j\u0101s man\u017eetes<\/li>\n<li>Regul\u0113jamas \u0101r\u0113j\u0101s man\u017eetes<\/li>\n<li>Nol\u012bm\u0113tas &scaron;uves<\/li>\n<dt>PUSKOMBINEZONS:<\/dt>\n<li>Regul\u0113jamas plecu lentes<\/li>\n<li>Divpus\u0113js r\u0101v\u0113jsl\u0113dz\u0113js<\/li>\n<li>Divas \u0101r\u0113j\u0101s kabatas<\/li>\n<\/ul>\n<div id=\"description\" class=\"tab-pane active\">\n<p>Materi\u0101ls:&nbsp;<strong>NORTEX BREATHHABLE<\/strong><br \/>Mitrumiztur\u012bba: 6&nbsp;000&nbsp;mm<br \/>Elpotsp\u0113ja: 4&nbsp;000 g\/m&sup2;\/24h<br \/>Siltin\u0101jums:&nbsp;<strong>HOLLOFIL<\/strong><\/p>\n<\/div>\n","protected":false},"excerpt":{"rendered":"<p>Kombinezons ar siltin\u0101jumu, kuram piem\u012bt peld\u012bpa&scaron;\u012bbas un neierobe\u017eo kust\u012bbas, nodro&scaron;ina papildus aizsardz\u012bbu mak&scaron;\u0137erniekam iekr\u012btot \u016bden\u012b. Membr\u0101nas materi\u0101ls ar v\u0113ja un \u016bdensnecaurlaid\u012bbu NORTEX BREATHABLE, siltin\u0101jums FLT GUARD. Piem\u0113rots izmanto&scaron;anai temperat\u016br\u0101 l\u012bdz -20C. JAKA: Regul\u0113jama apjoma kapuce ar nagu Ar r\u0101v\u0113jsl\u0113dz\u0113ju stiprin\u0101ma kapuce Augsta apkakle ar siltu fl\u012bsa oderi Divpus\u0113js r\u0101v\u0113jsl\u0113dz\u0113js Jakas apjomu regul\u0113jamas savilces Roku sild\u0101m\u0101s [&hellip;]<\/p>\n","protected":false},"featured_media":0,"template":"","meta":[],"product_brand":[899],"product_cat":[4619,4620,4640,4993],"product_tag":[],"class_list":{"0":"post-80036","1":"product","2":"type-product","3":"status-publish","5":"product_brand-norfin","6":"product_cat-winter-clothes-recreation","7":"product_cat-norfin-suits-winter-suits-for-fishing","8":"product_cat-recreation","9":"product_cat-winter-suits-for-fishing-winter-clothes-recreation","11":"first","12":"instock","13":"shipping-taxable","14":"purchasable","15":"product-type-simple"},"_links":{"self":[{"href":"https:\/\/sezona.lv\/en\/wp-json\/wp\/v2\/product\/80036","targetHints":{"allow":["GET"]}}],"collection":[{"href":"https:\/\/sezona.lv\/en\/wp-json\/wp\/v2\/product"}],"about":[{"href":"https:\/\/sezona.lv\/en\/wp-json\/wp\/v2\/types\/product"}],"wp:attachment":[{"href":"https:\/\/sezona.lv\/en\/wp-json\/wp\/v2\/media?parent=80036"}],"wp:term":[{"taxonomy":"product_brand","embeddable":true,"href":"https:\/\/sezona.lv\/en\/wp-json\/wp\/v2\/product_brand?post=80036"},{"taxonomy":"product_cat","embeddable":true,"href":"https:\/\/sezona.lv\/en\/wp-json\/wp\/v2\/product_cat?post=80036"},{"taxonomy":"product_tag","embeddable":true,"href":"https:\/\/sezona.lv\/en\/wp-json\/wp\/v2\/product_tag?post=80036"}],"curies":[{"name":"wp","href":"https:\/\/api.w.org\/{rel}","templated":true}]}}