{"id":80040,"date":"2025-07-14T15:49:57","date_gmt":"2025-07-14T12:49:57","guid":{"rendered":"https:\/\/demo8.ecube.lv\/sezona.lv\/products\/ziemas-makskeres-komplekts-lucky-john-balanced-lure-set\/"},"modified":"2025-07-14T15:49:57","modified_gmt":"2025-07-14T12:49:57","slug":"ziemas-makskeres-komplekts-lucky-john-balanced-lure-set","status":"publish","type":"product","link":"https:\/\/sezona.lv\/en\/products\/ziemas-makskeres-komplekts-lucky-john-balanced-lure-set\/","title":{"rendered":"Ziemas mak\u0161\u0137eres komplekts Lucky John BALANCED LURE SET"},"content":{"rendered":"<p><span>Lieto&scaron;anai gatavs ziemas mak&scaron;\u0137eres komplekts nelielu pl\u0113s\u012bgo zivju \u0137er&scaron;anai. Komplekt\u0101 ietilpst \u013coti viegla vienda\u013c\u012bga ziemas mak&scaron;\u0137er\u012bte Lucky John C-TECH JIG LIGHT, jau gadiem p\u0101rbaud\u012bt\u0101 ziemas aukla Lucky John MGC (0,16mm, 30 metri) un popul\u0101rais balansieris Lucky John CLASSIC 4 (kr\u0101sojums 12HRT). Lielisks variants gan ies\u0101c\u0113jiem, gan jau pieredz\u0113ju&scaron;iem mak&scaron;\u0137erniekiem. Laba ideja d\u0101vanai.<\/span><\/p>\n","protected":false},"excerpt":{"rendered":"<p>Lieto&scaron;anai gatavs ziemas mak&scaron;\u0137eres komplekts nelielu pl\u0113s\u012bgo zivju \u0137er&scaron;anai. Komplekt\u0101 ietilpst \u013coti viegla vienda\u013c\u012bga ziemas mak&scaron;\u0137er\u012bte Lucky John C-TECH JIG LIGHT, jau gadiem p\u0101rbaud\u012bt\u0101 ziemas aukla Lucky John MGC (0,16mm, 30 metri) un popul\u0101rais balansieris Lucky John CLASSIC 4 (kr\u0101sojums 12HRT). Lielisks variants gan ies\u0101c\u0113jiem, gan jau pieredz\u0113ju&scaron;iem mak&scaron;\u0137erniekiem. Laba ideja d\u0101vanai.<\/p>\n","protected":false},"featured_media":0,"template":"","meta":[],"product_brand":[],"product_cat":[4585,4640,5047],"product_tag":[],"class_list":{"0":"post-80040","1":"product","2":"type-product","3":"status-publish","5":"product_cat-winter-fishing-equipment-recreation","6":"product_cat-recreation","7":"product_cat-winter-sets-winter-fishing-equipment-recreation","9":"first","10":"instock","11":"shipping-taxable","12":"purchasable","13":"product-type-simple"},"_links":{"self":[{"href":"https:\/\/sezona.lv\/en\/wp-json\/wp\/v2\/product\/80040","targetHints":{"allow":["GET"]}}],"collection":[{"href":"https:\/\/sezona.lv\/en\/wp-json\/wp\/v2\/product"}],"about":[{"href":"https:\/\/sezona.lv\/en\/wp-json\/wp\/v2\/types\/product"}],"wp:attachment":[{"href":"https:\/\/sezona.lv\/en\/wp-json\/wp\/v2\/media?parent=80040"}],"wp:term":[{"taxonomy":"product_brand","embeddable":true,"href":"https:\/\/sezona.lv\/en\/wp-json\/wp\/v2\/product_brand?post=80040"},{"taxonomy":"product_cat","embeddable":true,"href":"https:\/\/sezona.lv\/en\/wp-json\/wp\/v2\/product_cat?post=80040"},{"taxonomy":"product_tag","embeddable":true,"href":"https:\/\/sezona.lv\/en\/wp-json\/wp\/v2\/product_tag?post=80040"}],"curies":[{"name":"wp","href":"https:\/\/api.w.org\/{rel}","templated":true}]}}