{"id":80042,"date":"2025-07-14T15:49:58","date_gmt":"2025-07-14T12:49:58","guid":{"rendered":"https:\/\/demo8.ecube.lv\/sezona.lv\/products\/ziemas-makskeres-komplekts-lucky-john-perch-set\/"},"modified":"2025-07-14T15:49:58","modified_gmt":"2025-07-14T12:49:58","slug":"ziemas-makskeres-komplekts-lucky-john-perch-set","status":"publish","type":"product","link":"https:\/\/sezona.lv\/en\/products\/ziemas-makskeres-komplekts-lucky-john-perch-set\/","title":{"rendered":"Ziemas mak\u0161\u0137eres komplekts Lucky John PERCH SET"},"content":{"rendered":"<p><span>Lieto&scaron;anai gatavs ziemas mak&scaron;\u0137eres komplekts asaru \u0137er&scaron;anai. Komplekt\u0101 ietilpst ziemas mak&scaron;\u0137ere, spole, ziemas aukla un b\u013citka. J\u016bt\u012bga, bet \u013coti iztur\u012bga graf\u012bta mak&scaron;\u0137er\u012bte, apr\u012bkota ar ziemas copei piem\u0113rotu spol\u012bti uz gara k\u0101ti\u0146a, lai to dro&scaron;i var\u0113tu izmantot ar\u012b ziemas cimdos, jau uzt\u012bta uz spol\u012btes 0,20mm bieza monof\u012bl\u0101 aukla (30 metru tinums), k\u0101 ar\u012b klasiskas formas sudraba kr\u0101sas b\u013citki\u0146a. Lielisks variants gan ies\u0101c\u0113jiem, gan jau pieredz\u0113ju&scaron;iem mak&scaron;\u0137erniekiem. Laba ideja d\u0101vanai.<\/span><\/p>\n","protected":false},"excerpt":{"rendered":"<p>Lieto&scaron;anai gatavs ziemas mak&scaron;\u0137eres komplekts asaru \u0137er&scaron;anai. Komplekt\u0101 ietilpst ziemas mak&scaron;\u0137ere, spole, ziemas aukla un b\u013citka. J\u016bt\u012bga, bet \u013coti iztur\u012bga graf\u012bta mak&scaron;\u0137er\u012bte, apr\u012bkota ar ziemas copei piem\u0113rotu spol\u012bti uz gara k\u0101ti\u0146a, lai to dro&scaron;i var\u0113tu izmantot ar\u012b ziemas cimdos, jau uzt\u012bta uz spol\u012btes 0,20mm bieza monof\u012bl\u0101 aukla (30 metru tinums), k\u0101 ar\u012b klasiskas formas sudraba [&hellip;]<\/p>\n","protected":false},"featured_media":0,"template":"","meta":[],"product_brand":[],"product_cat":[4585,4640,5047],"product_tag":[],"class_list":{"0":"post-80042","1":"product","2":"type-product","3":"status-publish","5":"product_cat-winter-fishing-equipment-recreation","6":"product_cat-recreation","7":"product_cat-winter-sets-winter-fishing-equipment-recreation","9":"first","10":"instock","11":"shipping-taxable","12":"purchasable","13":"product-type-simple"},"_links":{"self":[{"href":"https:\/\/sezona.lv\/en\/wp-json\/wp\/v2\/product\/80042","targetHints":{"allow":["GET"]}}],"collection":[{"href":"https:\/\/sezona.lv\/en\/wp-json\/wp\/v2\/product"}],"about":[{"href":"https:\/\/sezona.lv\/en\/wp-json\/wp\/v2\/types\/product"}],"wp:attachment":[{"href":"https:\/\/sezona.lv\/en\/wp-json\/wp\/v2\/media?parent=80042"}],"wp:term":[{"taxonomy":"product_brand","embeddable":true,"href":"https:\/\/sezona.lv\/en\/wp-json\/wp\/v2\/product_brand?post=80042"},{"taxonomy":"product_cat","embeddable":true,"href":"https:\/\/sezona.lv\/en\/wp-json\/wp\/v2\/product_cat?post=80042"},{"taxonomy":"product_tag","embeddable":true,"href":"https:\/\/sezona.lv\/en\/wp-json\/wp\/v2\/product_tag?post=80042"}],"curies":[{"name":"wp","href":"https:\/\/api.w.org\/{rel}","templated":true}]}}