{"id":80045,"date":"2025-07-14T15:50:01","date_gmt":"2025-07-14T12:50:01","guid":{"rendered":"https:\/\/demo8.ecube.lv\/sezona.lv\/products\/dr-hunter-vissezonas-merino-termozekes\/"},"modified":"2025-07-14T15:50:01","modified_gmt":"2025-07-14T12:50:01","slug":"dr-hunter-vissezonas-merino-termozekes","status":"publish","type":"product","link":"https:\/\/sezona.lv\/en\/products\/dr-hunter-vissezonas-merino-termozekes\/","title":{"rendered":"Dr Hunter vissezonas merino termoze\u0137es"},"content":{"rendered":"<p>Dr Hunter vissezonas merino termoze\u0137es.<\/p>\n<p>&Scaron;\u012bs ir vid\u0113ja svara, funkcion\u0101las termove\u013cas ze\u0137es.<\/p>\n<p>Ze\u0137u konstrukcija ir no daudzsl\u0101\u0146u frot\u0113 (pl\u012b&scaron;a) integr\u0113ta ad\u012bjuma.<\/p>\n<p>P\u0113di\u0146a ir pastiprin\u0101ta ar Merino vilnas dziju no Schoeller (Austija), kas kombin\u0113ta ar polipropil\u0113nu.<\/p>\n<p>Frot\u0113 (pl\u012b&scaron;a) ze\u0137es priek&scaron;p\u0113di maigi v\u0113dina garenisk\u0101s ribas p\u0101ri p\u0113dai, un elast\u012bg\u0101s lentes &scaron;\u0137\u0113rso pot\u012bti, lai ze\u0137e nenosl\u0113d\u0113tu uz p\u0113das. Pirkstu loc\u012btava ir smalki sa&scaron;\u016bta, apak&scaron;mala nav apgriezta, satv\u0113riens ir maigs.<\/p>\n<p>&Scaron;\u012b&scaron; termoze\u0137es ir piem\u0113rotas lieto&scaron;anai visu gadu, \u012bpa&scaron;i ruden\u012b un pavasar\u012b. T\u0101m ir lieliska termoregul\u0101cija, kas nodro&scaron;ina komfortu pie bie\u017eas temperat\u016bras mai\u0146as.<\/p>\n<p>THERMOFIBRE un THERMOFIBRE-WOLLE frot\u0113 (pl\u012b&scaron;a) daudzsl\u0101\u0146u trikot\u0101\u017eas audums nodro&scaron;ina izol\u0101ciju un aizsardz\u012bbu p\u0113dai, pap\u0113dim, pirkstiem un pot\u012btei.<\/p>\n<p>Izcili novada sviedrus un mitrumu.<\/p>\n<p>Elast\u012bg\u0101 &scaron;\u0137iedra garant\u0113 anatomisku ze\u0137es izkl\u0101jumu ar k\u0101ju visu ze\u0137es lieto&scaron;anas laiku.<\/p>\n<p>T\u0101s ir paredz\u0113tas visas dienas p\u0101rg\u0101jieniem, ce\u013cojumiem un darba slodzei vieglos, bet iztur\u012bgos funkcion\u0101lajos un Goretex apavos.<\/p>\n<p>Sast\u0101vs: 45% polipropil\u0113ns, 25% kokvilna, 20% Merino vilna (Merino Schoeller), 10% elast\u0101ns.<\/p>\n<p>&nbsp;<\/p>\n","protected":false},"excerpt":{"rendered":"<p>Dr Hunter vissezonas merino termoze\u0137es. &Scaron;\u012bs ir vid\u0113ja svara, funkcion\u0101las termove\u013cas ze\u0137es. Ze\u0137u konstrukcija ir no daudzsl\u0101\u0146u frot\u0113 (pl\u012b&scaron;a) integr\u0113ta ad\u012bjuma. P\u0113di\u0146a ir pastiprin\u0101ta ar Merino vilnas dziju no Schoeller (Austija), kas kombin\u0113ta ar polipropil\u0113nu. Frot\u0113 (pl\u012b&scaron;a) ze\u0137es priek&scaron;p\u0113di maigi v\u0113dina garenisk\u0101s ribas p\u0101ri p\u0113dai, un elast\u012bg\u0101s lentes &scaron;\u0137\u0113rso pot\u012bti, lai ze\u0137e nenosl\u0113d\u0113tu uz p\u0113das. [&hellip;]<\/p>\n","protected":false},"featured_media":0,"template":"","meta":[],"product_brand":[],"product_cat":[4619,4637,4640],"product_tag":[],"class_list":{"0":"post-80045","1":"product","2":"type-product","3":"status-publish","5":"product_cat-winter-clothes-recreation","6":"product_cat-thermo-socks-winter-clothes-recreation","7":"product_cat-recreation","9":"first","10":"instock","11":"shipping-taxable","12":"purchasable","13":"product-type-simple"},"_links":{"self":[{"href":"https:\/\/sezona.lv\/en\/wp-json\/wp\/v2\/product\/80045","targetHints":{"allow":["GET"]}}],"collection":[{"href":"https:\/\/sezona.lv\/en\/wp-json\/wp\/v2\/product"}],"about":[{"href":"https:\/\/sezona.lv\/en\/wp-json\/wp\/v2\/types\/product"}],"wp:attachment":[{"href":"https:\/\/sezona.lv\/en\/wp-json\/wp\/v2\/media?parent=80045"}],"wp:term":[{"taxonomy":"product_brand","embeddable":true,"href":"https:\/\/sezona.lv\/en\/wp-json\/wp\/v2\/product_brand?post=80045"},{"taxonomy":"product_cat","embeddable":true,"href":"https:\/\/sezona.lv\/en\/wp-json\/wp\/v2\/product_cat?post=80045"},{"taxonomy":"product_tag","embeddable":true,"href":"https:\/\/sezona.lv\/en\/wp-json\/wp\/v2\/product_tag?post=80045"}],"curies":[{"name":"wp","href":"https:\/\/api.w.org\/{rel}","templated":true}]}}