{"id":80046,"date":"2025-07-14T15:50:02","date_gmt":"2025-07-14T12:50:02","guid":{"rendered":"https:\/\/demo8.ecube.lv\/sezona.lv\/products\/dr-hunter-ziemas-merino-termozekes\/"},"modified":"2025-07-14T15:50:02","modified_gmt":"2025-07-14T12:50:02","slug":"dr-hunter-ziemas-merino-termozekes","status":"publish","type":"product","link":"https:\/\/sezona.lv\/en\/products\/dr-hunter-ziemas-merino-termozekes\/","title":{"rendered":"Dr Hunter ziemas merino termoze\u0137es"},"content":{"rendered":"<p>Dr Hunter ziemas merino termoze\u0137es.<\/p>\n<p>&Scaron;\u012bs ir augstas veiktsp\u0113jas funkcion\u0101l\u0101s termove\u013cas ze\u0137es.<\/p>\n<p>Termoze\u0137es ir piln\u012bb\u0101 izgatavotas no daudzsl\u0101\u0146u frot\u0113 (pl\u012b&scaron;a) integr\u0113ta ad\u012bjuma.<\/p>\n<p>P\u0113di\u0146a ir pastiprin\u0101ta ar Merino vilnas dziju no Schoeller (Austija), kas kombin\u0113ta ar polipropil\u0113nu.<\/p>\n<p>Frot\u0113 (pl\u012b&scaron;a) ze\u0137es priek&scaron;p\u0113di maigi v\u0113dina garenisk\u0101s ribas p\u0101ri p\u0113dai, un elast\u012bg\u0101s lentes &scaron;\u0137\u0113rso pot\u012bti, lai ze\u0137e nenosl\u0113d\u0113tu uz p\u0113das. Pirkstu loc\u012btava ir smalki sa&scaron;\u016bta, apak&scaron;mala nav apgriezta, satv\u0113riens ir maigs.<\/p>\n<p>&Scaron;\u012b&scaron; termoze\u0137es ir piem\u0113rotas lieto&scaron;anai ziem\u0101. T\u0101m ir lieliska termoregul\u0101cija, kas nodro&scaron;ina komfortu pie bie\u017eas temperat\u016bras mai\u0146as.<\/p>\n<p>THERMOFIBRE un THERMOFIBRE-WOLLE frot\u0113 (pl\u012b&scaron;a) daudzsl\u0101\u0146u trikot\u0101\u017eas audums nodro&scaron;ina izol\u0101ciju un aizsardz\u012bbu p\u0113dai, pap\u0113dim, pirkstiem un pot\u012btei.<\/p>\n<p>Izcili novada sviedrus un mitrumu.<\/p>\n<p>Elast\u012bg\u0101 &scaron;\u0137iedra garant\u0113 anatomisku ze\u0137es izkl\u0101jumu ar k\u0101ju visu ze\u0137es lieto&scaron;anas laiku.<\/p>\n<p>T\u0101s ir paredz\u0113tas lieto&scaron;anai p\u0101rg\u0101jieniem, \u0101ra aktivit\u0101t\u0113m un aukst\u0101 laik\u0101 veicam\u0101m darba aktivit\u0101t\u0113m.<\/p>\n<p>Izteikta Dr. Hunter ziemas ze\u0137u konstrukcijas un dizaina priek&scaron;roc\u012bba ir prec\u012bza vilnas dzijas daudzuma ieau&scaron;ana aukstumam pak\u013cautaj\u0101s ze\u0137u viet\u0101s.<\/p>\n<p>Sast\u0101vs: 40% polipropil\u0113ns, 25% kokvilna, 25% Merino vilna (Merino Schoeller), 7% poliam\u012bds, 3% elast\u0101ns.<\/p>\n","protected":false},"excerpt":{"rendered":"<p>Dr Hunter ziemas merino termoze\u0137es. &Scaron;\u012bs ir augstas veiktsp\u0113jas funkcion\u0101l\u0101s termove\u013cas ze\u0137es. Termoze\u0137es ir piln\u012bb\u0101 izgatavotas no daudzsl\u0101\u0146u frot\u0113 (pl\u012b&scaron;a) integr\u0113ta ad\u012bjuma. P\u0113di\u0146a ir pastiprin\u0101ta ar Merino vilnas dziju no Schoeller (Austija), kas kombin\u0113ta ar polipropil\u0113nu. Frot\u0113 (pl\u012b&scaron;a) ze\u0137es priek&scaron;p\u0113di maigi v\u0113dina garenisk\u0101s ribas p\u0101ri p\u0113dai, un elast\u012bg\u0101s lentes &scaron;\u0137\u0113rso pot\u012bti, lai ze\u0137e nenosl\u0113d\u0113tu uz [&hellip;]<\/p>\n","protected":false},"featured_media":0,"template":"","meta":[],"product_brand":[],"product_cat":[4619,4637,4640],"product_tag":[],"class_list":{"0":"post-80046","1":"product","2":"type-product","3":"status-publish","5":"product_cat-winter-clothes-recreation","6":"product_cat-thermo-socks-winter-clothes-recreation","7":"product_cat-recreation","9":"first","10":"instock","11":"shipping-taxable","12":"purchasable","13":"product-type-simple"},"_links":{"self":[{"href":"https:\/\/sezona.lv\/en\/wp-json\/wp\/v2\/product\/80046","targetHints":{"allow":["GET"]}}],"collection":[{"href":"https:\/\/sezona.lv\/en\/wp-json\/wp\/v2\/product"}],"about":[{"href":"https:\/\/sezona.lv\/en\/wp-json\/wp\/v2\/types\/product"}],"wp:attachment":[{"href":"https:\/\/sezona.lv\/en\/wp-json\/wp\/v2\/media?parent=80046"}],"wp:term":[{"taxonomy":"product_brand","embeddable":true,"href":"https:\/\/sezona.lv\/en\/wp-json\/wp\/v2\/product_brand?post=80046"},{"taxonomy":"product_cat","embeddable":true,"href":"https:\/\/sezona.lv\/en\/wp-json\/wp\/v2\/product_cat?post=80046"},{"taxonomy":"product_tag","embeddable":true,"href":"https:\/\/sezona.lv\/en\/wp-json\/wp\/v2\/product_tag?post=80046"}],"curies":[{"name":"wp","href":"https:\/\/api.w.org\/{rel}","templated":true}]}}