{"id":80060,"date":"2025-07-11T17:19:49","date_gmt":"2025-07-11T14:19:49","guid":{"rendered":"https:\/\/demo8.ecube.lv\/sezona.lv\/products\/mepps-komplekts-universals-6-rotini\/"},"modified":"2025-07-14T15:50:16","modified_gmt":"2025-07-14T12:50:16","slug":"mepps-komplekts-universals-6-rotini","status":"publish","type":"product","link":"https:\/\/sezona.lv\/en\/products\/mepps-komplekts-universals-6-rotini\/","title":{"rendered":"Mepps komplekts univers\u0101ls 6 roti\u0146i"},"content":{"rendered":"<p>Mepps roti\u0146i- klasika, kam ir oblig\u0101ti j\u0101b\u016bt katra mak&scaron;\u0137ernieka mak&scaron;\u0137er\u0113&scaron;anas piederumu kast\u0113!<\/p>\n<p class=\"MsoNormal\"><span lang=\"LV\">Mepps roti\u0146i ir br\u012bni&scaron;\u0137\u012bgi m\u0101nek\u013ci, kas ir prec\u012bzi konstru\u0113ti t\u0101, lai tie s\u0101k vienm\u0113r\u012bgi griezties, tikl\u012bdz tie non\u0101k \u016bden\u012b.<\/span><\/p>\n<p class=\"MsoNormal\"><span lang=\"LV\">Ar nevienu citu m\u0101nekli nav no\u0137erts tik daudz rekorddaudz zivju vis\u0101 pasaul\u0113.<\/span><\/p>\n<p>Komplekt\u0101 6 roti\u0146i, kas paredz\u0113ti da\u017e\u0101du pl\u0113s\u012bgo zivju copei.<\/p>\n","protected":false},"excerpt":{"rendered":"<p>Mepps roti\u0146i- klasika, kam ir oblig\u0101ti j\u0101b\u016bt katra mak&scaron;\u0137ernieka mak&scaron;\u0137er\u0113&scaron;anas piederumu kast\u0113! Mepps roti\u0146i ir br\u012bni&scaron;\u0137\u012bgi m\u0101nek\u013ci, kas ir prec\u012bzi konstru\u0113ti t\u0101, lai tie s\u0101k vienm\u0113r\u012bgi griezties, tikl\u012bdz tie non\u0101k \u016bden\u012b. Ar nevienu citu m\u0101nekli nav no\u0137erts tik daudz rekorddaudz zivju vis\u0101 pasaul\u0113. Komplekt\u0101 6 roti\u0146i, kas paredz\u0113ti da\u017e\u0101du pl\u0113s\u012bgo zivju copei.<\/p>\n","protected":false},"featured_media":111502,"template":"","meta":[],"product_brand":[],"product_cat":[4538,4564,5049],"product_tag":[],"class_list":{"0":"post-80060","1":"product","2":"type-product","3":"status-publish","4":"has-post-thumbnail","6":"product_cat-fishing-equipment-recreation","7":"product_cat-lures-fishing-equipment-recreation","8":"product_cat-mepps-rollers-lures-fishing-equipment-recreation","10":"first","11":"instock","12":"shipping-taxable","13":"purchasable","14":"product-type-simple"},"_links":{"self":[{"href":"https:\/\/sezona.lv\/en\/wp-json\/wp\/v2\/product\/80060","targetHints":{"allow":["GET"]}}],"collection":[{"href":"https:\/\/sezona.lv\/en\/wp-json\/wp\/v2\/product"}],"about":[{"href":"https:\/\/sezona.lv\/en\/wp-json\/wp\/v2\/types\/product"}],"wp:featuredmedia":[{"embeddable":true,"href":"https:\/\/sezona.lv\/en\/wp-json\/wp\/v2\/media\/111502"}],"wp:attachment":[{"href":"https:\/\/sezona.lv\/en\/wp-json\/wp\/v2\/media?parent=80060"}],"wp:term":[{"taxonomy":"product_brand","embeddable":true,"href":"https:\/\/sezona.lv\/en\/wp-json\/wp\/v2\/product_brand?post=80060"},{"taxonomy":"product_cat","embeddable":true,"href":"https:\/\/sezona.lv\/en\/wp-json\/wp\/v2\/product_cat?post=80060"},{"taxonomy":"product_tag","embeddable":true,"href":"https:\/\/sezona.lv\/en\/wp-json\/wp\/v2\/product_tag?post=80060"}],"curies":[{"name":"wp","href":"https:\/\/api.w.org\/{rel}","templated":true}]}}