{"id":80064,"date":"2025-07-11T17:19:54","date_gmt":"2025-07-11T14:19:54","guid":{"rendered":"https:\/\/demo8.ecube.lv\/sezona.lv\/products\/spole-savage-gear-sg2-2500-fd\/"},"modified":"2025-07-14T15:50:20","modified_gmt":"2025-07-14T12:50:20","slug":"spole-savage-gear-sg2-2500-fd","status":"publish","type":"product","link":"https:\/\/sezona.lv\/en\/products\/spole-savage-gear-sg2-2500-fd\/","title":{"rendered":"Spole Savage Gear SG2 2500 FD"},"content":{"rendered":"<p>Spole Savage Gear SG2 2500 FD.<\/p>\n<p>Izgatavota no \u012bpa&scaron;i iztur\u012bga graf\u012bta kompoz\u012bta materi\u0101la, kas nodro&scaron;ina iztur\u012bbu, vieglu svaru un iztur\u012bbu pret koroziju. SG2 ir pieejama spininga spole, kas ir izgatavota lai kalpotu ilgi. Tai ir daudz unik\u0101lu tehnolo\u0123isku sasniegumu, kurus j\u016bs negaid\u012btu atrodamus spol\u0113 par &scaron;\u0101du cenu, tostarp patent\u0113t\u0101 DuraGrease, kas aizsarg\u0101 pret koroziju un nodilumu, alum\u012bnija rokturis ar m\u012bkstu un pat\u012bkamu uzliku.<\/p>\n<p>Lieliska kvalit\u0101es un cenas attiec\u012bba- jums b\u016bs gr\u016bti atrast lab\u0101ku s\u0101kuml\u012bme\u0146a spininga spoli ar tik daudz unik\u0101l\u0101m \u012bpa&scaron;\u012bb\u0101m.<\/p>\n<p>Rezerves graf\u012bta kasete.<\/p>\n<p>Izm\u0113rs: 2500;<\/p>\n<p>Bremze: Priek&scaron;\u0113j\u0101;<\/p>\n<p>Gult\u0146u skaits: 5+1;<\/p>\n<p>Spoles Ietilp\u012bba: 0.20 mm\/150 m;<\/p>\n<p>P\u0101rnesums: 5.2:1;<\/p>\n<p>Spoles iztur\u012bba: 10.5 kg;<\/p>\n<p>Svars: 245 g<\/p>\n","protected":false},"excerpt":{"rendered":"<p>Spole Savage Gear SG2 2500 FD. Izgatavota no \u012bpa&scaron;i iztur\u012bga graf\u012bta kompoz\u012bta materi\u0101la, kas nodro&scaron;ina iztur\u012bbu, vieglu svaru un iztur\u012bbu pret koroziju. SG2 ir pieejama spininga spole, kas ir izgatavota lai kalpotu ilgi. Tai ir daudz unik\u0101lu tehnolo\u0123isku sasniegumu, kurus j\u016bs negaid\u012btu atrodamus spol\u0113 par &scaron;\u0101du cenu, tostarp patent\u0113t\u0101 DuraGrease, kas aizsarg\u0101 pret koroziju un [&hellip;]<\/p>\n","protected":false},"featured_media":74711,"template":"","meta":[],"product_brand":[],"product_cat":[4538,4539,4541,5051],"product_tag":[],"class_list":{"0":"post-80064","1":"product","2":"type-product","3":"status-publish","4":"has-post-thumbnail","6":"product_cat-fishing-equipment-recreation","7":"product_cat-reels-fishing-equipment-recreation","8":"product_cat-spinning-reels-reels-fishing-equipment-recreation","9":"product_cat-savage-gear-reels-spinning-reels-reels-fishing-equipment-recreation","11":"first","12":"instock","13":"sale","14":"shipping-taxable","15":"purchasable","16":"product-type-simple"},"_links":{"self":[{"href":"https:\/\/sezona.lv\/en\/wp-json\/wp\/v2\/product\/80064","targetHints":{"allow":["GET"]}}],"collection":[{"href":"https:\/\/sezona.lv\/en\/wp-json\/wp\/v2\/product"}],"about":[{"href":"https:\/\/sezona.lv\/en\/wp-json\/wp\/v2\/types\/product"}],"wp:featuredmedia":[{"embeddable":true,"href":"https:\/\/sezona.lv\/en\/wp-json\/wp\/v2\/media\/74711"}],"wp:attachment":[{"href":"https:\/\/sezona.lv\/en\/wp-json\/wp\/v2\/media?parent=80064"}],"wp:term":[{"taxonomy":"product_brand","embeddable":true,"href":"https:\/\/sezona.lv\/en\/wp-json\/wp\/v2\/product_brand?post=80064"},{"taxonomy":"product_cat","embeddable":true,"href":"https:\/\/sezona.lv\/en\/wp-json\/wp\/v2\/product_cat?post=80064"},{"taxonomy":"product_tag","embeddable":true,"href":"https:\/\/sezona.lv\/en\/wp-json\/wp\/v2\/product_tag?post=80064"}],"curies":[{"name":"wp","href":"https:\/\/api.w.org\/{rel}","templated":true}]}}