{"id":80068,"date":"2025-07-11T17:20:01","date_gmt":"2025-07-11T14:20:01","guid":{"rendered":"https:\/\/demo8.ecube.lv\/sezona.lv\/products\/spole-savage-gear-sg4-3000-fd\/"},"modified":"2025-07-14T15:50:23","modified_gmt":"2025-07-14T12:50:23","slug":"spole-savage-gear-sg4-3000-fd","status":"publish","type":"product","link":"https:\/\/sezona.lv\/en\/products\/spole-savage-gear-sg4-3000-fd\/","title":{"rendered":"Spole Savage Gear SG4 3000 FD"},"content":{"rendered":"<p>Spole Savage Gear SG4 3000 FD.<\/p>\n<p class=\"MsoNormal\">Spo\u013cu korpuss un rotors izgatavoti no \u012bpa&scaron;i iztur\u012bga graf\u012bta kompoz\u012bta materi\u0101la.<\/p>\n<p class=\"MsoNormal\"><span lang=\"FR\">SG4 spininga spoles ir vieglas un iztur\u012bgas pret koroziju. Ta\u010du papildus tam, &scaron;\u012bs spoles pied\u0101v\u0101 Jums nepiecie&scaron;amo jaudu, kad t\u0101 Jums ir nepiecie&scaron;ama.<\/span><\/p>\n<p class=\"MsoNormal\"><span lang=\"FR\">Ir ar\u012b virkne citu ekskluz\u012bvu inov\u0101ciju, piem\u0113ram, patent\u0113t\u0101 DuraGrease.<\/span><\/p>\n<p class=\"MsoNormal\"><span lang=\"FR\">Alum\u012bnija kasete un rezerves graf\u012bta kasete, k\u0101 ar\u012b m\u012bksts un \u0113rts rokturis. Spoles lab\u0101k\u0101 \u012bpa&scaron;\u012bba ir t\u0101s \u012bpa&scaron;i glud\u0101 bremz\u0113&scaron;anas sist\u0113ma (Friction Control), kas izmanto papl\u0101ksn\u012btes. T\u0101 izgatavota no oglek\u013ca &scaron;\u0137iedras un nodro&scaron;ina nep\u0101rsp\u0113jamu jaudu un z\u012bdainu gludumu.<\/span><\/p>\n<p>&nbsp;<\/p>\n<p class=\"MsoNormal\">Spole sniegs Jums lielu mak&scaron;\u0137er\u0113&scaron;anas prieku.<\/p>\n<p>Izm\u0113rs: 3000;<\/p>\n<p>Bremze: Priek&scaron;\u0113j\u0101;<\/p>\n<p>Gult\u0146u skaits: 8+1;<\/p>\n<p>Spoles Ietilp\u012bba: 0.23 mm\/150 m;<\/p>\n<p>P\u0101rnesums: 5.2:1;<\/p>\n<p>Spoles iztur\u012bba: 12.0 kg;<\/p>\n<p>Svars: 255 g<\/p>\n","protected":false},"excerpt":{"rendered":"<p>Spole Savage Gear SG4 3000 FD. Spo\u013cu korpuss un rotors izgatavoti no \u012bpa&scaron;i iztur\u012bga graf\u012bta kompoz\u012bta materi\u0101la. SG4 spininga spoles ir vieglas un iztur\u012bgas pret koroziju. Ta\u010du papildus tam, &scaron;\u012bs spoles pied\u0101v\u0101 Jums nepiecie&scaron;amo jaudu, kad t\u0101 Jums ir nepiecie&scaron;ama. Ir ar\u012b virkne citu ekskluz\u012bvu inov\u0101ciju, piem\u0113ram, patent\u0113t\u0101 DuraGrease. Alum\u012bnija kasete un rezerves graf\u012bta kasete, [&hellip;]<\/p>\n","protected":false},"featured_media":74723,"template":"","meta":[],"product_brand":[],"product_cat":[4538,4539,4541,5051],"product_tag":[],"class_list":{"0":"post-80068","1":"product","2":"type-product","3":"status-publish","4":"has-post-thumbnail","6":"product_cat-fishing-equipment-recreation","7":"product_cat-reels-fishing-equipment-recreation","8":"product_cat-spinning-reels-reels-fishing-equipment-recreation","9":"product_cat-savage-gear-reels-spinning-reels-reels-fishing-equipment-recreation","11":"first","12":"instock","13":"sale","14":"shipping-taxable","15":"purchasable","16":"product-type-simple"},"_links":{"self":[{"href":"https:\/\/sezona.lv\/en\/wp-json\/wp\/v2\/product\/80068","targetHints":{"allow":["GET"]}}],"collection":[{"href":"https:\/\/sezona.lv\/en\/wp-json\/wp\/v2\/product"}],"about":[{"href":"https:\/\/sezona.lv\/en\/wp-json\/wp\/v2\/types\/product"}],"wp:featuredmedia":[{"embeddable":true,"href":"https:\/\/sezona.lv\/en\/wp-json\/wp\/v2\/media\/74723"}],"wp:attachment":[{"href":"https:\/\/sezona.lv\/en\/wp-json\/wp\/v2\/media?parent=80068"}],"wp:term":[{"taxonomy":"product_brand","embeddable":true,"href":"https:\/\/sezona.lv\/en\/wp-json\/wp\/v2\/product_brand?post=80068"},{"taxonomy":"product_cat","embeddable":true,"href":"https:\/\/sezona.lv\/en\/wp-json\/wp\/v2\/product_cat?post=80068"},{"taxonomy":"product_tag","embeddable":true,"href":"https:\/\/sezona.lv\/en\/wp-json\/wp\/v2\/product_tag?post=80068"}],"curies":[{"name":"wp","href":"https:\/\/api.w.org\/{rel}","templated":true}]}}