{"id":80071,"date":"2025-07-11T17:20:10","date_gmt":"2025-07-11T14:20:10","guid":{"rendered":"https:\/\/demo8.ecube.lv\/sezona.lv\/products\/spole-savage-gear-sg6-3000-fd\/"},"modified":"2025-07-14T15:50:26","modified_gmt":"2025-07-14T12:50:26","slug":"spole-savage-gear-sg6-3000-fd","status":"publish","type":"product","link":"https:\/\/sezona.lv\/en\/products\/spole-savage-gear-sg6-3000-fd\/","title":{"rendered":"Spole Savage Gear SG6 3000 FD"},"content":{"rendered":"<p>Spole Savage Gear SG6 3000 FD.<\/p>\n<p class=\"MsoNormal\">Lai izveidotu spoles ar nep\u0101rsp\u0113jamu iztur\u012bbu un jaudu, ir j\u0101pie\u0146em da\u017ei kompromisi, vai ne? K\u013c\u016bda. SG6 ir izgatavota no oglek\u013ca pastiprin\u0101ta kompoz\u012bta (CRC).<\/p>\n<p class=\"MsoNormal\"><span lang=\"FR\">Korpuss un rotors ir izstr\u0101d\u0101ts lai palielin\u0101tu stingr\u012bbu un iztur\u012bbu.<\/span><\/p>\n<p class=\"MsoNormal\"><span lang=\"FR\">Daudz maz\u0101ks svars nek\u0101 standarta graf\u012bta materi\u0101lam. &Scaron;\u012bs spoles iztur lielu zivju sp\u0113ku.<\/span><\/p>\n<p>&nbsp;<\/p>\n<p class=\"MsoNormal\"><span lang=\"FR\">Ta\u010du spo\u013cu galven\u0101 \u012bpa&scaron;\u012bba nav tikai iztur\u012bba- SG6 ir apr\u012bkots ar cit\u0101m gudr\u0101m deta\u013c\u0101m, piem\u0113ram: Braid-Ready spool, patent\u0113t\u0101 DuraGrease.<\/span><\/p>\n<p>Izm\u0113rs: 3000;<\/p>\n<p>Bremze: Priek&scaron;\u0113j\u0101;<\/p>\n<p>Gult\u0146u skaits: 8+1;<\/p>\n<p>Spoles Ietilp\u012bba: 0.23 mm\/150 m;<\/p>\n<p>P\u0101rnesums: 5.2:1;<\/p>\n<p>Spoles iztur\u012bba: 12.5 kg;<\/p>\n<p>Svars: 229 g<\/p>\n","protected":false},"excerpt":{"rendered":"<p>Spole Savage Gear SG6 3000 FD. Lai izveidotu spoles ar nep\u0101rsp\u0113jamu iztur\u012bbu un jaudu, ir j\u0101pie\u0146em da\u017ei kompromisi, vai ne? K\u013c\u016bda. SG6 ir izgatavota no oglek\u013ca pastiprin\u0101ta kompoz\u012bta (CRC). Korpuss un rotors ir izstr\u0101d\u0101ts lai palielin\u0101tu stingr\u012bbu un iztur\u012bbu. Daudz maz\u0101ks svars nek\u0101 standarta graf\u012bta materi\u0101lam. &Scaron;\u012bs spoles iztur lielu zivju sp\u0113ku. &nbsp; Ta\u010du spo\u013cu [&hellip;]<\/p>\n","protected":false},"featured_media":74732,"template":"","meta":[],"product_brand":[],"product_cat":[4538,4539,4541,5051],"product_tag":[],"class_list":{"0":"post-80071","1":"product","2":"type-product","3":"status-publish","4":"has-post-thumbnail","6":"product_cat-fishing-equipment-recreation","7":"product_cat-reels-fishing-equipment-recreation","8":"product_cat-spinning-reels-reels-fishing-equipment-recreation","9":"product_cat-savage-gear-reels-spinning-reels-reels-fishing-equipment-recreation","11":"first","12":"instock","13":"sale","14":"shipping-taxable","15":"purchasable","16":"product-type-simple"},"_links":{"self":[{"href":"https:\/\/sezona.lv\/en\/wp-json\/wp\/v2\/product\/80071","targetHints":{"allow":["GET"]}}],"collection":[{"href":"https:\/\/sezona.lv\/en\/wp-json\/wp\/v2\/product"}],"about":[{"href":"https:\/\/sezona.lv\/en\/wp-json\/wp\/v2\/types\/product"}],"wp:featuredmedia":[{"embeddable":true,"href":"https:\/\/sezona.lv\/en\/wp-json\/wp\/v2\/media\/74732"}],"wp:attachment":[{"href":"https:\/\/sezona.lv\/en\/wp-json\/wp\/v2\/media?parent=80071"}],"wp:term":[{"taxonomy":"product_brand","embeddable":true,"href":"https:\/\/sezona.lv\/en\/wp-json\/wp\/v2\/product_brand?post=80071"},{"taxonomy":"product_cat","embeddable":true,"href":"https:\/\/sezona.lv\/en\/wp-json\/wp\/v2\/product_cat?post=80071"},{"taxonomy":"product_tag","embeddable":true,"href":"https:\/\/sezona.lv\/en\/wp-json\/wp\/v2\/product_tag?post=80071"}],"curies":[{"name":"wp","href":"https:\/\/api.w.org\/{rel}","templated":true}]}}