{"id":80074,"date":"2025-07-11T17:20:14","date_gmt":"2025-07-11T14:20:14","guid":{"rendered":"https:\/\/demo8.ecube.lv\/sezona.lv\/products\/spole-dam-quick-impulse-4-feeder-5000-fd\/"},"modified":"2025-07-14T15:50:29","modified_gmt":"2025-07-14T12:50:29","slug":"spole-dam-quick-impulse-4-feeder-5000-fd","status":"publish","type":"product","link":"https:\/\/sezona.lv\/en\/products\/spole-dam-quick-impulse-4-feeder-5000-fd\/","title":{"rendered":"Spole DAM Quick Impulse 4 Feeder 5000 FD"},"content":{"rendered":"<p>Spole DAM Quick Impulse 4 Feeder 5000 FD.<\/p>\n<p class=\"MsoNormal\">\u012apa&scaron;i izstr\u0101d\u0101ta spole feeder mak&scaron;\u0137er\u0113&scaron;anai.<\/p>\n<p class=\"MsoNormal\">Spolei ir \u012bpa&scaron;i iztur\u012bgs graf\u012bta korpuss un rotors un \u010detri lod\u012b&scaron;u gult\u0146i.<\/p>\n<p class=\"MsoNormal\">T\u0101 ir piel\u0101gojama spole, pateicoties alum\u012bnija feeder kasetei un komplekt\u0101cij\u0101 iek\u013cautajai papildus graf\u012bta kasetei.<\/p>\n<p class=\"MsoNormal\">&nbsp;<\/p>\n<p class=\"MsoNormal\">EVA roktura rokturis ir izstr\u0101d\u0101ts t\u0101 lai nodro&scaron;in\u0101tu maksim\u0101lu komfortu velkm\u0113&scaron;an\u0101. Pieejami divi izm\u0113ri, kas piem\u0113roti da\u017e\u0101d\u0101m feeder mak&scaron;\u0137er\u0113&scaron;anas vajadz\u012bb\u0101m.<\/p>\n<p>Izm\u0113rs: 5000;<\/p>\n<p>Bremze: Priek&scaron;\u0113j\u0101;<\/p>\n<p>Gult\u0146u skaits: 3+1;<\/p>\n<p>Spoles Ietilp\u012bba: 0.25 mm\/230 m;<\/p>\n<p>P\u0101rnesums: 5.1:1;<\/p>\n<p>Spoles iztur\u012bba: 11.0 kg;<\/p>\n<p>Svars: 348 g<\/p>\n","protected":false},"excerpt":{"rendered":"<p>Spole DAM Quick Impulse 4 Feeder 5000 FD. \u012apa&scaron;i izstr\u0101d\u0101ta spole feeder mak&scaron;\u0137er\u0113&scaron;anai. Spolei ir \u012bpa&scaron;i iztur\u012bgs graf\u012bta korpuss un rotors un \u010detri lod\u012b&scaron;u gult\u0146i. T\u0101 ir piel\u0101gojama spole, pateicoties alum\u012bnija feeder kasetei un komplekt\u0101cij\u0101 iek\u013cautajai papildus graf\u012bta kasetei. &nbsp; EVA roktura rokturis ir izstr\u0101d\u0101ts t\u0101 lai nodro&scaron;in\u0101tu maksim\u0101lu komfortu velkm\u0113&scaron;an\u0101. Pieejami divi izm\u0113ri, kas [&hellip;]<\/p>\n","protected":false},"featured_media":74741,"template":"","meta":[],"product_brand":[],"product_cat":[4538,4539,4541,5045],"product_tag":[],"class_list":{"0":"post-80074","1":"product","2":"type-product","3":"status-publish","4":"has-post-thumbnail","6":"product_cat-fishing-equipment-recreation","7":"product_cat-reels-fishing-equipment-recreation","8":"product_cat-spinning-reels-reels-fishing-equipment-recreation","9":"product_cat-dam-reels-spinning-reels-reels-fishing-equipment-recreation","11":"first","12":"instock","13":"sale","14":"shipping-taxable","15":"purchasable","16":"product-type-simple"},"_links":{"self":[{"href":"https:\/\/sezona.lv\/en\/wp-json\/wp\/v2\/product\/80074","targetHints":{"allow":["GET"]}}],"collection":[{"href":"https:\/\/sezona.lv\/en\/wp-json\/wp\/v2\/product"}],"about":[{"href":"https:\/\/sezona.lv\/en\/wp-json\/wp\/v2\/types\/product"}],"wp:featuredmedia":[{"embeddable":true,"href":"https:\/\/sezona.lv\/en\/wp-json\/wp\/v2\/media\/74741"}],"wp:attachment":[{"href":"https:\/\/sezona.lv\/en\/wp-json\/wp\/v2\/media?parent=80074"}],"wp:term":[{"taxonomy":"product_brand","embeddable":true,"href":"https:\/\/sezona.lv\/en\/wp-json\/wp\/v2\/product_brand?post=80074"},{"taxonomy":"product_cat","embeddable":true,"href":"https:\/\/sezona.lv\/en\/wp-json\/wp\/v2\/product_cat?post=80074"},{"taxonomy":"product_tag","embeddable":true,"href":"https:\/\/sezona.lv\/en\/wp-json\/wp\/v2\/product_tag?post=80074"}],"curies":[{"name":"wp","href":"https:\/\/api.w.org\/{rel}","templated":true}]}}