{"id":80078,"date":"2025-07-11T17:20:19","date_gmt":"2025-07-11T14:20:19","guid":{"rendered":"https:\/\/demo8.ecube.lv\/sezona.lv\/products\/spole-prologic-avenger-5000-bf\/"},"modified":"2025-07-14T15:50:33","modified_gmt":"2025-07-14T12:50:33","slug":"spole-prologic-avenger-5000-bf","status":"publish","type":"product","link":"https:\/\/sezona.lv\/en\/products\/spole-prologic-avenger-5000-bf\/","title":{"rendered":"Spole Prologic Avenger 5000 BF"},"content":{"rendered":"<p>Spole Prologic Avenger 5000 BF.<\/p>\n<p>Jaud\u012bga spole ar daudz\u0101m unik\u0101l\u0101m funkcij\u0101m, tostarp, fiks\u0113t\u0101 p\u0101rnesuma konstrukcijai, \u0101trajai vilkmei un funkcijai Bite &amp; Fight, pal\u012bdz sasniegt lab\u0101kos rezult\u0101tus.<\/p>\n<p>&#8211; Graf\u012bta korpuss un rotors;<\/p>\n<p>&#8211; Rokturis ar klasisku koka klo\u0137i;<\/p>\n<p>&#8211; DuraGrease;<\/p>\n<p>&#8211; 5+1 t\u0113rauda lod\u012b&scaron;u gult\u0146i;<\/p>\n<p>&#8211; Rezerves graf\u012bta spole;<\/p>\n<p>&#8211; Bite &amp; Fight funkcija;<\/p>\n<p>&#8211; Fiks\u0113ta p\u0101rnesumu konstrukcija.<\/p>\n<p>&nbsp;<\/p>\n<p>Izm\u0113rs: 5000;<\/p>\n<p>Bremze: Priek&scaron;\u0113j\u0101 BF;<\/p>\n<p>Gult\u0146u skaits: 5+1;<\/p>\n<p>Spoles Ietilp\u012bba: 0.35 mm\/200 m;<\/p>\n<p>P\u0101rnesums: 5.2:1;<\/p>\n<p>Spoles iztur\u012bba: 11.0 kg;<\/p>\n<p>Svars: 400 g<\/p>\n","protected":false},"excerpt":{"rendered":"<p>Spole Prologic Avenger 5000 BF. Jaud\u012bga spole ar daudz\u0101m unik\u0101l\u0101m funkcij\u0101m, tostarp, fiks\u0113t\u0101 p\u0101rnesuma konstrukcijai, \u0101trajai vilkmei un funkcijai Bite &amp; Fight, pal\u012bdz sasniegt lab\u0101kos rezult\u0101tus. &#8211; Graf\u012bta korpuss un rotors; &#8211; Rokturis ar klasisku koka klo\u0137i; &#8211; DuraGrease; &#8211; 5+1 t\u0113rauda lod\u012b&scaron;u gult\u0146i; &#8211; Rezerves graf\u012bta spole; &#8211; Bite &amp; Fight funkcija; &#8211; Fiks\u0113ta [&hellip;]<\/p>\n","protected":false},"featured_media":74753,"template":"","meta":[],"product_brand":[],"product_cat":[4538,4539,4541,5052],"product_tag":[],"class_list":{"0":"post-80078","1":"product","2":"type-product","3":"status-publish","4":"has-post-thumbnail","6":"product_cat-fishing-equipment-recreation","7":"product_cat-reels-fishing-equipment-recreation","8":"product_cat-spinning-reels-reels-fishing-equipment-recreation","9":"product_cat-prologic-reels-spinning-reels-reels-fishing-equipment-recreation","11":"first","12":"instock","13":"sale","14":"shipping-taxable","15":"purchasable","16":"product-type-simple"},"_links":{"self":[{"href":"https:\/\/sezona.lv\/en\/wp-json\/wp\/v2\/product\/80078","targetHints":{"allow":["GET"]}}],"collection":[{"href":"https:\/\/sezona.lv\/en\/wp-json\/wp\/v2\/product"}],"about":[{"href":"https:\/\/sezona.lv\/en\/wp-json\/wp\/v2\/types\/product"}],"wp:featuredmedia":[{"embeddable":true,"href":"https:\/\/sezona.lv\/en\/wp-json\/wp\/v2\/media\/74753"}],"wp:attachment":[{"href":"https:\/\/sezona.lv\/en\/wp-json\/wp\/v2\/media?parent=80078"}],"wp:term":[{"taxonomy":"product_brand","embeddable":true,"href":"https:\/\/sezona.lv\/en\/wp-json\/wp\/v2\/product_brand?post=80078"},{"taxonomy":"product_cat","embeddable":true,"href":"https:\/\/sezona.lv\/en\/wp-json\/wp\/v2\/product_cat?post=80078"},{"taxonomy":"product_tag","embeddable":true,"href":"https:\/\/sezona.lv\/en\/wp-json\/wp\/v2\/product_tag?post=80078"}],"curies":[{"name":"wp","href":"https:\/\/api.w.org\/{rel}","templated":true}]}}