{"id":80080,"date":"2025-07-11T17:20:22","date_gmt":"2025-07-11T14:20:22","guid":{"rendered":"https:\/\/demo8.ecube.lv\/sezona.lv\/products\/spole-prologic-element-5000-bf\/"},"modified":"2025-07-14T15:50:35","modified_gmt":"2025-07-14T12:50:35","slug":"spole-prologic-element-5000-bf","status":"publish","type":"product","link":"https:\/\/sezona.lv\/en\/products\/spole-prologic-element-5000-bf\/","title":{"rendered":"Spole Prologic Element 5000 BF"},"content":{"rendered":"<p>Spole Prologic Element 5000 BF.<\/p>\n<p>Jaud\u012bga spole tiem karpu, brek&scaron;u un citu balto zivju mak&scaron;\u0137erniekiem, kuri pieprasa vair\u0101k no saviem zvejas r\u012bkiem!<\/p>\n<p>&nbsp;<\/p>\n<p>&#8211; \u0100tr\u0101 vilk&scaron;anas sist\u0113ma;<\/p>\n<p>&#8211; Graf\u012bta korpuss un rotors;<\/p>\n<p>&#8211; Fiks\u0113ta zobrata konstrukcija;<\/p>\n<p>&#8211; DuraGrease;<\/p>\n<p>&#8211; 9+1 t\u0113rauda lod\u012b&scaron;u gult\u0146i (3+1 ner\u016bs\u0113jo&scaron;ie);<\/p>\n<p>&#8211; Oglek\u013ca rokturis;<\/p>\n<p>&#8211; Rezerves graf\u012bta spole;<\/p>\n<p>&#8211; Bite &amp; Fight funkcija.<\/p>\n<p>&nbsp;<\/p>\n<p>Izm\u0113rs: 5000;<\/p>\n<p>Bremze: Priek&scaron;\u0113j\u0101 BF;<\/p>\n<p>Gult\u0146u skaits: 9+1;<\/p>\n<p>Spoles Ietilp\u012bba: 0.35 mm\/200 m;<\/p>\n<p>P\u0101rnesums: 5.1:1;<\/p>\n<p>Spoles iztur\u012bba: 11.0 kg;<\/p>\n<p>Svars: 404 g<\/p>\n","protected":false},"excerpt":{"rendered":"<p>Spole Prologic Element 5000 BF. Jaud\u012bga spole tiem karpu, brek&scaron;u un citu balto zivju mak&scaron;\u0137erniekiem, kuri pieprasa vair\u0101k no saviem zvejas r\u012bkiem! &nbsp; &#8211; \u0100tr\u0101 vilk&scaron;anas sist\u0113ma; &#8211; Graf\u012bta korpuss un rotors; &#8211; Fiks\u0113ta zobrata konstrukcija; &#8211; DuraGrease; &#8211; 9+1 t\u0113rauda lod\u012b&scaron;u gult\u0146i (3+1 ner\u016bs\u0113jo&scaron;ie); &#8211; Oglek\u013ca rokturis; &#8211; Rezerves graf\u012bta spole; &#8211; Bite &amp; [&hellip;]<\/p>\n","protected":false},"featured_media":74759,"template":"","meta":[],"product_brand":[],"product_cat":[4538,4539,4541,5052],"product_tag":[],"class_list":{"0":"post-80080","1":"product","2":"type-product","3":"status-publish","4":"has-post-thumbnail","6":"product_cat-fishing-equipment-recreation","7":"product_cat-reels-fishing-equipment-recreation","8":"product_cat-spinning-reels-reels-fishing-equipment-recreation","9":"product_cat-prologic-reels-spinning-reels-reels-fishing-equipment-recreation","11":"first","12":"instock","13":"sale","14":"shipping-taxable","15":"purchasable","16":"product-type-simple"},"_links":{"self":[{"href":"https:\/\/sezona.lv\/en\/wp-json\/wp\/v2\/product\/80080","targetHints":{"allow":["GET"]}}],"collection":[{"href":"https:\/\/sezona.lv\/en\/wp-json\/wp\/v2\/product"}],"about":[{"href":"https:\/\/sezona.lv\/en\/wp-json\/wp\/v2\/types\/product"}],"wp:featuredmedia":[{"embeddable":true,"href":"https:\/\/sezona.lv\/en\/wp-json\/wp\/v2\/media\/74759"}],"wp:attachment":[{"href":"https:\/\/sezona.lv\/en\/wp-json\/wp\/v2\/media?parent=80080"}],"wp:term":[{"taxonomy":"product_brand","embeddable":true,"href":"https:\/\/sezona.lv\/en\/wp-json\/wp\/v2\/product_brand?post=80080"},{"taxonomy":"product_cat","embeddable":true,"href":"https:\/\/sezona.lv\/en\/wp-json\/wp\/v2\/product_cat?post=80080"},{"taxonomy":"product_tag","embeddable":true,"href":"https:\/\/sezona.lv\/en\/wp-json\/wp\/v2\/product_tag?post=80080"}],"curies":[{"name":"wp","href":"https:\/\/api.w.org\/{rel}","templated":true}]}}