{"id":80081,"date":"2025-07-11T17:20:24","date_gmt":"2025-07-11T14:20:24","guid":{"rendered":"https:\/\/demo8.ecube.lv\/sezona.lv\/products\/telts-regatta-kivu-2v2\/"},"modified":"2025-07-14T15:50:37","modified_gmt":"2025-07-14T12:50:37","slug":"telts-regatta-kivu-2v2","status":"publish","type":"product","link":"https:\/\/sezona.lv\/en\/products\/telts-regatta-kivu-2v2\/","title":{"rendered":"Telts Regatta Kivu 2v2"},"content":{"rendered":"<p>Lieliska kvalit\u0101tes un cenas attiec\u012bba. Ar pietieko&scaron;i daudz vietu, lai nodro&scaron;in\u0101tu \u0113rtu nak&scaron;\u0146o&scaron;anu 2 person\u0101m.<\/p>\n<ul class=\"unIndentedList\">\n<li>\u016adensnecaurlaid\u012bgs Hydrafort 70D p\u0101rkl\u0101js ar 3000mm hidrostatisko p\u0101rkl\u0101ju<\/li>\n<li>Pla&scaron;s priek&scaron;nams ar \u016bdensnecaurlaid\u012bgu vannas-tipa pamatni<\/li>\n<li>Telts iek&scaron;\u0113j\u0101 da\u013ca tiek uzst\u0101d\u012bta vispirms, l\u012bdz ar to telti iesp\u0113jams izmantot bez p\u0101rkl\u0101ja<\/li>\n<li>Sp\u0113c\u012bgi un elast\u012bgi stikla &scaron;\u0137iedras mieti\u0146i<\/li>\n<li>Iztur\u012bga, \u016bdensnecaurlaid\u012bga, iestr\u0101d\u0101ta poliestera pamatne<\/li>\n<li>Praktiski novietotas iek&scaron;\u0113j\u0101s kabatas un \u0101\u0137i lampu pakarin\u0101&scaron;anai<\/li>\n<li>Vair\u0101kas ventil\u0101cijas atveres un t\u012bkli\u0146auduma durvis, kas \u013cauj pl\u016bst gaisam, vienlaikus aizturot kukai\u0146us<\/li>\n<li>Spilgtas auklas papildu redzam\u012bbai<\/li>\n<li>Kr\u0101saini mieti\u0146i viegl\u0101kai uzst\u0101d\u012b&scaron;anai<\/li>\n<\/ul>\n<table border=\"1\" cellspacing=\"0\" cellpadding=\"0\">\n<tbody>\n<tr>\n<td width=\"149\" valign=\"top\">\n<p>Iek&scaron;\u0113j\u0101s telts izm\u0113rs<\/p>\n<\/td>\n<td width=\"189\" valign=\"top\">\n<p>210(G) x 160(P) x 120(A) cm<\/p>\n<\/td>\n<\/tr>\n<tr>\n<td width=\"149\" valign=\"top\">\n<p>\u0100r\u0113j\u0101s telts izm\u0113rs<\/p>\n<\/td>\n<td width=\"189\" valign=\"top\">\n<p>300(G) x 160(P) x 120(A) cm<\/p>\n<\/td>\n<\/tr>\n<tr>\n<td width=\"149\" valign=\"top\">\n<p>Iepakojuma izm\u0113rs<\/p>\n<\/td>\n<td width=\"189\" valign=\"top\">\n<p>59 x 15 x 15 cm<\/p>\n<\/td>\n<\/tr>\n<tr>\n<td width=\"149\" valign=\"top\">\n<p>Telts svars<\/p>\n<\/td>\n<td width=\"189\" valign=\"top\">\n<p>4kg<\/p>\n<\/td>\n<\/tr>\n<tr>\n<td width=\"149\" valign=\"top\">\n<p>Mieti\u0146i<\/p>\n<\/td>\n<td width=\"189\" valign=\"top\">\n<p>8,5mm stikla &scaron;\u0137iedra<\/p>\n<\/td>\n<\/tr>\n<\/tbody>\n<\/table>\n","protected":false},"excerpt":{"rendered":"<p>Lieliska kvalit\u0101tes un cenas attiec\u012bba. Ar pietieko&scaron;i daudz vietu, lai nodro&scaron;in\u0101tu \u0113rtu nak&scaron;\u0146o&scaron;anu 2 person\u0101m. \u016adensnecaurlaid\u012bgs Hydrafort 70D p\u0101rkl\u0101js ar 3000mm hidrostatisko p\u0101rkl\u0101ju Pla&scaron;s priek&scaron;nams ar \u016bdensnecaurlaid\u012bgu vannas-tipa pamatni Telts iek&scaron;\u0113j\u0101 da\u013ca tiek uzst\u0101d\u012bta vispirms, l\u012bdz ar to telti iesp\u0113jams izmantot bez p\u0101rkl\u0101ja Sp\u0113c\u012bgi un elast\u012bgi stikla &scaron;\u0137iedras mieti\u0146i Iztur\u012bga, \u016bdensnecaurlaid\u012bga, iestr\u0101d\u0101ta poliestera pamatne Praktiski [&hellip;]<\/p>\n","protected":false},"featured_media":74762,"template":"","meta":[],"product_brand":[3374],"product_cat":[4558,4568,4957],"product_tag":[],"class_list":{"0":"post-80081","1":"product","2":"type-product","3":"status-publish","4":"has-post-thumbnail","6":"product_brand-regatta","7":"product_cat-for-tourism-recreation","8":"product_cat-tents-for-tourism-recreation","9":"product_cat-regatta-tents-tents-for-tourism-recreation","11":"first","12":"instock","13":"shipping-taxable","14":"purchasable","15":"product-type-simple"},"_links":{"self":[{"href":"https:\/\/sezona.lv\/en\/wp-json\/wp\/v2\/product\/80081","targetHints":{"allow":["GET"]}}],"collection":[{"href":"https:\/\/sezona.lv\/en\/wp-json\/wp\/v2\/product"}],"about":[{"href":"https:\/\/sezona.lv\/en\/wp-json\/wp\/v2\/types\/product"}],"wp:featuredmedia":[{"embeddable":true,"href":"https:\/\/sezona.lv\/en\/wp-json\/wp\/v2\/media\/74762"}],"wp:attachment":[{"href":"https:\/\/sezona.lv\/en\/wp-json\/wp\/v2\/media?parent=80081"}],"wp:term":[{"taxonomy":"product_brand","embeddable":true,"href":"https:\/\/sezona.lv\/en\/wp-json\/wp\/v2\/product_brand?post=80081"},{"taxonomy":"product_cat","embeddable":true,"href":"https:\/\/sezona.lv\/en\/wp-json\/wp\/v2\/product_cat?post=80081"},{"taxonomy":"product_tag","embeddable":true,"href":"https:\/\/sezona.lv\/en\/wp-json\/wp\/v2\/product_tag?post=80081"}],"curies":[{"name":"wp","href":"https:\/\/api.w.org\/{rel}","templated":true}]}}