{"id":80082,"date":"2025-07-11T17:20:27","date_gmt":"2025-07-11T14:20:27","guid":{"rendered":"https:\/\/demo8.ecube.lv\/sezona.lv\/products\/telts-regatta-zeefest-2\/"},"modified":"2025-07-14T15:50:38","modified_gmt":"2025-07-14T12:50:38","slug":"telts-regatta-zeefest-2","status":"publish","type":"product","link":"https:\/\/sezona.lv\/en\/products\/telts-regatta-zeefest-2\/","title":{"rendered":"Telts Regatta ZeeFest 2"},"content":{"rendered":"<p><span>\u0112rti un \u0101tri saliekama divviet\u012bga telts. Izgatavota no nodilumiztur\u012bga, \u016bdensnecaurlaid\u012bga Hydrafort 70D poliestera auduma ar 2000mm \u016bdensnecaurlaid\u012bgu p\u0101rkl\u0101jumu. Piln\u012bb\u0101 ugunsdro&scaron;s audums. Stie\u0146i izgatavoti no stikl&scaron;\u0137iedras. Tents apr\u012bkots ar vair\u0101k\u0101m iek&scaron;\u0113j\u0101m kabat\u0101m, iztur\u012bgu, \u016bdensnecaurlaid\u012bga ie&scaron;\u016btu PE pamatni un nelielu priek&scaron;telpu apaviem. Sast\u0101vs: 100% poliesters.<\/span><\/p>\n<ul class=\"unIndentedList\">\n<li>\u016adensnecaurlaid\u012bgs Hydrafort 70D p\u0101rkl\u0101js ar 2000mm hidrostatisko p\u0101rkl\u0101ju<\/li>\n<li>Pla&scaron;s priek&scaron;nams ar \u016bdensnecaurlaid\u012bgu vannas-tipa pamatni<\/li>\n<li>Neliela priek&scaron;\u0113j\u0101 veranda, kas ir ide\u0101li piem\u0113rota dub\u013cainu apavu tur\u0113&scaron;anai saus\u0101 viet\u0101<\/li>\n<li>Sp\u0113c\u012bgi un elast\u012bgi stikla &scaron;\u0137iedras mieti\u0146i<\/li>\n<li>Iztur\u012bga, \u016bdensnecaurlaid\u012bga, iestr\u0101d\u0101ta poliestera pamatne<\/li>\n<li>Praktiski novietotas iek&scaron;\u0113j\u0101s kabatas un \u0101\u0137i lampu pakarin\u0101&scaron;anai<\/li>\n<li>Vair\u0101kas ventil\u0101cijas atveres un t\u012bkli\u0146auduma durvis, kas \u013cauj pl\u016bst gaisam, vienlaikus aizturot kukai\u0146us<\/li>\n<li>Spilgtas auklas papildu redzam\u012bbai<\/li>\n<li>Kr\u0101saini mieti\u0146i viegl\u0101kai uzst\u0101d\u012b&scaron;anai<\/li>\n<\/ul>\n<table border=\"1\" cellspacing=\"0\" cellpadding=\"0\">\n<tbody>\n<tr>\n<td width=\"149\" valign=\"top\">\n<p>Iek&scaron;\u0113j\u0101s telts izm\u0113rs<\/p>\n<\/td>\n<td width=\"189\" valign=\"top\">\n<p>210(G) x 160(P) x 100(A) cm<\/p>\n<\/td>\n<\/tr>\n<tr>\n<td width=\"149\" valign=\"top\">\n<p>\u0100r\u0113j\u0101s telts izm\u0113rs<\/p>\n<\/td>\n<td width=\"189\" valign=\"top\">\n<p>255(G) x 160(P) x 100(A) cm<\/p>\n<\/td>\n<\/tr>\n<tr>\n<td width=\"149\" valign=\"top\">\n<p>Iepakojuma izm\u0113rs<\/p>\n<\/td>\n<td width=\"189\" valign=\"top\">\n<p>60 x 18 x 18 cm<\/p>\n<\/td>\n<\/tr>\n<tr>\n<td width=\"149\" valign=\"top\">\n<p>Telts svars<\/p>\n<\/td>\n<td width=\"189\" valign=\"top\">\n<p>2kg<\/p>\n<\/td>\n<\/tr>\n<tr>\n<td width=\"149\" valign=\"top\">\n<p>Mieti\u0146i<\/p>\n<\/td>\n<td width=\"189\" valign=\"top\">\n<p>8,5mm stikla &scaron;\u0137iedra<\/p>\n<\/td>\n<\/tr>\n<\/tbody>\n<\/table>\n","protected":false},"excerpt":{"rendered":"<p>\u0112rti un \u0101tri saliekama divviet\u012bga telts. Izgatavota no nodilumiztur\u012bga, \u016bdensnecaurlaid\u012bga Hydrafort 70D poliestera auduma ar 2000mm \u016bdensnecaurlaid\u012bgu p\u0101rkl\u0101jumu. Piln\u012bb\u0101 ugunsdro&scaron;s audums. Stie\u0146i izgatavoti no stikl&scaron;\u0137iedras. Tents apr\u012bkots ar vair\u0101k\u0101m iek&scaron;\u0113j\u0101m kabat\u0101m, iztur\u012bgu, \u016bdensnecaurlaid\u012bga ie&scaron;\u016btu PE pamatni un nelielu priek&scaron;telpu apaviem. Sast\u0101vs: 100% poliesters. \u016adensnecaurlaid\u012bgs Hydrafort 70D p\u0101rkl\u0101js ar 2000mm hidrostatisko p\u0101rkl\u0101ju Pla&scaron;s priek&scaron;nams ar \u016bdensnecaurlaid\u012bgu [&hellip;]<\/p>\n","protected":false},"featured_media":74773,"template":"","meta":[],"product_brand":[3374],"product_cat":[4558,4568,4957],"product_tag":[],"class_list":{"0":"post-80082","1":"product","2":"type-product","3":"status-publish","4":"has-post-thumbnail","6":"product_brand-regatta","7":"product_cat-for-tourism-recreation","8":"product_cat-tents-for-tourism-recreation","9":"product_cat-regatta-tents-tents-for-tourism-recreation","11":"first","12":"instock","13":"shipping-taxable","14":"purchasable","15":"product-type-simple"},"_links":{"self":[{"href":"https:\/\/sezona.lv\/en\/wp-json\/wp\/v2\/product\/80082","targetHints":{"allow":["GET"]}}],"collection":[{"href":"https:\/\/sezona.lv\/en\/wp-json\/wp\/v2\/product"}],"about":[{"href":"https:\/\/sezona.lv\/en\/wp-json\/wp\/v2\/types\/product"}],"wp:featuredmedia":[{"embeddable":true,"href":"https:\/\/sezona.lv\/en\/wp-json\/wp\/v2\/media\/74773"}],"wp:attachment":[{"href":"https:\/\/sezona.lv\/en\/wp-json\/wp\/v2\/media?parent=80082"}],"wp:term":[{"taxonomy":"product_brand","embeddable":true,"href":"https:\/\/sezona.lv\/en\/wp-json\/wp\/v2\/product_brand?post=80082"},{"taxonomy":"product_cat","embeddable":true,"href":"https:\/\/sezona.lv\/en\/wp-json\/wp\/v2\/product_cat?post=80082"},{"taxonomy":"product_tag","embeddable":true,"href":"https:\/\/sezona.lv\/en\/wp-json\/wp\/v2\/product_tag?post=80082"}],"curies":[{"name":"wp","href":"https:\/\/api.w.org\/{rel}","templated":true}]}}