{"id":80083,"date":"2025-07-11T17:20:33","date_gmt":"2025-07-11T14:20:33","guid":{"rendered":"https:\/\/demo8.ecube.lv\/sezona.lv\/products\/telts-regatta-karuna-6\/"},"modified":"2025-07-14T15:50:39","modified_gmt":"2025-07-14T12:50:39","slug":"telts-regatta-karuna-6","status":"publish","type":"product","link":"https:\/\/sezona.lv\/en\/products\/telts-regatta-karuna-6\/","title":{"rendered":"Telts Regatta Karuna 6"},"content":{"rendered":"<p>Ar Karuna 6 b\u016bsiet tuv\u0101k dabai. Telts apr\u012bkota ar div\u0101m ieej\u0101m. To iesp\u0113jams ar\u012b sadal\u012bt div\u0101s gu\u013camtelp\u0101s, t\u0101d\u0113j\u0101di ieg\u016bstot vair\u0101k priv\u0101tuma. &Scaron;\u012b pla&scaron;\u0101 telts sp\u0113j izmitin\u0101t 6 personas, nodro&scaron;inot komfortablu nak&scaron;\u0146o&scaron;anu.<\/p>\n<p>&nbsp;<\/p>\n<ul class=\"unIndentedList\">\n<li>Vieta 6 person\u0101m<\/li>\n<li>\u0122imen\u0113m draudz\u012bgs gu\u013camistabas izk\u0101rtojums nodro&scaron;ina iesp\u0113ju nodro&scaron;in\u0101t priv\u0101tumu starp vec\u0101kiem un b\u0113rniem<\/li>\n<li>Uzst\u0101d\u012b&scaron;ana: viss reiz\u0113 vai \u0101r\u0113j\u0101 da\u013ca vispirms<\/li>\n<li>\u016adensnecaurlaid\u012bgs Hydrafort 70D p\u0101rkl\u0101js ar 5000mm hidrostatisko p\u0101rkl\u0101ju<\/li>\n<li>Pla&scaron;a dz\u012bvojam\u0101 zona ar vair\u0101kiem logiem un aizkariem priv\u0101tumam<\/li>\n<li>Iztur\u012bga, \u016bdensnecaurlaid\u012bga poliestera pamatne<\/li>\n<li>Piln\u012bb\u0101 ugunsdro&scaron;s audums<\/li>\n<li>Sp\u0113c\u012bgi un elast\u012bgi stikla &scaron;\u0137iedras mieti\u0146i<\/li>\n<li>Praktiski novietotas iek&scaron;\u0113j\u0101s kabatas un \u0101\u0137i lampu pakarin\u0101&scaron;anai<\/li>\n<li>Vair\u0101kas ventil\u0101cijas atveres \u013cauj gaisam pl\u016bst cauri<\/li>\n<li>Spilgtas auklas papildu redzam\u012bbai<\/li>\n<li>Kr\u0101saini mieti\u0146i viegl\u0101kai uzst\u0101d\u012b&scaron;anai<\/li>\n<li>Nojume virs s\u0101nu durv\u012bm nov\u0113r&scaron; lietus nokri&scaron;anu telt\u012b<\/li>\n<li>Ton\u0113ta gu\u013camistaba blo\u0137\u0113 gaismu, lai nakts miegs b\u016btu pilnv\u0113rt\u012bg\u0101ks<\/li>\n<li>Salok\u0101ma uzglab\u0101&scaron;anas soma \u013cauj telti viegli iepakot un izpakot<\/li>\n<\/ul>\n<table border=\"1\" cellspacing=\"0\" cellpadding=\"0\">\n<tbody>\n<tr>\n<td width=\"149\" valign=\"top\">\n<p>Iek&scaron;\u0113j\u0101s telts izm\u0113rs<\/p>\n<\/td>\n<td width=\"217\" valign=\"top\">\n<p>300(G) x 130(P) x 210(A) cm un&nbsp; &nbsp; &nbsp; &nbsp; &nbsp; 320(G) x 220(P) x 210(A) cm<\/p>\n<\/td>\n<\/tr>\n<tr>\n<td width=\"149\" valign=\"top\">\n<p>\u0100r\u0113j\u0101s telts izm\u0113rs<\/p>\n<\/td>\n<td width=\"217\" valign=\"top\">\n<p>640(G) x 300(P)-320(P)&nbsp; x 210(A) cm<\/p>\n<\/td>\n<\/tr>\n<tr>\n<td width=\"149\" valign=\"top\">\n<p>Iepakojuma izm\u0113rs<\/p>\n<\/td>\n<td width=\"217\" valign=\"top\">\n<p>80 x 42 x 42cm<\/p>\n<\/td>\n<\/tr>\n<tr>\n<td width=\"149\" valign=\"top\">\n<p>Telts svars<\/p>\n<\/td>\n<td width=\"217\" valign=\"top\">\n<p>22.6kg<\/p>\n<\/td>\n<\/tr>\n<tr>\n<td width=\"149\" valign=\"top\">\n<p>Mieti\u0146i<\/p>\n<\/td>\n<td width=\"217\" valign=\"top\">\n<p>stikla &scaron;\u0137iedra<\/p>\n<\/td>\n<\/tr>\n<\/tbody>\n<\/table>\n<ul>\n<\/ul>\n","protected":false},"excerpt":{"rendered":"<p>Ar Karuna 6 b\u016bsiet tuv\u0101k dabai. Telts apr\u012bkota ar div\u0101m ieej\u0101m. To iesp\u0113jams ar\u012b sadal\u012bt div\u0101s gu\u013camtelp\u0101s, t\u0101d\u0113j\u0101di ieg\u016bstot vair\u0101k priv\u0101tuma. &Scaron;\u012b pla&scaron;\u0101 telts sp\u0113j izmitin\u0101t 6 personas, nodro&scaron;inot komfortablu nak&scaron;\u0146o&scaron;anu. &nbsp; Vieta 6 person\u0101m \u0122imen\u0113m draudz\u012bgs gu\u013camistabas izk\u0101rtojums nodro&scaron;ina iesp\u0113ju nodro&scaron;in\u0101t priv\u0101tumu starp vec\u0101kiem un b\u0113rniem Uzst\u0101d\u012b&scaron;ana: viss reiz\u0113 vai \u0101r\u0113j\u0101 da\u013ca vispirms \u016adensnecaurlaid\u012bgs [&hellip;]<\/p>\n","protected":false},"featured_media":74780,"template":"","meta":[],"product_brand":[3374],"product_cat":[4558,4568,4957],"product_tag":[],"class_list":{"0":"post-80083","1":"product","2":"type-product","3":"status-publish","4":"has-post-thumbnail","6":"product_brand-regatta","7":"product_cat-for-tourism-recreation","8":"product_cat-tents-for-tourism-recreation","9":"product_cat-regatta-tents-tents-for-tourism-recreation","11":"first","12":"instock","13":"shipping-taxable","14":"purchasable","15":"product-type-simple"},"_links":{"self":[{"href":"https:\/\/sezona.lv\/en\/wp-json\/wp\/v2\/product\/80083","targetHints":{"allow":["GET"]}}],"collection":[{"href":"https:\/\/sezona.lv\/en\/wp-json\/wp\/v2\/product"}],"about":[{"href":"https:\/\/sezona.lv\/en\/wp-json\/wp\/v2\/types\/product"}],"wp:featuredmedia":[{"embeddable":true,"href":"https:\/\/sezona.lv\/en\/wp-json\/wp\/v2\/media\/74780"}],"wp:attachment":[{"href":"https:\/\/sezona.lv\/en\/wp-json\/wp\/v2\/media?parent=80083"}],"wp:term":[{"taxonomy":"product_brand","embeddable":true,"href":"https:\/\/sezona.lv\/en\/wp-json\/wp\/v2\/product_brand?post=80083"},{"taxonomy":"product_cat","embeddable":true,"href":"https:\/\/sezona.lv\/en\/wp-json\/wp\/v2\/product_cat?post=80083"},{"taxonomy":"product_tag","embeddable":true,"href":"https:\/\/sezona.lv\/en\/wp-json\/wp\/v2\/product_tag?post=80083"}],"curies":[{"name":"wp","href":"https:\/\/api.w.org\/{rel}","templated":true}]}}