{"id":80088,"date":"2025-07-11T17:20:38","date_gmt":"2025-07-11T14:20:38","guid":{"rendered":"https:\/\/demo8.ecube.lv\/sezona.lv\/products\/turisma-konservu-attaisamais-mil-tec-14635000\/"},"modified":"2025-07-14T15:50:44","modified_gmt":"2025-07-14T12:50:44","slug":"turisma-konservu-attaisamais-mil-tec-14635000","status":"publish","type":"product","link":"https:\/\/sezona.lv\/en\/products\/turisma-konservu-attaisamais-mil-tec-14635000\/","title":{"rendered":"T\u016brisma konservu attais\u0101mais Mil Tec (14635000)"},"content":{"rendered":"<p>T\u016brisma konservu attais\u0101mais Mil Tec (14635000).<\/p>\n<p>&nbsp;<\/p>\n<p class=\"MsoNormal\"><span>100% Steel<\/span><span><br \/> <span>Length: 4,5 cm<\/span><br \/> <span>Weight: ca. 4 g<\/span><\/p>\n<p> <span>&#8211; handy small can opener<\/span><br \/> <span>&#8211; fits in any pants pocket<\/span><br \/> <span>&#8211; cutting edge can be retracted<\/span><\/span><\/p>\n<p>&nbsp;<\/p>\n","protected":false},"excerpt":{"rendered":"<p>T\u016brisma konservu attais\u0101mais Mil Tec (14635000). &nbsp; 100% Steel Length: 4,5 cm Weight: ca. 4 g &#8211; handy small can opener &#8211; fits in any pants pocket &#8211; cutting edge can be retracted &nbsp;<\/p>\n","protected":false},"featured_media":106268,"template":"","meta":[],"product_brand":[],"product_cat":[4558,4571,4740],"product_tag":[],"class_list":{"0":"post-80088","1":"product","2":"type-product","3":"status-publish","4":"has-post-thumbnail","6":"product_cat-for-tourism-recreation","7":"product_cat-dishes-knives-folding-tables-for-tourism-recreation","8":"product_cat-knife-accessories-dishes-knives-folding-tables-for-tourism-recreation","10":"first","11":"instock","12":"sale","13":"shipping-taxable","14":"purchasable","15":"product-type-simple"},"_links":{"self":[{"href":"https:\/\/sezona.lv\/en\/wp-json\/wp\/v2\/product\/80088","targetHints":{"allow":["GET"]}}],"collection":[{"href":"https:\/\/sezona.lv\/en\/wp-json\/wp\/v2\/product"}],"about":[{"href":"https:\/\/sezona.lv\/en\/wp-json\/wp\/v2\/types\/product"}],"wp:featuredmedia":[{"embeddable":true,"href":"https:\/\/sezona.lv\/en\/wp-json\/wp\/v2\/media\/106268"}],"wp:attachment":[{"href":"https:\/\/sezona.lv\/en\/wp-json\/wp\/v2\/media?parent=80088"}],"wp:term":[{"taxonomy":"product_brand","embeddable":true,"href":"https:\/\/sezona.lv\/en\/wp-json\/wp\/v2\/product_brand?post=80088"},{"taxonomy":"product_cat","embeddable":true,"href":"https:\/\/sezona.lv\/en\/wp-json\/wp\/v2\/product_cat?post=80088"},{"taxonomy":"product_tag","embeddable":true,"href":"https:\/\/sezona.lv\/en\/wp-json\/wp\/v2\/product_tag?post=80088"}],"curies":[{"name":"wp","href":"https:\/\/api.w.org\/{rel}","templated":true}]}}