{"id":80093,"date":"2025-07-11T17:20:44","date_gmt":"2025-07-11T14:20:44","guid":{"rendered":"https:\/\/demo8.ecube.lv\/sezona.lv\/products\/salmo-spinings-diamond-jig-14-3100-210\/"},"modified":"2025-07-14T15:50:49","modified_gmt":"2025-07-14T12:50:49","slug":"salmo-spinings-diamond-jig-14-3100-210","status":"publish","type":"product","link":"https:\/\/sezona.lv\/en\/products\/salmo-spinings-diamond-jig-14-3100-210\/","title":{"rendered":"Salmo Spinings DIAMOND JIG 14 (3100-210)"},"content":{"rendered":"<p><span>Atjaunota versija popul\u0101rajam spiningam Diamond Microjig 15 ar m\u016bsdien\u012bgu furnit\u016bru un uzlabotu blanku. Izgatavots no graf\u012bta T30 un iel\u012bm\u0113tu j\u016bt\u012bgu spic\u012bti. &Scaron;im divda\u013c\u012bgajam k\u0101tam ir OVER STEEK tipa posmu savienojums, k\u0101 ar\u012b atviegloti auklas caurlaides gredzeni ar SIC ielikt\u0146iem, kas uzst\u0101d\u012bti p\u0113c jaun\u0101s koncepcijas. Apr\u012bkots ar ergonomisku rokturi no EVA materi\u0101la, spoles tur\u0113t\u0101js skr\u016bv\u0113jama tipa.<\/span><\/p>\n<div class=\"spec-text\">\n<table border=\"0\">\n<tbody>\n<tr>\n<td>Mak&scaron;\u0137erk\u0101ti<\/td>\n<td>Saliekamie<\/td>\n<\/tr>\n<tr>\n<td>Tests (g) no<\/td>\n<td>4<\/td>\n<\/tr>\n<tr>\n<td>Tests (g) l\u012bdz<\/td>\n<td>14<\/td>\n<\/tr>\n<tr>\n<td>Svars (g)<\/td>\n<td>98<\/td>\n<\/tr>\n<tr>\n<td>Transp.garums (m)<\/td>\n<td>1.20<\/td>\n<\/tr>\n<tr>\n<td>Saliekamie<\/td>\n<td>oglek\u013c&scaron;\u0137iedras<\/td>\n<\/tr>\n<tr>\n<td>Garums (m)<\/td>\n<td>2.10<\/td>\n<\/tr>\n<\/tbody>\n<\/table>\n<\/div>\n","protected":false},"excerpt":{"rendered":"<p>Atjaunota versija popul\u0101rajam spiningam Diamond Microjig 15 ar m\u016bsdien\u012bgu furnit\u016bru un uzlabotu blanku. Izgatavots no graf\u012bta T30 un iel\u012bm\u0113tu j\u016bt\u012bgu spic\u012bti. &Scaron;im divda\u013c\u012bgajam k\u0101tam ir OVER STEEK tipa posmu savienojums, k\u0101 ar\u012b atviegloti auklas caurlaides gredzeni ar SIC ielikt\u0146iem, kas uzst\u0101d\u012bti p\u0113c jaun\u0101s koncepcijas. Apr\u012bkots ar ergonomisku rokturi no EVA materi\u0101la, spoles tur\u0113t\u0101js skr\u016bv\u0113jama tipa. [&hellip;]<\/p>\n","protected":false},"featured_media":0,"template":"","meta":[],"product_brand":[894],"product_cat":[4538,4540,4551],"product_tag":[],"class_list":{"0":"post-80093","1":"product","2":"type-product","3":"status-publish","5":"product_brand-salmo","6":"product_cat-fishing-equipment-recreation","7":"product_cat-fishing-rods-fishing-equipment-recreation","8":"product_cat-spin-fishing-rods-fishing-rods-fishing-equipment-recreation","10":"first","11":"instock","12":"shipping-taxable","13":"purchasable","14":"product-type-simple"},"_links":{"self":[{"href":"https:\/\/sezona.lv\/en\/wp-json\/wp\/v2\/product\/80093","targetHints":{"allow":["GET"]}}],"collection":[{"href":"https:\/\/sezona.lv\/en\/wp-json\/wp\/v2\/product"}],"about":[{"href":"https:\/\/sezona.lv\/en\/wp-json\/wp\/v2\/types\/product"}],"wp:attachment":[{"href":"https:\/\/sezona.lv\/en\/wp-json\/wp\/v2\/media?parent=80093"}],"wp:term":[{"taxonomy":"product_brand","embeddable":true,"href":"https:\/\/sezona.lv\/en\/wp-json\/wp\/v2\/product_brand?post=80093"},{"taxonomy":"product_cat","embeddable":true,"href":"https:\/\/sezona.lv\/en\/wp-json\/wp\/v2\/product_cat?post=80093"},{"taxonomy":"product_tag","embeddable":true,"href":"https:\/\/sezona.lv\/en\/wp-json\/wp\/v2\/product_tag?post=80093"}],"curies":[{"name":"wp","href":"https:\/\/api.w.org\/{rel}","templated":true}]}}