{"id":80099,"date":"2025-07-11T17:20:48","date_gmt":"2025-07-11T14:20:48","guid":{"rendered":"https:\/\/demo8.ecube.lv\/sezona.lv\/products\/high-peak-ranger-segveidigs-gulammaiss-20038\/"},"modified":"2025-07-14T15:50:55","modified_gmt":"2025-07-14T12:50:55","slug":"high-peak-ranger-segveidigs-gulammaiss-20038","status":"publish","type":"product","link":"https:\/\/sezona.lv\/en\/products\/high-peak-ranger-segveidigs-gulammaiss-20038\/","title":{"rendered":"High Peak Ranger segveid\u012bgs gu\u013cammaiss (20038)"},"content":{"rendered":"<p>Ja m\u012bli ce\u013cot k\u0101 autot\u016brists un nenodarbojies ar akt\u012bvo t\u016brismu, tad segveid\u012bgais gu\u013cammaiss ir rad\u012bts tie&scaron;i tev.<\/p>\n<p><strong>Izm\u0113rs\/Svars<\/strong><br \/>* Garums: 180cm.<br \/>* Platums: 75cm.<br \/>* Izm\u0113rs iepakot\u0101 veid\u0101: G34cm x D17cm.<br \/>* Tilpums: 7.7L.<br \/>* Svars: 900gr.<\/p>\n<p><strong>Komforta temperat\u016bra<\/strong><br \/>* Komforta: +11&deg;C.<br \/>* Limits: +7&deg;C.<br \/>* Ekstr\u012bms: -5&deg;C.<br \/>* Ieteicam\u0101 sezona: vasara, rudens.<\/p>\n<p><strong>Materi\u0101ls<\/strong><br \/>* \u0100r\u0113j\u0101 da\u013ca:&nbsp;185T poliesters.<br \/>* Iek&scaron;\u0113j\u0101 da\u013ca:&nbsp;185T elpojo&scaron;s poliesters.<br \/>* Pild\u012bjums: Dura Loft 70% poliesters, 30% doba poliestera &scaron;\u0137iedra, 1x200g\/m&sup2; + 1x200g\/m&sup2;.<\/p>\n<p><strong>Komforts<\/strong><br \/>* Ar r\u0101v\u0113jsl\u0113dz\u0113ju var savienot divus gu\u013cammaisus kop\u0101.<\/p>\n<p><strong>Kr\u0101sa<\/strong><br \/>* Kr\u0101sa: pel\u0113ka\/sarkana.<\/p>\n","protected":false},"excerpt":{"rendered":"<p>Ja m\u012bli ce\u013cot k\u0101 autot\u016brists un nenodarbojies ar akt\u012bvo t\u016brismu, tad segveid\u012bgais gu\u013cammaiss ir rad\u012bts tie&scaron;i tev. Izm\u0113rs\/Svars* Garums: 180cm.* Platums: 75cm.* Izm\u0113rs iepakot\u0101 veid\u0101: G34cm x D17cm.* Tilpums: 7.7L.* Svars: 900gr. Komforta temperat\u016bra* Komforta: +11&deg;C.* Limits: +7&deg;C.* Ekstr\u012bms: -5&deg;C.* Ieteicam\u0101 sezona: vasara, rudens. Materi\u0101ls* \u0100r\u0113j\u0101 da\u013ca:&nbsp;185T poliesters.* Iek&scaron;\u0113j\u0101 da\u013ca:&nbsp;185T elpojo&scaron;s poliesters.* Pild\u012bjums: Dura Loft [&hellip;]<\/p>\n","protected":false},"featured_media":74821,"template":"","meta":[],"product_brand":[963],"product_cat":[4961],"product_tag":[],"class_list":{"0":"post-80099","1":"product","2":"type-product","3":"status-publish","4":"has-post-thumbnail","6":"product_brand-high-peak","7":"product_cat-high-peak-sleeping-bags-sleeping-bags-for-tourism-recreation","9":"first","10":"instock","11":"shipping-taxable","12":"purchasable","13":"product-type-simple"},"_links":{"self":[{"href":"https:\/\/sezona.lv\/en\/wp-json\/wp\/v2\/product\/80099","targetHints":{"allow":["GET"]}}],"collection":[{"href":"https:\/\/sezona.lv\/en\/wp-json\/wp\/v2\/product"}],"about":[{"href":"https:\/\/sezona.lv\/en\/wp-json\/wp\/v2\/types\/product"}],"wp:featuredmedia":[{"embeddable":true,"href":"https:\/\/sezona.lv\/en\/wp-json\/wp\/v2\/media\/74821"}],"wp:attachment":[{"href":"https:\/\/sezona.lv\/en\/wp-json\/wp\/v2\/media?parent=80099"}],"wp:term":[{"taxonomy":"product_brand","embeddable":true,"href":"https:\/\/sezona.lv\/en\/wp-json\/wp\/v2\/product_brand?post=80099"},{"taxonomy":"product_cat","embeddable":true,"href":"https:\/\/sezona.lv\/en\/wp-json\/wp\/v2\/product_cat?post=80099"},{"taxonomy":"product_tag","embeddable":true,"href":"https:\/\/sezona.lv\/en\/wp-json\/wp\/v2\/product_tag?post=80099"}],"curies":[{"name":"wp","href":"https:\/\/api.w.org\/{rel}","templated":true}]}}