{"id":80100,"date":"2025-07-14T15:50:57","date_gmt":"2025-07-14T12:50:57","guid":{"rendered":"https:\/\/demo8.ecube.lv\/sezona.lv\/products\/odu-atbaiditajs-thermacell-halo-mrpsw\/"},"modified":"2025-07-14T15:50:57","modified_gmt":"2025-07-14T12:50:57","slug":"odu-atbaiditajs-thermacell-halo-mrpsw","status":"publish","type":"product","link":"https:\/\/sezona.lv\/en\/products\/odu-atbaiditajs-thermacell-halo-mrpsw\/","title":{"rendered":"Odu atbaid\u012bt\u0101js Thermacell Halo MRPSW"},"content":{"rendered":"<p>Odu atbaid\u012bt\u0101js Thermacell Halo MRPSW.<\/p>\n<p>&Scaron;\u012b kompakt\u0101, \u0113rti lietojam\u0101 un modern\u0101 pretodu ier\u012bce pal\u012bdz\u0113s atvair\u012bt odus un citus kukai\u0146us, k\u0101 ar\u012b izskat\u012bsies lieliski uz jebkuras terases vai d\u0101rza m\u0113beles.<\/p>\n<p>Ier\u012bcei darbojoties, t\u0101 izveido l\u012bdz pat 21 m&sup2; lielu aizsargzonu.<\/p>\n<p>&#8211; ide\u0101li piem\u0113rota d\u0101rza sv\u0113tku, pikniku vai jebkuras citas izklaides laik\u0101 br\u012bv\u0101 dab\u0101;<\/p>\n<p>&#8211; darbojas bez atkl\u0101tas liesmas, neveido d\u016bmus;<\/p>\n<p>&#8211; ietver integr\u0113tu pretodu ielikt\u0146u uzglab\u0101&scaron;anas nodal\u012bjumu;<\/p>\n<p>&#8211; nedarbojas k\u0101 smar\u017e\u012bgs losjons, izsmidzin\u0101t\u0101js vai e\u013c\u013ca;<\/p>\n<p>&#8211; kompakts, viegli p\u0101rn\u0113s\u0101jams;<\/p>\n<p>&#8211; svars 0.3 kg;<\/p>\n<p>&#8211; darbojas ar vienu g\u0101zes (but\u0101na) baloni\u0146u;<\/p>\n<p>&#8211; kluss iesl\u0113g&scaron;anas\/izsl\u0113g&scaron;anas sl\u0113dzis.<\/p>\n<p>Komplekt\u0101: 1 pretodu l\u012bdzeklis, 1 g\u0101zes (but\u0101na) balons (darbojas l\u012bdz pat 12 stund\u0101m), 3 pretodu ielikt\u0146i (katrs darbojas l\u012bdz pat 4 stund\u0101m).<\/p>\n<p>Papildus rekomend\u0113jam ieg\u0101d\u0101ties:<br \/>&#8211; pretodu mai\u0146as ielikt\u0146u un g\u0101zes baloni\u0146u komplektu.<\/p>\n","protected":false},"excerpt":{"rendered":"<p>Odu atbaid\u012bt\u0101js Thermacell Halo MRPSW. &Scaron;\u012b kompakt\u0101, \u0113rti lietojam\u0101 un modern\u0101 pretodu ier\u012bce pal\u012bdz\u0113s atvair\u012bt odus un citus kukai\u0146us, k\u0101 ar\u012b izskat\u012bsies lieliski uz jebkuras terases vai d\u0101rza m\u0113beles. Ier\u012bcei darbojoties, t\u0101 izveido l\u012bdz pat 21 m&sup2; lielu aizsargzonu. &#8211; ide\u0101li piem\u0113rota d\u0101rza sv\u0113tku, pikniku vai jebkuras citas izklaides laik\u0101 br\u012bv\u0101 dab\u0101; &#8211; darbojas bez [&hellip;]<\/p>\n","protected":false},"featured_media":0,"template":"","meta":[],"product_brand":[],"product_cat":[4558,4640,5008],"product_tag":[],"class_list":{"0":"post-80100","1":"product","2":"type-product","3":"status-publish","5":"product_cat-for-tourism-recreation","6":"product_cat-recreation","7":"product_cat-protective-equipment-for-tourism-recreation","9":"first","10":"instock","11":"shipping-taxable","12":"purchasable","13":"product-type-simple"},"_links":{"self":[{"href":"https:\/\/sezona.lv\/en\/wp-json\/wp\/v2\/product\/80100","targetHints":{"allow":["GET"]}}],"collection":[{"href":"https:\/\/sezona.lv\/en\/wp-json\/wp\/v2\/product"}],"about":[{"href":"https:\/\/sezona.lv\/en\/wp-json\/wp\/v2\/types\/product"}],"wp:attachment":[{"href":"https:\/\/sezona.lv\/en\/wp-json\/wp\/v2\/media?parent=80100"}],"wp:term":[{"taxonomy":"product_brand","embeddable":true,"href":"https:\/\/sezona.lv\/en\/wp-json\/wp\/v2\/product_brand?post=80100"},{"taxonomy":"product_cat","embeddable":true,"href":"https:\/\/sezona.lv\/en\/wp-json\/wp\/v2\/product_cat?post=80100"},{"taxonomy":"product_tag","embeddable":true,"href":"https:\/\/sezona.lv\/en\/wp-json\/wp\/v2\/product_tag?post=80100"}],"curies":[{"name":"wp","href":"https:\/\/api.w.org\/{rel}","templated":true}]}}