{"id":80101,"date":"2025-07-11T17:20:53","date_gmt":"2025-07-11T14:20:53","guid":{"rendered":"https:\/\/demo8.ecube.lv\/sezona.lv\/products\/odu-atbaiditajs-thermacell-e55x\/"},"modified":"2025-07-14T15:50:58","modified_gmt":"2025-07-14T12:50:58","slug":"odu-atbaiditajs-thermacell-e55x","status":"publish","type":"product","link":"https:\/\/sezona.lv\/en\/products\/odu-atbaiditajs-thermacell-e55x\/","title":{"rendered":"Odu atbaid\u012bt\u0101js Thermacell E55X"},"content":{"rendered":"<p>Thermacell Pretodu ier\u012bce E55X (E55X&amp;TC).<\/p>\n<p>Ar vienu pogas piesk\u0101rienu m\u0113s varam aptur\u0113t visliel\u0101ko odu uzbrukumu.<\/p>\n<p>Jaunais akumulatora Thermacell pretodu ier\u012bce darbosies ilgi, lieliska efektivit\u0101te un \u0113rta lieto&scaron;ana.<\/p>\n<p>Pretodu ier\u012bce E55 ir viegli lietojama, atk\u0101rtoti uzl\u0101d\u0113jama, t\u0101 darbojas bez smar\u017eas un ir kompakta.<\/p>\n<p>Darbojas ar litija jonu akumulatoru, nevis ar Thermacell g\u0101zes k\u0101rtrid\u017eiem.<\/p>\n<p>T\u0101s priek&scaron;g\u0101j\u0113js &#8211; Radius tika atzits par Popul\u0101r\u0101s zin\u0101tnes 2018. gada Liel\u0101s balvas ieguv\u0113ju BOWN kategorij\u0101 (Lab\u0101kais jaunizgudrojums)!<\/p>\n<p>* Vienk\u0101r&scaron;i nospiediet pogu. Iesledziet to un odu J\u016bsu tuvum\u0101 vairs nav!<\/p>\n<p>* Pretodu iek\u0101rta darbojas bez kait\u012bg\u0101m viel\u0101m, kuras var kait\u0113t \u0101dai, k\u0101, piem\u0113ram, aerosoli vai losjoni. Bez DEET un smar\u017eas.<\/p>\n<p>* Var l\u012bdz \u0146emt ar\u012b lidojumos un \u013coti viegli parn\u0113s\u0101jams. Darbojas jebkur\u0101 augstum\u0101.<\/p>\n<p>* Darbojas 6,5+ stundas ar vienu uzl\u0101di un darbosies ar\u012b l\u0101d\u0113&scaron;anas laik\u0101. Piln\u012bb\u0101 uzl\u0101d\u0113jas 5 stundu laik\u0101.<\/p>\n<p>* Nodro&scaron;in\u0101s v\u0113lamo rezult\u0101tu l\u012bdz pat 40 stund\u0101m ar vienu k\u0101rtrid\u017eu (to nepiecie&scaron;ams ieg\u0101d\u0101ties papildus).<\/p>\n<p>* Aizsarg\u0101s l\u012bdz 20 m&sup2; liel\u0101 plat\u012bb\u0101. Iztur\u012bgs, kompakts un jaud\u012bgs.<\/p>\n<p>* Iepakojum\u0101 ietilpst: E55 pretodu ier\u012bce, 12 stundu uzpildes kartrid\u017es 1gb., USB l\u0101d\u0113&scaron;anas vads. Iepakojum\u0101 ir akumulatora darb\u012bbas laiika indikators.<\/p>\n<p>* SVAR\u012aGA INFORM\u0100CIJA: L\u016bdzu piln\u012bb\u0101 uzl\u0101dejiet ier\u012bci pirms ilg\u0101kas glab\u0101&scaron;anas.<\/p>\n<p>Akt\u012bv\u0101 sast\u0101vda\u013ca: Metoflutrins\/Pralletrins;<br \/>Mont\u0101\u017eas deta\u013cas: Nav nepiecie&scaron;ama;<br \/>Akumulators: Ieb\u016bv\u0113ts uzl\u0101d\u0113jams litija jonu akumulators;<br \/>Izm\u0113ri: 7,4 x 7,4 x 8,8 cm (garums x platums x augstums);<br \/>Darb\u012bbas ilgums: 12 stundas;<br \/>Mode\u013ca numurs: E55XI;<br \/>Svars (kg): 0,181;<br \/><strong>Aizsardz\u012bbas plat\u012bba: 29 m&sup2;.<\/strong><\/p>\n","protected":false},"excerpt":{"rendered":"<p>Thermacell Pretodu ier\u012bce E55X (E55X&amp;TC). Ar vienu pogas piesk\u0101rienu m\u0113s varam aptur\u0113t visliel\u0101ko odu uzbrukumu. Jaunais akumulatora Thermacell pretodu ier\u012bce darbosies ilgi, lieliska efektivit\u0101te un \u0113rta lieto&scaron;ana. Pretodu ier\u012bce E55 ir viegli lietojama, atk\u0101rtoti uzl\u0101d\u0113jama, t\u0101 darbojas bez smar\u017eas un ir kompakta. Darbojas ar litija jonu akumulatoru, nevis ar Thermacell g\u0101zes k\u0101rtrid\u017eiem. T\u0101s priek&scaron;g\u0101j\u0113js &#8211; [&hellip;]<\/p>\n","protected":false},"featured_media":74832,"template":"","meta":[],"product_brand":[],"product_cat":[4558,5008],"product_tag":[],"class_list":{"0":"post-80101","1":"product","2":"type-product","3":"status-publish","4":"has-post-thumbnail","6":"product_cat-for-tourism-recreation","7":"product_cat-protective-equipment-for-tourism-recreation","9":"first","10":"instock","11":"shipping-taxable","12":"purchasable","13":"product-type-simple"},"_links":{"self":[{"href":"https:\/\/sezona.lv\/en\/wp-json\/wp\/v2\/product\/80101","targetHints":{"allow":["GET"]}}],"collection":[{"href":"https:\/\/sezona.lv\/en\/wp-json\/wp\/v2\/product"}],"about":[{"href":"https:\/\/sezona.lv\/en\/wp-json\/wp\/v2\/types\/product"}],"wp:featuredmedia":[{"embeddable":true,"href":"https:\/\/sezona.lv\/en\/wp-json\/wp\/v2\/media\/74832"}],"wp:attachment":[{"href":"https:\/\/sezona.lv\/en\/wp-json\/wp\/v2\/media?parent=80101"}],"wp:term":[{"taxonomy":"product_brand","embeddable":true,"href":"https:\/\/sezona.lv\/en\/wp-json\/wp\/v2\/product_brand?post=80101"},{"taxonomy":"product_cat","embeddable":true,"href":"https:\/\/sezona.lv\/en\/wp-json\/wp\/v2\/product_cat?post=80101"},{"taxonomy":"product_tag","embeddable":true,"href":"https:\/\/sezona.lv\/en\/wp-json\/wp\/v2\/product_tag?post=80101"}],"curies":[{"name":"wp","href":"https:\/\/api.w.org\/{rel}","templated":true}]}}